{"id":465,"date":"2021-01-13T19:31:09","date_gmt":"2021-01-13T19:31:09","guid":{"rendered":"https:\/\/novo2.drandremansano.com.br\/dor-lombar-copy\/"},"modified":"2021-01-13T19:31:09","modified_gmt":"2021-01-13T19:31:09","slug":"dor-facetaria-lombar","status":"publish","type":"page","link":"https:\/\/drandremansano.com.br\/index.php\/dor-facetaria-lombar\/","title":{"rendered":"Dor facet\u00e1ria lombar"},"content":{"rendered":"\t\t<div data-elementor-type=\"wp-page\" data-elementor-id=\"465\" class=\"elementor elementor-465\">\n\t\t\t\t\t\t<section class=\"elementor-section elementor-top-section elementor-element elementor-element-3131c251 elementor-section-boxed elementor-section-height-default elementor-section-height-default wpr-particle-no wpr-jarallax-no wpr-parallax-no wpr-sticky-section-no wpr-equal-height-no\" data-id=\"3131c251\" data-element_type=\"section\" data-settings=\"{&quot;background_background&quot;:&quot;classic&quot;}\">\n\t\t\t\t\t\t<div class=\"elementor-container elementor-column-gap-default\">\n\t\t\t\t\t<div class=\"elementor-column elementor-col-50 elementor-top-column elementor-element elementor-element-3a1b709a\" data-id=\"3a1b709a\" data-element_type=\"column\">\n\t\t\t<div class=\"elementor-widget-wrap elementor-element-populated\">\n\t\t\t\t\t\t<div class=\"elementor-element elementor-element-15502c96 elementor-widget elementor-widget-image\" data-id=\"15502c96\" data-element_type=\"widget\" data-widget_type=\"image.default\">\n\t\t\t\t<div class=\"elementor-widget-container\">\n\t\t\t\t\t\t\t\t\t\t\t\t\t<img decoding=\"async\" width=\"69\" height=\"79\" src=\"https:\/\/drandremansano.com.br\/wp-content\/uploads\/2021\/02\/dor-lombar.png\" class=\"attachment-large size-large wp-image-1536\" alt=\"\" \/>\t\t\t\t\t\t\t\t\t\t\t\t\t<\/div>\n\t\t\t\t<\/div>\n\t\t\t\t\t<\/div>\n\t\t<\/div>\n\t\t\t\t<div class=\"elementor-column elementor-col-50 elementor-top-column elementor-element elementor-element-4b86adda\" data-id=\"4b86adda\" data-element_type=\"column\">\n\t\t\t<div class=\"elementor-widget-wrap elementor-element-populated\">\n\t\t\t\t\t\t<div class=\"elementor-element elementor-element-c03c882 elementor-widget elementor-widget-heading\" data-id=\"c03c882\" data-element_type=\"widget\" data-widget_type=\"heading.default\">\n\t\t\t\t<div class=\"elementor-widget-container\">\n\t\t\t<h2 class=\"elementor-heading-title elementor-size-default\">\nDOR FACET\u00c1RIA LOMBAR<\/h2>\t\t<\/div>\n\t\t\t\t<\/div>\n\t\t\t\t\t<\/div>\n\t\t<\/div>\n\t\t\t\t\t<\/div>\n\t\t<\/section>\n\t\t\t\t<section class=\"elementor-section elementor-top-section elementor-element elementor-element-67e77dd elementor-section-boxed elementor-section-height-default elementor-section-height-default wpr-particle-no wpr-jarallax-no wpr-parallax-no wpr-sticky-section-no wpr-equal-height-no\" data-id=\"67e77dd\" data-element_type=\"section\" data-settings=\"{&quot;background_background&quot;:&quot;classic&quot;}\">\n\t\t\t\t\t\t<div class=\"elementor-container elementor-column-gap-default\">\n\t\t\t\t\t<div class=\"elementor-column elementor-col-100 elementor-top-column elementor-element elementor-element-249d4980\" data-id=\"249d4980\" data-element_type=\"column\">\n\t\t\t<div class=\"elementor-widget-wrap elementor-element-populated\">\n\t\t\t\t\t\t<section class=\"elementor-section elementor-inner-section elementor-element elementor-element-6dad00d8 elementor-section-boxed elementor-section-height-default elementor-section-height-default wpr-particle-no wpr-jarallax-no wpr-parallax-no wpr-sticky-section-no wpr-equal-height-no\" data-id=\"6dad00d8\" data-element_type=\"section\">\n\t\t\t\t\t\t<div class=\"elementor-container elementor-column-gap-default\">\n\t\t\t\t\t<div class=\"elementor-column elementor-col-50 elementor-inner-column elementor-element elementor-element-618440b\" data-id=\"618440b\" data-element_type=\"column\" data-settings=\"{&quot;background_background&quot;:&quot;classic&quot;}\">\n\t\t\t<div class=\"elementor-widget-wrap elementor-element-populated\">\n\t\t\t\t\t\t<div class=\"elementor-element elementor-element-43b1fb7a elementor-widget-divider--view-line elementor-widget elementor-widget-divider\" data-id=\"43b1fb7a\" data-element_type=\"widget\" data-widget_type=\"divider.default\">\n\t\t\t\t<div class=\"elementor-widget-container\">\n\t\t\t\t\t<div class=\"elementor-divider\">\n\t\t\t<span class=\"elementor-divider-separator\">\n\t\t\t\t\t\t<\/span>\n\t\t<\/div>\n\t\t\t\t<\/div>\n\t\t\t\t<\/div>\n\t\t\t\t<div class=\"elementor-element elementor-element-c4173f9 elementor-widget elementor-widget-text-editor\" data-id=\"c4173f9\" data-element_type=\"widget\" data-widget_type=\"text-editor.default\">\n\t\t\t\t<div class=\"elementor-widget-container\">\n\t\t\t\t\t\t\t<p><span style=\"font-weight: 400;\">\u201cEstima-se que at\u00e9 30% dos casos de dores lombares cr\u00f4nicas sejam causadas pela artrose entre as v\u00e9rtebras da coluna lombar\u201d<\/span><\/p>\t\t\t\t\t\t<\/div>\n\t\t\t\t<\/div>\n\t\t\t\t\t<\/div>\n\t\t<\/div>\n\t\t\t\t<div class=\"elementor-column elementor-col-50 elementor-inner-column elementor-element elementor-element-65fcecc7\" data-id=\"65fcecc7\" data-element_type=\"column\">\n\t\t\t<div class=\"elementor-widget-wrap\">\n\t\t\t\t\t\t\t<\/div>\n\t\t<\/div>\n\t\t\t\t\t<\/div>\n\t\t<\/section>\n\t\t\t\t\t<\/div>\n\t\t<\/div>\n\t\t\t\t\t<\/div>\n\t\t<\/section>\n\t\t\t\t<section class=\"elementor-section elementor-top-section elementor-element elementor-element-27ff7807 elementor-section-boxed elementor-section-height-default elementor-section-height-default wpr-particle-no wpr-jarallax-no wpr-parallax-no wpr-sticky-section-no wpr-equal-height-no\" data-id=\"27ff7807\" data-element_type=\"section\">\n\t\t\t\t\t\t\t<div class=\"elementor-background-overlay\"><\/div>\n\t\t\t\t\t\t\t<div class=\"elementor-container elementor-column-gap-default\">\n\t\t\t\t\t<div class=\"elementor-column elementor-col-50 elementor-top-column elementor-element elementor-element-3c652172\" data-id=\"3c652172\" data-element_type=\"column\">\n\t\t\t<div class=\"elementor-widget-wrap elementor-element-populated\">\n\t\t\t\t\t\t<div class=\"elementor-element elementor-element-43726185 elementor-widget elementor-widget-image\" data-id=\"43726185\" data-element_type=\"widget\" data-widget_type=\"image.default\">\n\t\t\t\t<div class=\"elementor-widget-container\">\n\t\t\t\t\t\t\t\t\t\t\t\t\t<img fetchpriority=\"high\" decoding=\"async\" width=\"655\" height=\"811\" src=\"https:\/\/drandremansano.com.br\/wp-content\/uploads\/2021\/01\/dor-facetaria-lombar-002.jpg\" class=\"attachment-large size-large wp-image-836\" alt=\"\" srcset=\"https:\/\/drandremansano.com.br\/wp-content\/uploads\/2021\/01\/dor-facetaria-lombar-002.jpg 655w, https:\/\/drandremansano.com.br\/wp-content\/uploads\/2021\/01\/dor-facetaria-lombar-002-242x300.jpg 242w\" sizes=\"(max-width: 655px) 100vw, 655px\" \/>\t\t\t\t\t\t\t\t\t\t\t\t\t<\/div>\n\t\t\t\t<\/div>\n\t\t\t\t\t<\/div>\n\t\t<\/div>\n\t\t\t\t<div class=\"elementor-column elementor-col-50 elementor-top-column elementor-element elementor-element-e105ce7\" data-id=\"e105ce7\" data-element_type=\"column\">\n\t\t\t<div class=\"elementor-widget-wrap elementor-element-populated\">\n\t\t\t\t\t\t<div class=\"elementor-element elementor-element-f480a93 elementor-widget-divider--view-line elementor-widget elementor-widget-divider\" data-id=\"f480a93\" data-element_type=\"widget\" data-widget_type=\"divider.default\">\n\t\t\t\t<div class=\"elementor-widget-container\">\n\t\t\t\t\t<div class=\"elementor-divider\">\n\t\t\t<span class=\"elementor-divider-separator\">\n\t\t\t\t\t\t<\/span>\n\t\t<\/div>\n\t\t\t\t<\/div>\n\t\t\t\t<\/div>\n\t\t\t\t<div class=\"elementor-element elementor-element-377caa96 elementor-widget elementor-widget-heading\" data-id=\"377caa96\" data-element_type=\"widget\" data-widget_type=\"heading.default\">\n\t\t\t\t<div class=\"elementor-widget-container\">\n\t\t\t<h2 class=\"elementor-heading-title elementor-size-default\">o que se sabe sobre a dor FACET\u00c1RIA LOMBAR <\/h2>\t\t<\/div>\n\t\t\t\t<\/div>\n\t\t\t\t<div class=\"elementor-element elementor-element-1b36baa7 elementor-widget elementor-widget-toggle\" data-id=\"1b36baa7\" data-element_type=\"widget\" data-widget_type=\"toggle.default\">\n\t\t\t\t<div class=\"elementor-widget-container\">\n\t\t\t\t\t<div class=\"elementor-toggle\">\n\t\t\t\t\t\t\t<div class=\"elementor-toggle-item\">\n\t\t\t\t\t<div id=\"elementor-tab-title-4561\" class=\"elementor-tab-title\" data-tab=\"1\" role=\"button\" aria-controls=\"elementor-tab-content-4561\" aria-expanded=\"false\">\n\t\t\t\t\t\t\t\t\t\t\t\t<span class=\"elementor-toggle-icon elementor-toggle-icon-right\" aria-hidden=\"true\">\n\t\t\t\t\t\t\t\t\t\t\t\t\t\t\t<span class=\"elementor-toggle-icon-closed\"><i class=\"fas fa-plus-circle\"><\/i><\/span>\n\t\t\t\t\t\t\t\t<span class=\"elementor-toggle-icon-opened\"><i class=\"elementor-toggle-icon-opened fas fa-plus\"><\/i><\/span>\n\t\t\t\t\t\t\t\t\t\t\t\t\t<\/span>\n\t\t\t\t\t\t\t\t\t\t\t\t<a class=\"elementor-toggle-title\" tabindex=\"0\">O QUE S\u00c3O AS FACETAS LOMBARES<\/a>\n\t\t\t\t\t<\/div>\n\n\t\t\t\t\t<div id=\"elementor-tab-content-4561\" class=\"elementor-tab-content elementor-clearfix\" data-tab=\"1\" role=\"region\" aria-labelledby=\"elementor-tab-title-4561\"><p><span style=\"font-weight: 400;\">Facetas lombares s\u00e3o as articula\u00e7\u00f5es entre as v\u00e9rtebras da coluna. Elas est\u00e3o presentes na regi\u00e3o cervical, tor\u00e1cica e lombar, aqui falaremos sobre as facetas lombares.<\/span><\/p><p><span style=\"font-weight: 400;\">As facetas lombares s\u00e3o articula\u00e7\u00f5es como todas as outras, contendo cartilagem, uma c\u00e1psula e l\u00edquido no seu interior\u00a0 como t\u00eam as articula\u00e7\u00f5es dos joelhos, quadris, etc.<\/span><\/p><p><img decoding=\"async\" src=\"https:\/\/drandremansano.com.br\/wp-content\/uploads\/2021\/02\/Facetas-lombares_01-1.jpeg\" \/><\/p><p>\u00a0<\/p><p><span style=\"font-weight: 400;\">Portanto, tamb\u00e9m est\u00e3o sujeitas a processos de degenera\u00e7\u00e3o e artrose. E quando isso acontece podem provocar dores lombares.<\/span><\/p><\/div>\n\t\t\t\t<\/div>\n\t\t\t\t\t\t\t<div class=\"elementor-toggle-item\">\n\t\t\t\t\t<div id=\"elementor-tab-title-4562\" class=\"elementor-tab-title\" data-tab=\"2\" role=\"button\" aria-controls=\"elementor-tab-content-4562\" aria-expanded=\"false\">\n\t\t\t\t\t\t\t\t\t\t\t\t<span class=\"elementor-toggle-icon elementor-toggle-icon-right\" aria-hidden=\"true\">\n\t\t\t\t\t\t\t\t\t\t\t\t\t\t\t<span class=\"elementor-toggle-icon-closed\"><i class=\"fas fa-plus-circle\"><\/i><\/span>\n\t\t\t\t\t\t\t\t<span class=\"elementor-toggle-icon-opened\"><i class=\"elementor-toggle-icon-opened fas fa-plus\"><\/i><\/span>\n\t\t\t\t\t\t\t\t\t\t\t\t\t<\/span>\n\t\t\t\t\t\t\t\t\t\t\t\t<a class=\"elementor-toggle-title\" tabindex=\"0\">COMO S\u00c3O AS DORES ORIGINADAS DAS FACETAS LOMBARES?<\/a>\n\t\t\t\t\t<\/div>\n\n\t\t\t\t\t<div id=\"elementor-tab-content-4562\" class=\"elementor-tab-content elementor-clearfix\" data-tab=\"2\" role=\"region\" aria-labelledby=\"elementor-tab-title-4562\"><p><span style=\"font-weight: 400;\">As dores das facetas lombares podem ser bastante variadas. T\u00edpicamente o paciente refere dores na regi\u00e3o lombar baixa que pode se manifestar tamb\u00e9m na regi\u00e3o glutea ou parte posterior da coxa. <\/span><\/p><p><img decoding=\"async\" class=\"aligncenter\" src=\"https:\/\/drandremansano.com.br\/wp-content\/uploads\/2021\/02\/Facetas-lombares_02.jpeg\" \/><\/p><p><span style=\"font-weight: 400;\">Em alguns casos a dor pode at\u00e9 descer at\u00e9 os p\u00e9s.<\/span><\/p><p><span style=\"font-weight: 400;\">Alguns pacientes referem dores mais intensas ao sairem da cama pela manha ou ao levantar ap\u00f3s muito tempo deitados ou sentados (ex. sair do carro depois de alguma viagem). N\u00e3o raro virar-se na cama acaba sendo bastante desconfort\u00e1vel. Muitos relatam exacerba\u00e7\u00e3o do quadro doloroso ao colocar as costas para tr\u00e1s, em um movimento que chamamos de extens\u00e3o da coluna lombar.<\/span><\/p><\/div>\n\t\t\t\t<\/div>\n\t\t\t\t\t\t\t<div class=\"elementor-toggle-item\">\n\t\t\t\t\t<div id=\"elementor-tab-title-4563\" class=\"elementor-tab-title\" data-tab=\"3\" role=\"button\" aria-controls=\"elementor-tab-content-4563\" aria-expanded=\"false\">\n\t\t\t\t\t\t\t\t\t\t\t\t<span class=\"elementor-toggle-icon elementor-toggle-icon-right\" aria-hidden=\"true\">\n\t\t\t\t\t\t\t\t\t\t\t\t\t\t\t<span class=\"elementor-toggle-icon-closed\"><i class=\"fas fa-plus-circle\"><\/i><\/span>\n\t\t\t\t\t\t\t\t<span class=\"elementor-toggle-icon-opened\"><i class=\"elementor-toggle-icon-opened fas fa-plus\"><\/i><\/span>\n\t\t\t\t\t\t\t\t\t\t\t\t\t<\/span>\n\t\t\t\t\t\t\t\t\t\t\t\t<a class=\"elementor-toggle-title\" tabindex=\"0\">COMO \u00c9 FEITO O DIAGN\u00d3STICO?<\/a>\n\t\t\t\t\t<\/div>\n\n\t\t\t\t\t<div id=\"elementor-tab-content-4563\" class=\"elementor-tab-content elementor-clearfix\" data-tab=\"3\" role=\"region\" aria-labelledby=\"elementor-tab-title-4563\"><p><span style=\"font-weight: 400;\">O diagn\u00f3stico da dor facet\u00e1ria \u00e9 feito atrav\u00e9s da an\u00e1lise da hist\u00f3ria cl\u00ednica (caracter\u00edsticas da dor), exame f\u00edsico (usualmente o paciente tem dor quando palpamos a regi\u00e3o das articula\u00e7\u00f5es) e da resson\u00e2ncia nuclear magn\u00e9tica.<\/span><\/p><p><span style=\"font-weight: 400;\">A an\u00e1lise da resson\u00e2ncia deve ser feita com cautela pois sabemos que in\u00fameros pacientes t\u00eam altera\u00e7\u00f5es facet\u00e1rias sem que isso seja causa de dor.<\/span><\/p><p><img decoding=\"async\" src=\"https:\/\/drandremansano.com.br\/wp-content\/uploads\/2021\/02\/Facetas-lombares_03.jpeg\" \/><\/p><p><span style=\"font-weight: 400;\">Em alguns casos espec\u00edficos lan\u00e7amos m\u00e3o de um bloqueio diagn\u00f3stico. Para isso \u00e9 realizada uma infiltra\u00e7\u00e3o de anest\u00e9sico dentro da articula\u00e7\u00e3o com posterior avalia\u00e7\u00e3o da dor do paciente. <\/span><\/p><p><img decoding=\"async\" src=\"https:\/\/drandremansano.com.br\/wp-content\/uploads\/2021\/02\/Facetas-lombares_04-1.jpeg\" \/><\/p><p><span style=\"font-weight: 400;\">Caso o paciente tenha melhora das dores podemos dizer com maior grau de certeza que de fato as dores vinham dessas pequenas artiula\u00e7\u00f5es. \u00c9 fundamental que esse procedimento seja realizado em um ambiente de centro cir\u00fargico pois a agulha precisa ser introduzida guiada por um raio-x espec\u00edfico.<\/span><\/p><\/div>\n\t\t\t\t<\/div>\n\t\t\t\t\t\t\t<div class=\"elementor-toggle-item\">\n\t\t\t\t\t<div id=\"elementor-tab-title-4564\" class=\"elementor-tab-title\" data-tab=\"4\" role=\"button\" aria-controls=\"elementor-tab-content-4564\" aria-expanded=\"false\">\n\t\t\t\t\t\t\t\t\t\t\t\t<span class=\"elementor-toggle-icon elementor-toggle-icon-right\" aria-hidden=\"true\">\n\t\t\t\t\t\t\t\t\t\t\t\t\t\t\t<span class=\"elementor-toggle-icon-closed\"><i class=\"fas fa-plus-circle\"><\/i><\/span>\n\t\t\t\t\t\t\t\t<span class=\"elementor-toggle-icon-opened\"><i class=\"elementor-toggle-icon-opened fas fa-plus\"><\/i><\/span>\n\t\t\t\t\t\t\t\t\t\t\t\t\t<\/span>\n\t\t\t\t\t\t\t\t\t\t\t\t<a class=\"elementor-toggle-title\" tabindex=\"0\">COMO \u00c9 FEITO O TRATAMENTO<\/a>\n\t\t\t\t\t<\/div>\n\n\t\t\t\t\t<div id=\"elementor-tab-content-4564\" class=\"elementor-tab-content elementor-clearfix\" data-tab=\"4\" role=\"region\" aria-labelledby=\"elementor-tab-title-4564\"><p><span style=\"font-weight: 400;\">O tratamento de pacientes com dores lombares vai depender, logicamente, da causa espec\u00edfica.<\/span><\/p><p><span style=\"font-weight: 400;\">Como linhas gerais seguimos uma esp\u00e9cie de escada analg\u00e9sica, onde aumentamos a pot\u00eancia dos nossos m\u00e9todos analg\u00e9sicos a depender da intensidade da dor do paciente.<\/span><\/p><p><img decoding=\"async\" src=\"https:\/\/drandremansano.com.br\/wp-content\/uploads\/2021\/02\/Facetas-lombares_05-1.jpeg\" \/><\/p><p><span style=\"font-weight: 400;\">Sempre optamos por tratamentos com menor possibilidade de complica\u00e7\u00f5es.<\/span><\/p><p><span style=\"font-weight: 400;\">Como linhas gerais no in\u00edcio utilizamos analg\u00e9sicos espec\u00edficos e uma fisioterapia especializadas. Em casos de falha nesse tipo de tratamento come\u00e7amos a pensar em procedimentos intervencionistas a depender da causa da dor.<\/span><\/p><p><span style=\"font-weight: 400;\">Vamos usar um paciente com h\u00e9rnia de disco como exemplo. O tratamento b\u00e1sico para esse tipo de paciente \u00e9 a fisioterapia e uso de alguns medicamentos analg\u00e9sicos. Quando isso n\u00e3o resolvia o problema o paciente era automaticamente encaminhado para a cirurgia. Hoje n\u00e3o \u00e9 mais assim, h\u00e1 in\u00fameros tratamentos menos invasivos do que a cirurgia. Por exemplo, podemos colocar uma agulha fininha ao redor do nervo comprimido pela h\u00e9rnia e injetar uma subst\u00e2ncia anest\u00e9sica e anti-inflamat\u00f3ria (a dor da h\u00e9rnia ocorre porque h\u00e1 uma compress\u00e3o do nervo que desce para a perna). Esse tipo de procedimento associado \u00e0 fisioterapia reduz a necessidade de cirurgias em 80%, segundo estudos cient\u00edficos. Outra op\u00e7\u00e3o seria retirar parte da h\u00e9rnia com uso de dispositivos espec\u00edficos, sem necessidade de cortes ,sem necessidade de interna\u00e7\u00e3o ou de anestesia geral.<\/span><\/p><p><span style=\"font-weight: 400;\">Na barra de t\u00f3picos voc\u00eas encontrar\u00e3o explica\u00e7\u00f5es sobre cada tipo de dor lombar.<\/span><\/p><\/div>\n\t\t\t\t<\/div>\n\t\t\t\t\t\t\t\t<\/div>\n\t\t\t\t<\/div>\n\t\t\t\t<\/div>\n\t\t\t\t\t<\/div>\n\t\t<\/div>\n\t\t\t\t\t<\/div>\n\t\t<\/section>\n\t\t\t\t<\/div>\n\t\t","protected":false},"excerpt":{"rendered":"<p>DOR FACET\u00c1RIA LOMBAR \u201cEstima-se que at\u00e9 30% dos casos de dores lombares cr\u00f4nicas sejam causadas pela artrose entre as v\u00e9rtebras da coluna lombar\u201d o que se sabe sobre a dor FACET\u00c1RIA LOMBAR O QUE S\u00c3O AS FACETAS LOMBARES Facetas lombares s\u00e3o as articula\u00e7\u00f5es entre as v\u00e9rtebras da coluna. Elas est\u00e3o presentes na regi\u00e3o cervical, tor\u00e1cica e lombar, aqui falaremos sobre as facetas lombares. As facetas lombares s\u00e3o articula\u00e7\u00f5es como todas as outras, contendo cartilagem, uma c\u00e1psula e l\u00edquido no seu interior\u00a0 como t\u00eam as articula\u00e7\u00f5es dos joelhos, quadris, etc. \u00a0 Portanto, tamb\u00e9m est\u00e3o sujeitas a processos de degenera\u00e7\u00e3o e artrose. E quando isso acontece podem provocar dores lombares. COMO S\u00c3O AS DORES ORIGINADAS DAS FACETAS LOMBARES? As dores das facetas lombares podem ser bastante variadas. T\u00edpicamente o paciente refere dores na regi\u00e3o lombar baixa que pode se manifestar tamb\u00e9m na regi\u00e3o glutea ou parte posterior da coxa. Em alguns casos a dor pode at\u00e9 descer at\u00e9 os p\u00e9s. Alguns pacientes referem dores mais intensas ao sairem da cama pela manha ou ao levantar ap\u00f3s muito tempo deitados ou sentados (ex. sair do carro depois de alguma viagem). N\u00e3o raro virar-se na cama acaba sendo bastante desconfort\u00e1vel. Muitos relatam exacerba\u00e7\u00e3o do quadro doloroso ao colocar as costas para tr\u00e1s, em um movimento que chamamos de extens\u00e3o da coluna lombar. COMO \u00c9 FEITO O DIAGN\u00d3STICO? O diagn\u00f3stico da dor facet\u00e1ria \u00e9 feito atrav\u00e9s da an\u00e1lise da hist\u00f3ria cl\u00ednica (caracter\u00edsticas da dor), exame f\u00edsico (usualmente o paciente tem dor quando palpamos a regi\u00e3o das articula\u00e7\u00f5es) e da resson\u00e2ncia nuclear magn\u00e9tica. A an\u00e1lise da resson\u00e2ncia deve ser feita com cautela pois sabemos que in\u00fameros pacientes t\u00eam altera\u00e7\u00f5es facet\u00e1rias sem que isso seja causa de dor. Em alguns casos espec\u00edficos lan\u00e7amos m\u00e3o de um bloqueio diagn\u00f3stico. Para isso \u00e9 realizada uma infiltra\u00e7\u00e3o de anest\u00e9sico dentro da articula\u00e7\u00e3o com posterior avalia\u00e7\u00e3o da dor do paciente. Caso o paciente tenha melhora das dores podemos dizer com maior grau de certeza que de fato as dores vinham dessas pequenas artiula\u00e7\u00f5es. \u00c9 fundamental que esse procedimento seja realizado em um ambiente de centro cir\u00fargico pois a agulha precisa ser introduzida guiada por um raio-x espec\u00edfico. COMO \u00c9 FEITO O TRATAMENTO O tratamento de pacientes com dores lombares vai depender, logicamente, da causa espec\u00edfica. Como linhas gerais seguimos uma esp\u00e9cie de escada analg\u00e9sica, onde aumentamos a pot\u00eancia dos nossos m\u00e9todos analg\u00e9sicos a depender da intensidade da dor do paciente. Sempre optamos por tratamentos com menor possibilidade de complica\u00e7\u00f5es. Como linhas gerais no in\u00edcio utilizamos analg\u00e9sicos espec\u00edficos e uma fisioterapia especializadas. Em casos de falha nesse tipo de tratamento come\u00e7amos a pensar em procedimentos intervencionistas a depender da causa da dor. Vamos usar um paciente com h\u00e9rnia de disco como exemplo. O tratamento b\u00e1sico para esse tipo de paciente \u00e9 a fisioterapia e uso de alguns medicamentos analg\u00e9sicos. Quando isso n\u00e3o resolvia o problema o paciente era automaticamente encaminhado para a cirurgia. Hoje n\u00e3o \u00e9 mais assim, h\u00e1 in\u00fameros tratamentos menos invasivos do que a cirurgia. Por exemplo, podemos colocar uma agulha fininha ao redor do nervo comprimido pela h\u00e9rnia e injetar uma subst\u00e2ncia anest\u00e9sica e anti-inflamat\u00f3ria (a dor da h\u00e9rnia ocorre porque h\u00e1 uma compress\u00e3o do nervo que desce para a perna). Esse tipo de procedimento associado \u00e0 fisioterapia reduz a necessidade de cirurgias em 80%, segundo estudos cient\u00edficos. Outra op\u00e7\u00e3o seria retirar parte da h\u00e9rnia com uso de dispositivos espec\u00edficos, sem necessidade de cortes ,sem necessidade de interna\u00e7\u00e3o ou de anestesia geral. Na barra de t\u00f3picos voc\u00eas encontrar\u00e3o explica\u00e7\u00f5es sobre cada tipo de dor lombar.<\/p>\n","protected":false},"author":1,"featured_media":0,"parent":0,"menu_order":0,"comment_status":"closed","ping_status":"closed","template":"elementor_header_footer","meta":{"_joinchat":[],"footnotes":""},"class_list":["post-465","page","type-page","status-publish","hentry"],"_links":{"self":[{"href":"https:\/\/drandremansano.com.br\/index.php\/wp-json\/wp\/v2\/pages\/465"}],"collection":[{"href":"https:\/\/drandremansano.com.br\/index.php\/wp-json\/wp\/v2\/pages"}],"about":[{"href":"https:\/\/drandremansano.com.br\/index.php\/wp-json\/wp\/v2\/types\/page"}],"author":[{"embeddable":true,"href":"https:\/\/drandremansano.com.br\/index.php\/wp-json\/wp\/v2\/users\/1"}],"replies":[{"embeddable":true,"href":"https:\/\/drandremansano.com.br\/index.php\/wp-json\/wp\/v2\/comments?post=465"}],"version-history":[{"count":0,"href":"https:\/\/drandremansano.com.br\/index.php\/wp-json\/wp\/v2\/pages\/465\/revisions"}],"wp:attachment":[{"href":"https:\/\/drandremansano.com.br\/index.php\/wp-json\/wp\/v2\/media?parent=465"}],"curies":[{"name":"wp","href":"https:\/\/api.w.org\/{rel}","templated":true}]}}