{"id":381,"date":"2021-01-13T17:15:03","date_gmt":"2021-01-13T17:15:03","guid":{"rendered":"https:\/\/novo2.drandremansano.com.br\/dor-cervical-copy\/"},"modified":"2021-01-13T17:15:03","modified_gmt":"2021-01-13T17:15:03","slug":"herpes-zoster","status":"publish","type":"page","link":"https:\/\/drandremansano.com.br\/index.php\/herpes-zoster\/","title":{"rendered":"Herpes zoster"},"content":{"rendered":"\t\t<div data-elementor-type=\"wp-page\" data-elementor-id=\"381\" class=\"elementor elementor-381\">\n\t\t\t\t\t\t<section class=\"elementor-section elementor-top-section elementor-element elementor-element-6c7241a1 elementor-section-boxed elementor-section-height-default elementor-section-height-default wpr-particle-no wpr-jarallax-no wpr-parallax-no wpr-sticky-section-no wpr-equal-height-no\" data-id=\"6c7241a1\" data-element_type=\"section\" data-settings=\"{&quot;background_background&quot;:&quot;classic&quot;}\">\n\t\t\t\t\t\t<div class=\"elementor-container elementor-column-gap-default\">\n\t\t\t\t\t<div class=\"elementor-column elementor-col-50 elementor-top-column elementor-element elementor-element-7249f367\" data-id=\"7249f367\" data-element_type=\"column\">\n\t\t\t<div class=\"elementor-widget-wrap elementor-element-populated\">\n\t\t\t\t\t\t<div class=\"elementor-element elementor-element-28c361e elementor-widget elementor-widget-image\" data-id=\"28c361e\" data-element_type=\"widget\" data-widget_type=\"image.default\">\n\t\t\t\t<div class=\"elementor-widget-container\">\n\t\t\t\t\t\t\t\t\t\t\t\t\t<img decoding=\"async\" width=\"69\" height=\"79\" src=\"https:\/\/drandremansano.com.br\/wp-content\/uploads\/2021\/02\/dor-lombar.png\" class=\"attachment-large size-large wp-image-1536\" alt=\"\" \/>\t\t\t\t\t\t\t\t\t\t\t\t\t<\/div>\n\t\t\t\t<\/div>\n\t\t\t\t\t<\/div>\n\t\t<\/div>\n\t\t\t\t<div class=\"elementor-column elementor-col-50 elementor-top-column elementor-element elementor-element-4d79ee37\" data-id=\"4d79ee37\" data-element_type=\"column\">\n\t\t\t<div class=\"elementor-widget-wrap elementor-element-populated\">\n\t\t\t\t\t\t<div class=\"elementor-element elementor-element-7119555d elementor-widget elementor-widget-heading\" data-id=\"7119555d\" data-element_type=\"widget\" data-widget_type=\"heading.default\">\n\t\t\t\t<div class=\"elementor-widget-container\">\n\t\t\t<h2 class=\"elementor-heading-title elementor-size-default\">Herpes Zoster<\/h2>\t\t<\/div>\n\t\t\t\t<\/div>\n\t\t\t\t\t<\/div>\n\t\t<\/div>\n\t\t\t\t\t<\/div>\n\t\t<\/section>\n\t\t\t\t<section class=\"elementor-section elementor-top-section elementor-element elementor-element-657f0e8b elementor-section-boxed elementor-section-height-default elementor-section-height-default wpr-particle-no wpr-jarallax-no wpr-parallax-no wpr-sticky-section-no wpr-equal-height-no\" data-id=\"657f0e8b\" data-element_type=\"section\" data-settings=\"{&quot;background_background&quot;:&quot;classic&quot;}\">\n\t\t\t\t\t\t<div class=\"elementor-container elementor-column-gap-default\">\n\t\t\t\t\t<div class=\"elementor-column elementor-col-100 elementor-top-column elementor-element elementor-element-25a231ee\" data-id=\"25a231ee\" data-element_type=\"column\">\n\t\t\t<div class=\"elementor-widget-wrap elementor-element-populated\">\n\t\t\t\t\t\t<section class=\"elementor-section elementor-inner-section elementor-element elementor-element-257c177e elementor-section-boxed elementor-section-height-default elementor-section-height-default wpr-particle-no wpr-jarallax-no wpr-parallax-no wpr-sticky-section-no wpr-equal-height-no\" data-id=\"257c177e\" data-element_type=\"section\">\n\t\t\t\t\t\t<div class=\"elementor-container elementor-column-gap-default\">\n\t\t\t\t\t<div class=\"elementor-column elementor-col-50 elementor-inner-column elementor-element elementor-element-7d2adb2c\" data-id=\"7d2adb2c\" data-element_type=\"column\" data-settings=\"{&quot;background_background&quot;:&quot;classic&quot;}\">\n\t\t\t<div class=\"elementor-widget-wrap elementor-element-populated\">\n\t\t\t\t\t\t<div class=\"elementor-element elementor-element-1a52b474 elementor-widget-divider--view-line elementor-widget elementor-widget-divider\" data-id=\"1a52b474\" data-element_type=\"widget\" data-widget_type=\"divider.default\">\n\t\t\t\t<div class=\"elementor-widget-container\">\n\t\t\t\t\t<div class=\"elementor-divider\">\n\t\t\t<span class=\"elementor-divider-separator\">\n\t\t\t\t\t\t<\/span>\n\t\t<\/div>\n\t\t\t\t<\/div>\n\t\t\t\t<\/div>\n\t\t\t\t<div class=\"elementor-element elementor-element-78e7a00c elementor-widget elementor-widget-text-editor\" data-id=\"78e7a00c\" data-element_type=\"widget\" data-widget_type=\"text-editor.default\">\n\t\t\t\t<div class=\"elementor-widget-container\">\n\t\t\t\t\t\t\t<p>&#8220;Herpes Zoster \u00e9 uma infec\u00e7\u00e3o causada pela reativa\u00e7\u00e3o do v\u00edrus da varicela (catapora)&#8221;<\/p>\t\t\t\t\t\t<\/div>\n\t\t\t\t<\/div>\n\t\t\t\t\t<\/div>\n\t\t<\/div>\n\t\t\t\t<div class=\"elementor-column elementor-col-50 elementor-inner-column elementor-element elementor-element-7ee80677\" data-id=\"7ee80677\" data-element_type=\"column\">\n\t\t\t<div class=\"elementor-widget-wrap\">\n\t\t\t\t\t\t\t<\/div>\n\t\t<\/div>\n\t\t\t\t\t<\/div>\n\t\t<\/section>\n\t\t\t\t\t<\/div>\n\t\t<\/div>\n\t\t\t\t\t<\/div>\n\t\t<\/section>\n\t\t\t\t<section class=\"elementor-section elementor-top-section elementor-element elementor-element-2ab03fb4 elementor-section-boxed elementor-section-height-default elementor-section-height-default wpr-particle-no wpr-jarallax-no wpr-parallax-no wpr-sticky-section-no wpr-equal-height-no\" data-id=\"2ab03fb4\" data-element_type=\"section\">\n\t\t\t\t\t\t\t<div class=\"elementor-background-overlay\"><\/div>\n\t\t\t\t\t\t\t<div class=\"elementor-container elementor-column-gap-default\">\n\t\t\t\t\t<div class=\"elementor-column elementor-col-50 elementor-top-column elementor-element elementor-element-3467c285\" data-id=\"3467c285\" data-element_type=\"column\">\n\t\t\t<div class=\"elementor-widget-wrap elementor-element-populated\">\n\t\t\t\t\t\t<div class=\"elementor-element elementor-element-27714017 elementor-widget elementor-widget-image\" data-id=\"27714017\" data-element_type=\"widget\" data-widget_type=\"image.default\">\n\t\t\t\t<div class=\"elementor-widget-container\">\n\t\t\t\t\t\t\t\t\t\t\t\t\t<img fetchpriority=\"high\" decoding=\"async\" width=\"655\" height=\"811\" src=\"https:\/\/drandremansano.com.br\/wp-content\/uploads\/2021\/02\/herpes-zoster.png\" class=\"attachment-large size-large wp-image-1599\" alt=\"\" srcset=\"https:\/\/drandremansano.com.br\/wp-content\/uploads\/2021\/02\/herpes-zoster.png 655w, https:\/\/drandremansano.com.br\/wp-content\/uploads\/2021\/02\/herpes-zoster-242x300.png 242w\" sizes=\"(max-width: 655px) 100vw, 655px\" \/>\t\t\t\t\t\t\t\t\t\t\t\t\t<\/div>\n\t\t\t\t<\/div>\n\t\t\t\t\t<\/div>\n\t\t<\/div>\n\t\t\t\t<div class=\"elementor-column elementor-col-50 elementor-top-column elementor-element elementor-element-378039ce\" data-id=\"378039ce\" data-element_type=\"column\">\n\t\t\t<div class=\"elementor-widget-wrap elementor-element-populated\">\n\t\t\t\t\t\t<div class=\"elementor-element elementor-element-4b232c9f elementor-widget-divider--view-line elementor-widget elementor-widget-divider\" data-id=\"4b232c9f\" data-element_type=\"widget\" data-widget_type=\"divider.default\">\n\t\t\t\t<div class=\"elementor-widget-container\">\n\t\t\t\t\t<div class=\"elementor-divider\">\n\t\t\t<span class=\"elementor-divider-separator\">\n\t\t\t\t\t\t<\/span>\n\t\t<\/div>\n\t\t\t\t<\/div>\n\t\t\t\t<\/div>\n\t\t\t\t<div class=\"elementor-element elementor-element-538d87bc elementor-widget elementor-widget-heading\" data-id=\"538d87bc\" data-element_type=\"widget\" data-widget_type=\"heading.default\">\n\t\t\t\t<div class=\"elementor-widget-container\">\n\t\t\t<h2 class=\"elementor-heading-title elementor-size-default\">O QUE SE SABE SOBRE A HERPES ZOSTER?<\/h2>\t\t<\/div>\n\t\t\t\t<\/div>\n\t\t\t\t<div class=\"elementor-element elementor-element-780320ff elementor-widget elementor-widget-toggle\" data-id=\"780320ff\" data-element_type=\"widget\" data-widget_type=\"toggle.default\">\n\t\t\t\t<div class=\"elementor-widget-container\">\n\t\t\t\t\t<div class=\"elementor-toggle\">\n\t\t\t\t\t\t\t<div class=\"elementor-toggle-item\">\n\t\t\t\t\t<div id=\"elementor-tab-title-2011\" class=\"elementor-tab-title\" data-tab=\"1\" role=\"button\" aria-controls=\"elementor-tab-content-2011\" aria-expanded=\"false\">\n\t\t\t\t\t\t\t\t\t\t\t\t<span class=\"elementor-toggle-icon elementor-toggle-icon-right\" aria-hidden=\"true\">\n\t\t\t\t\t\t\t\t\t\t\t\t\t\t\t<span class=\"elementor-toggle-icon-closed\"><i class=\"fas fa-plus-circle\"><\/i><\/span>\n\t\t\t\t\t\t\t\t<span class=\"elementor-toggle-icon-opened\"><i class=\"elementor-toggle-icon-opened fas fa-plus\"><\/i><\/span>\n\t\t\t\t\t\t\t\t\t\t\t\t\t<\/span>\n\t\t\t\t\t\t\t\t\t\t\t\t<a class=\"elementor-toggle-title\" tabindex=\"0\">O que \u00e9 Herpes Zoster?<\/a>\n\t\t\t\t\t<\/div>\n\n\t\t\t\t\t<div id=\"elementor-tab-content-2011\" class=\"elementor-tab-content elementor-clearfix\" data-tab=\"1\" role=\"region\" aria-labelledby=\"elementor-tab-title-2011\"><p><span style=\"font-weight: 400;\">Herpes Zoster \u00e9 uma infec\u00e7\u00e3o causada pela reativa\u00e7\u00e3o do v\u00edrus da Varicela Zoster (catapora). Ocorre em 5 a cada 1000 pessoas por ano, sendo mais comum em idosos.<\/span><\/p><\/div>\n\t\t\t\t<\/div>\n\t\t\t\t\t\t\t<div class=\"elementor-toggle-item\">\n\t\t\t\t\t<div id=\"elementor-tab-title-2012\" class=\"elementor-tab-title\" data-tab=\"2\" role=\"button\" aria-controls=\"elementor-tab-content-2012\" aria-expanded=\"false\">\n\t\t\t\t\t\t\t\t\t\t\t\t<span class=\"elementor-toggle-icon elementor-toggle-icon-right\" aria-hidden=\"true\">\n\t\t\t\t\t\t\t\t\t\t\t\t\t\t\t<span class=\"elementor-toggle-icon-closed\"><i class=\"fas fa-plus-circle\"><\/i><\/span>\n\t\t\t\t\t\t\t\t<span class=\"elementor-toggle-icon-opened\"><i class=\"elementor-toggle-icon-opened fas fa-plus\"><\/i><\/span>\n\t\t\t\t\t\t\t\t\t\t\t\t\t<\/span>\n\t\t\t\t\t\t\t\t\t\t\t\t<a class=\"elementor-toggle-title\" tabindex=\"0\">O que causa o Herpes Zoster?<\/a>\n\t\t\t\t\t<\/div>\n\n\t\t\t\t\t<div id=\"elementor-tab-content-2012\" class=\"elementor-tab-content elementor-clearfix\" data-tab=\"2\" role=\"region\" aria-labelledby=\"elementor-tab-title-2012\"><p>A reativa\u00e7\u00e3o do v\u00edrus ocorre quando h\u00e1 uma queda no n\u00edvel de imunidade do paciente, o que pode ocorrer devido ao estresse, medicamentos ou alguma doen\u00e7a associada. O v\u00edrus \u201ccaminha\u201d atrav\u00e9s de um nervo espinhal\u00a0 causando les\u00f5es na regi\u00e3o da pele inervada pelo nervo em quest\u00e3o?<\/p><\/div>\n\t\t\t\t<\/div>\n\t\t\t\t\t\t\t<div class=\"elementor-toggle-item\">\n\t\t\t\t\t<div id=\"elementor-tab-title-2013\" class=\"elementor-tab-title\" data-tab=\"3\" role=\"button\" aria-controls=\"elementor-tab-content-2013\" aria-expanded=\"false\">\n\t\t\t\t\t\t\t\t\t\t\t\t<span class=\"elementor-toggle-icon elementor-toggle-icon-right\" aria-hidden=\"true\">\n\t\t\t\t\t\t\t\t\t\t\t\t\t\t\t<span class=\"elementor-toggle-icon-closed\"><i class=\"fas fa-plus-circle\"><\/i><\/span>\n\t\t\t\t\t\t\t\t<span class=\"elementor-toggle-icon-opened\"><i class=\"elementor-toggle-icon-opened fas fa-plus\"><\/i><\/span>\n\t\t\t\t\t\t\t\t\t\t\t\t\t<\/span>\n\t\t\t\t\t\t\t\t\t\t\t\t<a class=\"elementor-toggle-title\" tabindex=\"0\">Quais s\u00e3o os sintomas do Herpes Zoster?<\/a>\n\t\t\t\t\t<\/div>\n\n\t\t\t\t\t<div id=\"elementor-tab-content-2013\" class=\"elementor-tab-content elementor-clearfix\" data-tab=\"3\" role=\"region\" aria-labelledby=\"elementor-tab-title-2013\"><p><span style=\"font-weight: 400;\">Os sintomas mais caracter\u00edsticos s\u00e3o as les\u00f5es de pele, que formam ves\u00edculas, s\u00e3o extremamente dolorosas e, alguma vezes, causam coceira. Os pacientes podem apresentar um fen\u00f4meno chamado alod\u00ednea (dor ao simples toque na pele). As les\u00f5es podem ocorrer em qualquer parte do corpo (inclusive o rosto) mas s\u00e3o mais frequentes na regi\u00e3o lombar e tor\u00e1cica.<\/span><\/p><p><span style=\"font-weight: 400;\">Alguns pacientes se queixam de formigamento ou dor mesmo antes da erup\u00e7\u00e3o das les\u00f5es de pele (2 a 5 dias antes).<\/span><\/p><\/div>\n\t\t\t\t<\/div>\n\t\t\t\t\t\t\t<div class=\"elementor-toggle-item\">\n\t\t\t\t\t<div id=\"elementor-tab-title-2014\" class=\"elementor-tab-title\" data-tab=\"4\" role=\"button\" aria-controls=\"elementor-tab-content-2014\" aria-expanded=\"false\">\n\t\t\t\t\t\t\t\t\t\t\t\t<span class=\"elementor-toggle-icon elementor-toggle-icon-right\" aria-hidden=\"true\">\n\t\t\t\t\t\t\t\t\t\t\t\t\t\t\t<span class=\"elementor-toggle-icon-closed\"><i class=\"fas fa-plus-circle\"><\/i><\/span>\n\t\t\t\t\t\t\t\t<span class=\"elementor-toggle-icon-opened\"><i class=\"elementor-toggle-icon-opened fas fa-plus\"><\/i><\/span>\n\t\t\t\t\t\t\t\t\t\t\t\t\t<\/span>\n\t\t\t\t\t\t\t\t\t\t\t\t<a class=\"elementor-toggle-title\" tabindex=\"0\">O que \u00e9 neuralgia p\u00f3s-herp\u00e9tica?<\/a>\n\t\t\t\t\t<\/div>\n\n\t\t\t\t\t<div id=\"elementor-tab-content-2014\" class=\"elementor-tab-content elementor-clearfix\" data-tab=\"4\" role=\"region\" aria-labelledby=\"elementor-tab-title-2014\"><p><span style=\"font-weight: 400;\">Neuralgia p\u00f3s-herp\u00e9tica consiste em um quadro doloroso que persiste por longo tempo ap\u00f3s a cicatriza\u00e7\u00e3o das les\u00f5es da pele. A maioria dos estudos dizem que caso a dor persista por mais de 1 m\u00eas ap\u00f3s o desaparecimento das les\u00f5es, estamos diante de um quadro de neuralgia p\u00f3s-herp\u00e9tica. Outros aumentam esse tempo para 3 ou at\u00e9 6 meses.<\/span><\/p><\/div>\n\t\t\t\t<\/div>\n\t\t\t\t\t\t\t<div class=\"elementor-toggle-item\">\n\t\t\t\t\t<div id=\"elementor-tab-title-2015\" class=\"elementor-tab-title\" data-tab=\"5\" role=\"button\" aria-controls=\"elementor-tab-content-2015\" aria-expanded=\"false\">\n\t\t\t\t\t\t\t\t\t\t\t\t<span class=\"elementor-toggle-icon elementor-toggle-icon-right\" aria-hidden=\"true\">\n\t\t\t\t\t\t\t\t\t\t\t\t\t\t\t<span class=\"elementor-toggle-icon-closed\"><i class=\"fas fa-plus-circle\"><\/i><\/span>\n\t\t\t\t\t\t\t\t<span class=\"elementor-toggle-icon-opened\"><i class=\"elementor-toggle-icon-opened fas fa-plus\"><\/i><\/span>\n\t\t\t\t\t\t\t\t\t\t\t\t\t<\/span>\n\t\t\t\t\t\t\t\t\t\t\t\t<a class=\"elementor-toggle-title\" tabindex=\"0\">Como \u00e9 realizado o diagn\u00f3stico?<\/a>\n\t\t\t\t\t<\/div>\n\n\t\t\t\t\t<div id=\"elementor-tab-content-2015\" class=\"elementor-tab-content elementor-clearfix\" data-tab=\"5\" role=\"region\" aria-labelledby=\"elementor-tab-title-2015\"><p>O diagn\u00f3stico do herpes zoster \u00e9 exclusivamente cl\u00ednico.<\/p><\/div>\n\t\t\t\t<\/div>\n\t\t\t\t\t\t\t<div class=\"elementor-toggle-item\">\n\t\t\t\t\t<div id=\"elementor-tab-title-2016\" class=\"elementor-tab-title\" data-tab=\"6\" role=\"button\" aria-controls=\"elementor-tab-content-2016\" aria-expanded=\"false\">\n\t\t\t\t\t\t\t\t\t\t\t\t<span class=\"elementor-toggle-icon elementor-toggle-icon-right\" aria-hidden=\"true\">\n\t\t\t\t\t\t\t\t\t\t\t\t\t\t\t<span class=\"elementor-toggle-icon-closed\"><i class=\"fas fa-plus-circle\"><\/i><\/span>\n\t\t\t\t\t\t\t\t<span class=\"elementor-toggle-icon-opened\"><i class=\"elementor-toggle-icon-opened fas fa-plus\"><\/i><\/span>\n\t\t\t\t\t\t\t\t\t\t\t\t\t<\/span>\n\t\t\t\t\t\t\t\t\t\t\t\t<a class=\"elementor-toggle-title\" tabindex=\"0\">Como \u00e9 realizado o tratamento da neuralgia p\u00f3s-herp\u00e9tica?<\/a>\n\t\t\t\t\t<\/div>\n\n\t\t\t\t\t<div id=\"elementor-tab-content-2016\" class=\"elementor-tab-content elementor-clearfix\" data-tab=\"6\" role=\"region\" aria-labelledby=\"elementor-tab-title-2016\"><p>O tratamento da neuralgia p\u00f3s-herp\u00e9tica \u00e9 realizado com uso de medicamentos (analg\u00e9sicos, antidepressivos e anticonvulsivantes). Podem ser utilizados tamb\u00e9m adesivos contendo anest\u00e9sico local ou capsaicina (subst\u00e2ncia an\u00e1loga \u00e0 pimenta).<\/p><p>Nos casos refrat\u00e1rios ao tratamento medicamentoso, podem ser utilizadas t\u00e9cnicas intervencionistas para sanar a dor.<\/p><\/div>\n\t\t\t\t<\/div>\n\t\t\t\t\t\t\t\t<\/div>\n\t\t\t\t<\/div>\n\t\t\t\t<\/div>\n\t\t\t\t\t<\/div>\n\t\t<\/div>\n\t\t\t\t\t<\/div>\n\t\t<\/section>\n\t\t\t\t<\/div>\n\t\t","protected":false},"excerpt":{"rendered":"<p>Herpes Zoster &#8220;Herpes Zoster \u00e9 uma infec\u00e7\u00e3o causada pela reativa\u00e7\u00e3o do v\u00edrus da varicela (catapora)&#8221; O QUE SE SABE SOBRE A HERPES ZOSTER? O que \u00e9 Herpes Zoster? Herpes Zoster \u00e9 uma infec\u00e7\u00e3o causada pela reativa\u00e7\u00e3o do v\u00edrus da Varicela Zoster (catapora). Ocorre em 5 a cada 1000 pessoas por ano, sendo mais comum em idosos. O que causa o Herpes Zoster? A reativa\u00e7\u00e3o do v\u00edrus ocorre quando h\u00e1 uma queda no n\u00edvel de imunidade do paciente, o que pode ocorrer devido ao estresse, medicamentos ou alguma doen\u00e7a associada. O v\u00edrus \u201ccaminha\u201d atrav\u00e9s de um nervo espinhal\u00a0 causando les\u00f5es na regi\u00e3o da pele inervada pelo nervo em quest\u00e3o? Quais s\u00e3o os sintomas do Herpes Zoster? Os sintomas mais caracter\u00edsticos s\u00e3o as les\u00f5es de pele, que formam ves\u00edculas, s\u00e3o extremamente dolorosas e, alguma vezes, causam coceira. Os pacientes podem apresentar um fen\u00f4meno chamado alod\u00ednea (dor ao simples toque na pele). As les\u00f5es podem ocorrer em qualquer parte do corpo (inclusive o rosto) mas s\u00e3o mais frequentes na regi\u00e3o lombar e tor\u00e1cica. Alguns pacientes se queixam de formigamento ou dor mesmo antes da erup\u00e7\u00e3o das les\u00f5es de pele (2 a 5 dias antes). O que \u00e9 neuralgia p\u00f3s-herp\u00e9tica? Neuralgia p\u00f3s-herp\u00e9tica consiste em um quadro doloroso que persiste por longo tempo ap\u00f3s a cicatriza\u00e7\u00e3o das les\u00f5es da pele. A maioria dos estudos dizem que caso a dor persista por mais de 1 m\u00eas ap\u00f3s o desaparecimento das les\u00f5es, estamos diante de um quadro de neuralgia p\u00f3s-herp\u00e9tica. Outros aumentam esse tempo para 3 ou at\u00e9 6 meses. Como \u00e9 realizado o diagn\u00f3stico? O diagn\u00f3stico do herpes zoster \u00e9 exclusivamente cl\u00ednico. Como \u00e9 realizado o tratamento da neuralgia p\u00f3s-herp\u00e9tica? O tratamento da neuralgia p\u00f3s-herp\u00e9tica \u00e9 realizado com uso de medicamentos (analg\u00e9sicos, antidepressivos e anticonvulsivantes). Podem ser utilizados tamb\u00e9m adesivos contendo anest\u00e9sico local ou capsaicina (subst\u00e2ncia an\u00e1loga \u00e0 pimenta). Nos casos refrat\u00e1rios ao tratamento medicamentoso, podem ser utilizadas t\u00e9cnicas intervencionistas para sanar a dor.<\/p>\n","protected":false},"author":1,"featured_media":0,"parent":0,"menu_order":0,"comment_status":"closed","ping_status":"closed","template":"elementor_header_footer","meta":{"_joinchat":[],"footnotes":""},"class_list":["post-381","page","type-page","status-publish","hentry"],"_links":{"self":[{"href":"https:\/\/drandremansano.com.br\/index.php\/wp-json\/wp\/v2\/pages\/381"}],"collection":[{"href":"https:\/\/drandremansano.com.br\/index.php\/wp-json\/wp\/v2\/pages"}],"about":[{"href":"https:\/\/drandremansano.com.br\/index.php\/wp-json\/wp\/v2\/types\/page"}],"author":[{"embeddable":true,"href":"https:\/\/drandremansano.com.br\/index.php\/wp-json\/wp\/v2\/users\/1"}],"replies":[{"embeddable":true,"href":"https:\/\/drandremansano.com.br\/index.php\/wp-json\/wp\/v2\/comments?post=381"}],"version-history":[{"count":0,"href":"https:\/\/drandremansano.com.br\/index.php\/wp-json\/wp\/v2\/pages\/381\/revisions"}],"wp:attachment":[{"href":"https:\/\/drandremansano.com.br\/index.php\/wp-json\/wp\/v2\/media?parent=381"}],"curies":[{"name":"wp","href":"https:\/\/api.w.org\/{rel}","templated":true}]}}