{"id":379,"date":"2021-01-13T17:14:23","date_gmt":"2021-01-13T17:14:23","guid":{"rendered":"https:\/\/novo2.drandremansano.com.br\/dor-sacroiliaca-copy\/"},"modified":"2021-01-13T17:14:23","modified_gmt":"2021-01-13T17:14:23","slug":"dor-cervical","status":"publish","type":"page","link":"https:\/\/drandremansano.com.br\/index.php\/dor-cervical\/","title":{"rendered":"Dor cervical"},"content":{"rendered":"\t\t<div data-elementor-type=\"wp-page\" data-elementor-id=\"379\" class=\"elementor elementor-379\">\n\t\t\t\t\t\t<section class=\"elementor-section elementor-top-section elementor-element elementor-element-47bd6143 elementor-section-boxed elementor-section-height-default elementor-section-height-default wpr-particle-no wpr-jarallax-no wpr-parallax-no wpr-sticky-section-no wpr-column-slider-no wpr-equal-height-no\" data-id=\"47bd6143\" data-element_type=\"section\" data-settings=\"{&quot;background_background&quot;:&quot;classic&quot;}\">\n\t\t\t\t\t\t<div class=\"elementor-container elementor-column-gap-default\">\n\t\t\t\t\t<div class=\"elementor-column elementor-col-50 elementor-top-column elementor-element elementor-element-640ed789\" data-id=\"640ed789\" data-element_type=\"column\">\n\t\t\t<div class=\"elementor-widget-wrap elementor-element-populated\">\n\t\t\t\t\t\t<div class=\"elementor-element elementor-element-32439e8 elementor-widget elementor-widget-image\" data-id=\"32439e8\" data-element_type=\"widget\" data-widget_type=\"image.default\">\n\t\t\t\t<div class=\"elementor-widget-container\">\n\t\t\t\t\t\t\t\t\t\t\t\t\t<img decoding=\"async\" width=\"75\" height=\"78\" src=\"https:\/\/drandremansano.com.br\/wp-content\/uploads\/2021\/02\/logo-002.png\" class=\"attachment-large size-large wp-image-1561\" alt=\"\" \/>\t\t\t\t\t\t\t\t\t\t\t\t\t<\/div>\n\t\t\t\t<\/div>\n\t\t\t\t\t<\/div>\n\t\t<\/div>\n\t\t\t\t<div class=\"elementor-column elementor-col-50 elementor-top-column elementor-element elementor-element-440952aa\" data-id=\"440952aa\" data-element_type=\"column\">\n\t\t\t<div class=\"elementor-widget-wrap elementor-element-populated\">\n\t\t\t\t\t\t<div class=\"elementor-element elementor-element-1e139ca elementor-widget elementor-widget-heading\" data-id=\"1e139ca\" data-element_type=\"widget\" data-widget_type=\"heading.default\">\n\t\t\t\t<div class=\"elementor-widget-container\">\n\t\t\t<h2 class=\"elementor-heading-title elementor-size-default\">Dor cervicaL<\/h2>\t\t<\/div>\n\t\t\t\t<\/div>\n\t\t\t\t\t<\/div>\n\t\t<\/div>\n\t\t\t\t\t<\/div>\n\t\t<\/section>\n\t\t\t\t<section class=\"elementor-section elementor-top-section elementor-element elementor-element-3a46e93b elementor-section-boxed elementor-section-height-default elementor-section-height-default wpr-particle-no wpr-jarallax-no wpr-parallax-no wpr-sticky-section-no wpr-column-slider-no wpr-equal-height-no\" data-id=\"3a46e93b\" data-element_type=\"section\" data-settings=\"{&quot;background_background&quot;:&quot;classic&quot;}\">\n\t\t\t\t\t\t<div class=\"elementor-container elementor-column-gap-default\">\n\t\t\t\t\t<div class=\"elementor-column elementor-col-100 elementor-top-column elementor-element elementor-element-2a8273e5\" data-id=\"2a8273e5\" data-element_type=\"column\">\n\t\t\t<div class=\"elementor-widget-wrap elementor-element-populated\">\n\t\t\t\t\t\t<section class=\"elementor-section elementor-inner-section elementor-element elementor-element-61992401 elementor-section-boxed elementor-section-height-default elementor-section-height-default wpr-particle-no wpr-jarallax-no wpr-parallax-no wpr-sticky-section-no wpr-column-slider-no wpr-equal-height-no\" data-id=\"61992401\" data-element_type=\"section\">\n\t\t\t\t\t\t\t<div class=\"elementor-background-overlay\"><\/div>\n\t\t\t\t\t\t\t<div class=\"elementor-container elementor-column-gap-default\">\n\t\t\t\t\t<div class=\"elementor-column elementor-col-50 elementor-inner-column elementor-element elementor-element-464ed793\" data-id=\"464ed793\" data-element_type=\"column\" data-settings=\"{&quot;background_background&quot;:&quot;classic&quot;}\">\n\t\t\t<div class=\"elementor-widget-wrap elementor-element-populated\">\n\t\t\t\t\t<div class=\"elementor-background-overlay\"><\/div>\n\t\t\t\t\t\t<div class=\"elementor-element elementor-element-3577b0ad elementor-widget-divider--view-line elementor-widget elementor-widget-divider\" data-id=\"3577b0ad\" data-element_type=\"widget\" data-widget_type=\"divider.default\">\n\t\t\t\t<div class=\"elementor-widget-container\">\n\t\t\t\t\t<div class=\"elementor-divider\">\n\t\t\t<span class=\"elementor-divider-separator\">\n\t\t\t\t\t\t<\/span>\n\t\t<\/div>\n\t\t\t\t<\/div>\n\t\t\t\t<\/div>\n\t\t\t\t<div class=\"elementor-element elementor-element-4d71412 elementor-widget elementor-widget-heading\" data-id=\"4d71412\" data-element_type=\"widget\" data-widget_type=\"heading.default\">\n\t\t\t\t<div class=\"elementor-widget-container\">\n\t\t\t<h2 class=\"elementor-heading-title elementor-size-default\">\"Cerca de 30% da popula\u00e7\u00e3o apresenta ao menos um epis\u00f3dio de dor cervical por ano\"<\/h2>\t\t<\/div>\n\t\t\t\t<\/div>\n\t\t\t\t<div class=\"elementor-element elementor-element-9682106 elementor-widget elementor-widget-text-editor\" data-id=\"9682106\" data-element_type=\"widget\" data-widget_type=\"text-editor.default\">\n\t\t\t\t<div class=\"elementor-widget-container\">\n\t\t\t\t\t\t\t<p>Dor cervical consiste em\u00a0 qualquer dor que ocorra abaixo da\u00a0 linha nucal e acima do n\u00edvel do processo transverso de T1, o que n\u00e3o significa que a causa da dor esteja dentro desses limites anat\u00f4micos.\u00a0 V\u00e1rias estruturas anat\u00f4micas podem causar dor cervical. Os principais exemplos s\u00e3o os m\u00fasculos do pesco\u00e7o, os discos intervertebrais, as facetas articulares (articula\u00e7\u00f5es entre as v\u00e9rtebras), ligamentos e at\u00e9 a dura m\u00e1ter.<\/p><p><span style=\"font-weight: 400;\">Cerca de 30% da popula\u00e7\u00e3o apresenta um epis\u00f3dio de dor cervical no per\u00edodo de 1 ano. Entre 2% a 11% dos casos, a dor \u00e9 forte e duradoura o suficiente para prejudicar as atividades di\u00e1rias do paciente. Os principais fatores de risco s\u00e3o a predisposi\u00e7\u00e3o gen\u00e9tica, o tabagismo, o sedentarismo, obesidade e problemas posturais.<\/span><\/p>\t\t\t\t\t\t<\/div>\n\t\t\t\t<\/div>\n\t\t\t\t\t<\/div>\n\t\t<\/div>\n\t\t\t\t<div class=\"elementor-column elementor-col-50 elementor-inner-column elementor-element elementor-element-5068a129\" data-id=\"5068a129\" data-element_type=\"column\">\n\t\t\t<div class=\"elementor-widget-wrap\">\n\t\t\t\t\t\t\t<\/div>\n\t\t<\/div>\n\t\t\t\t\t<\/div>\n\t\t<\/section>\n\t\t\t\t\t<\/div>\n\t\t<\/div>\n\t\t\t\t\t<\/div>\n\t\t<\/section>\n\t\t\t\t<section class=\"elementor-section elementor-top-section elementor-element elementor-element-1b907950 elementor-section-boxed elementor-section-height-default elementor-section-height-default wpr-particle-no wpr-jarallax-no wpr-parallax-no wpr-sticky-section-no wpr-column-slider-no wpr-equal-height-no\" data-id=\"1b907950\" data-element_type=\"section\">\n\t\t\t\t\t\t\t<div class=\"elementor-background-overlay\"><\/div>\n\t\t\t\t\t\t\t<div class=\"elementor-container elementor-column-gap-default\">\n\t\t\t\t\t<div class=\"elementor-column elementor-col-50 elementor-top-column elementor-element elementor-element-170ad9c9\" data-id=\"170ad9c9\" data-element_type=\"column\">\n\t\t\t<div class=\"elementor-widget-wrap elementor-element-populated\">\n\t\t\t\t\t\t<div class=\"elementor-element elementor-element-14dd9436 elementor-widget elementor-widget-image\" data-id=\"14dd9436\" data-element_type=\"widget\" data-widget_type=\"image.default\">\n\t\t\t\t<div class=\"elementor-widget-container\">\n\t\t\t\t\t\t\t\t\t\t\t\t\t<img fetchpriority=\"high\" decoding=\"async\" width=\"655\" height=\"811\" src=\"https:\/\/drandremansano.com.br\/wp-content\/uploads\/2021\/01\/dor-cervical-o-que-e.jpg\" class=\"attachment-large size-large wp-image-1105\" alt=\"\" srcset=\"https:\/\/drandremansano.com.br\/wp-content\/uploads\/2021\/01\/dor-cervical-o-que-e.jpg 655w, https:\/\/drandremansano.com.br\/wp-content\/uploads\/2021\/01\/dor-cervical-o-que-e-242x300.jpg 242w\" sizes=\"(max-width: 655px) 100vw, 655px\" \/>\t\t\t\t\t\t\t\t\t\t\t\t\t<\/div>\n\t\t\t\t<\/div>\n\t\t\t\t\t<\/div>\n\t\t<\/div>\n\t\t\t\t<div class=\"elementor-column elementor-col-50 elementor-top-column elementor-element elementor-element-2a37278\" data-id=\"2a37278\" data-element_type=\"column\">\n\t\t\t<div class=\"elementor-widget-wrap elementor-element-populated\">\n\t\t\t\t\t\t<div class=\"elementor-element elementor-element-57c92419 elementor-widget-divider--view-line elementor-widget elementor-widget-divider\" data-id=\"57c92419\" data-element_type=\"widget\" data-widget_type=\"divider.default\">\n\t\t\t\t<div class=\"elementor-widget-container\">\n\t\t\t\t\t<div class=\"elementor-divider\">\n\t\t\t<span class=\"elementor-divider-separator\">\n\t\t\t\t\t\t<\/span>\n\t\t<\/div>\n\t\t\t\t<\/div>\n\t\t\t\t<\/div>\n\t\t\t\t<div class=\"elementor-element elementor-element-2d4cc07a elementor-widget elementor-widget-heading\" data-id=\"2d4cc07a\" data-element_type=\"widget\" data-widget_type=\"heading.default\">\n\t\t\t\t<div class=\"elementor-widget-container\">\n\t\t\t<h2 class=\"elementor-heading-title elementor-size-default\">O que se sabe sobre \na dor cervical?<\/h2>\t\t<\/div>\n\t\t\t\t<\/div>\n\t\t\t\t<div class=\"elementor-element elementor-element-1f320d13 elementor-widget elementor-widget-toggle\" data-id=\"1f320d13\" data-element_type=\"widget\" data-widget_type=\"toggle.default\">\n\t\t\t\t<div class=\"elementor-widget-container\">\n\t\t\t\t\t<div class=\"elementor-toggle\">\n\t\t\t\t\t\t\t<div class=\"elementor-toggle-item\">\n\t\t\t\t\t<div id=\"elementor-tab-title-5231\" class=\"elementor-tab-title\" data-tab=\"1\" role=\"button\" aria-controls=\"elementor-tab-content-5231\" aria-expanded=\"false\">\n\t\t\t\t\t\t\t\t\t\t\t\t<span class=\"elementor-toggle-icon elementor-toggle-icon-right\" aria-hidden=\"true\">\n\t\t\t\t\t\t\t\t\t\t\t\t\t\t\t<span class=\"elementor-toggle-icon-closed\"><i class=\"fas fa-plus-circle\"><\/i><\/span>\n\t\t\t\t\t\t\t\t<span class=\"elementor-toggle-icon-opened\"><i class=\"elementor-toggle-icon-opened fas fa-plus\"><\/i><\/span>\n\t\t\t\t\t\t\t\t\t\t\t\t\t<\/span>\n\t\t\t\t\t\t\t\t\t\t\t\t<a class=\"elementor-toggle-title\" tabindex=\"0\">Como \u00e9 feito o diagn\u00f3stico da dor cervical?<\/a>\n\t\t\t\t\t<\/div>\n\n\t\t\t\t\t<div id=\"elementor-tab-content-5231\" class=\"elementor-tab-content elementor-clearfix\" data-tab=\"1\" role=\"region\" aria-labelledby=\"elementor-tab-title-5231\"><p><span style=\"font-weight: 400;\">O diagn\u00f3stico da dor cervical \u00e9 realizado atrav\u00e9s da obten\u00e7\u00e3o de uma hist\u00f3ria cl\u00ednica e um exame f\u00edsico minucioso. Exames de imagem como radiografias, tomografias e resson\u00e2ncia nuclear magn\u00e9tica podem ser \u00fateis.<\/span><\/p><\/div>\n\t\t\t\t<\/div>\n\t\t\t\t\t\t\t<div class=\"elementor-toggle-item\">\n\t\t\t\t\t<div id=\"elementor-tab-title-5232\" class=\"elementor-tab-title\" data-tab=\"2\" role=\"button\" aria-controls=\"elementor-tab-content-5232\" aria-expanded=\"false\">\n\t\t\t\t\t\t\t\t\t\t\t\t<span class=\"elementor-toggle-icon elementor-toggle-icon-right\" aria-hidden=\"true\">\n\t\t\t\t\t\t\t\t\t\t\t\t\t\t\t<span class=\"elementor-toggle-icon-closed\"><i class=\"fas fa-plus-circle\"><\/i><\/span>\n\t\t\t\t\t\t\t\t<span class=\"elementor-toggle-icon-opened\"><i class=\"elementor-toggle-icon-opened fas fa-plus\"><\/i><\/span>\n\t\t\t\t\t\t\t\t\t\t\t\t\t<\/span>\n\t\t\t\t\t\t\t\t\t\t\t\t<a class=\"elementor-toggle-title\" tabindex=\"0\">Qual a import\u00e2ncia do bloqueio diagn\u00f3stico na dor cervical?<\/a>\n\t\t\t\t\t<\/div>\n\n\t\t\t\t\t<div id=\"elementor-tab-content-5232\" class=\"elementor-tab-content elementor-clearfix\" data-tab=\"2\" role=\"region\" aria-labelledby=\"elementor-tab-title-5232\"><p><span style=\"font-weight: 400;\">Em alguns casos \u00e9 extremamente dif\u00edcil precisar a causa da dor cervical. Podemos ent\u00e3o utilizar os <\/span><a href=\"https:\/\/drandremansano.com.br\/wp-content\/uploads\/2021\/01\/tenho-cancer-sinto-muita-dor.jpg\"><b>bloqueios diagn\u00f3sticos<\/b><\/a><span style=\"font-weight: 400;\"> como uma ferramenta importante. Atrav\u00e9s de pun\u00e7\u00f5es realizadas com agulhas e guiadas por m\u00e9todos de imagem (raio-x, ultrassom ou tomografia, por exemplo), injetamos pequenas quantidades de anest\u00e9sicos na estrutura que suspeitamos ser a fonte da dor, caso o paciente apresente melhora, podemos afirmar com mais exatid\u00e3o que aquela era de fato a causa da dor do paciente.<\/span><\/p><\/div>\n\t\t\t\t<\/div>\n\t\t\t\t\t\t\t<div class=\"elementor-toggle-item\">\n\t\t\t\t\t<div id=\"elementor-tab-title-5233\" class=\"elementor-tab-title\" data-tab=\"3\" role=\"button\" aria-controls=\"elementor-tab-content-5233\" aria-expanded=\"false\">\n\t\t\t\t\t\t\t\t\t\t\t\t<span class=\"elementor-toggle-icon elementor-toggle-icon-right\" aria-hidden=\"true\">\n\t\t\t\t\t\t\t\t\t\t\t\t\t\t\t<span class=\"elementor-toggle-icon-closed\"><i class=\"fas fa-plus-circle\"><\/i><\/span>\n\t\t\t\t\t\t\t\t<span class=\"elementor-toggle-icon-opened\"><i class=\"elementor-toggle-icon-opened fas fa-plus\"><\/i><\/span>\n\t\t\t\t\t\t\t\t\t\t\t\t\t<\/span>\n\t\t\t\t\t\t\t\t\t\t\t\t<a class=\"elementor-toggle-title\" tabindex=\"0\">Qual o tratamento da dor cervical?<\/a>\n\t\t\t\t\t<\/div>\n\n\t\t\t\t\t<div id=\"elementor-tab-content-5233\" class=\"elementor-tab-content elementor-clearfix\" data-tab=\"3\" role=\"region\" aria-labelledby=\"elementor-tab-title-5233\"><p><span style=\"font-weight: 400;\">O tratamento da dor cervical passa usualmente pelo uso de medicamentos, reabilita\u00e7\u00e3o f\u00edsica (fisioterapia) e, quando refrat\u00e1rio, por procedimentos intervencionistas em dor.&nbsp;<\/span><\/p><\/div>\n\t\t\t\t<\/div>\n\t\t\t\t\t\t\t\t<\/div>\n\t\t\t\t<\/div>\n\t\t\t\t<\/div>\n\t\t\t\t\t<\/div>\n\t\t<\/div>\n\t\t\t\t\t<\/div>\n\t\t<\/section>\n\t\t\t\t<\/div>\n\t\t","protected":false},"excerpt":{"rendered":"<p>Dor cervicaL &#8220;Cerca de 30% da popula\u00e7\u00e3o apresenta ao menos um epis\u00f3dio de dor cervical por ano&#8221; Dor cervical consiste em\u00a0 qualquer dor que ocorra abaixo da\u00a0 linha nucal e acima do n\u00edvel do processo transverso de T1, o que n\u00e3o significa que a causa da dor esteja dentro desses limites anat\u00f4micos.\u00a0 V\u00e1rias estruturas anat\u00f4micas podem causar dor cervical. Os principais exemplos s\u00e3o os m\u00fasculos do pesco\u00e7o, os discos intervertebrais, as facetas articulares (articula\u00e7\u00f5es entre as v\u00e9rtebras), ligamentos e at\u00e9 a dura m\u00e1ter. Cerca de 30% da popula\u00e7\u00e3o apresenta um epis\u00f3dio de dor cervical no per\u00edodo de 1 ano. Entre 2% a 11% dos casos, a dor \u00e9 forte e duradoura o suficiente para prejudicar as atividades di\u00e1rias do paciente. Os principais fatores de risco s\u00e3o a predisposi\u00e7\u00e3o gen\u00e9tica, o tabagismo, o sedentarismo, obesidade e problemas posturais. O que se sabe sobre a dor cervical? Como \u00e9 feito o diagn\u00f3stico da dor cervical? O diagn\u00f3stico da dor cervical \u00e9 realizado atrav\u00e9s da obten\u00e7\u00e3o de uma hist\u00f3ria cl\u00ednica e um exame f\u00edsico minucioso. Exames de imagem como radiografias, tomografias e resson\u00e2ncia nuclear magn\u00e9tica podem ser \u00fateis. Qual a import\u00e2ncia do bloqueio diagn\u00f3stico na dor cervical? Em alguns casos \u00e9 extremamente dif\u00edcil precisar a causa da dor cervical. Podemos ent\u00e3o utilizar os bloqueios diagn\u00f3sticos como uma ferramenta importante. Atrav\u00e9s de pun\u00e7\u00f5es realizadas com agulhas e guiadas por m\u00e9todos de imagem (raio-x, ultrassom ou tomografia, por exemplo), injetamos pequenas quantidades de anest\u00e9sicos na estrutura que suspeitamos ser a fonte da dor, caso o paciente apresente melhora, podemos afirmar com mais exatid\u00e3o que aquela era de fato a causa da dor do paciente. Qual o tratamento da dor cervical? O tratamento da dor cervical passa usualmente pelo uso de medicamentos, reabilita\u00e7\u00e3o f\u00edsica (fisioterapia) e, quando refrat\u00e1rio, por procedimentos intervencionistas em dor.&nbsp;<\/p>\n","protected":false},"author":1,"featured_media":0,"parent":0,"menu_order":0,"comment_status":"closed","ping_status":"closed","template":"elementor_header_footer","meta":{"_joinchat":[],"footnotes":""},"class_list":["post-379","page","type-page","status-publish","hentry"],"_links":{"self":[{"href":"https:\/\/drandremansano.com.br\/index.php\/wp-json\/wp\/v2\/pages\/379"}],"collection":[{"href":"https:\/\/drandremansano.com.br\/index.php\/wp-json\/wp\/v2\/pages"}],"about":[{"href":"https:\/\/drandremansano.com.br\/index.php\/wp-json\/wp\/v2\/types\/page"}],"author":[{"embeddable":true,"href":"https:\/\/drandremansano.com.br\/index.php\/wp-json\/wp\/v2\/users\/1"}],"replies":[{"embeddable":true,"href":"https:\/\/drandremansano.com.br\/index.php\/wp-json\/wp\/v2\/comments?post=379"}],"version-history":[{"count":0,"href":"https:\/\/drandremansano.com.br\/index.php\/wp-json\/wp\/v2\/pages\/379\/revisions"}],"wp:attachment":[{"href":"https:\/\/drandremansano.com.br\/index.php\/wp-json\/wp\/v2\/media?parent=379"}],"curies":[{"name":"wp","href":"https:\/\/api.w.org\/{rel}","templated":true}]}}