{"id":377,"date":"2021-01-13T17:13:48","date_gmt":"2021-01-13T17:13:48","guid":{"rendered":"https:\/\/novo2.drandremansano.com.br\/dor-facetaria-lombar-copy\/"},"modified":"2021-01-13T17:13:48","modified_gmt":"2021-01-13T17:13:48","slug":"dor-sacroiliaca","status":"publish","type":"page","link":"https:\/\/drandremansano.com.br\/index.php\/dor-sacroiliaca\/","title":{"rendered":"Dor sacroil\u00edaca"},"content":{"rendered":"\t\t<div data-elementor-type=\"wp-page\" data-elementor-id=\"377\" class=\"elementor elementor-377\">\n\t\t\t\t\t\t<section class=\"elementor-section elementor-top-section elementor-element elementor-element-a091c40 elementor-section-boxed elementor-section-height-default elementor-section-height-default wpr-particle-no wpr-jarallax-no wpr-parallax-no wpr-sticky-section-no wpr-equal-height-no\" data-id=\"a091c40\" data-element_type=\"section\" data-settings=\"{&quot;background_background&quot;:&quot;classic&quot;}\">\n\t\t\t\t\t\t<div class=\"elementor-container elementor-column-gap-default\">\n\t\t\t\t\t<div class=\"elementor-column elementor-col-50 elementor-top-column elementor-element elementor-element-5da55371\" data-id=\"5da55371\" data-element_type=\"column\">\n\t\t\t<div class=\"elementor-widget-wrap elementor-element-populated\">\n\t\t\t\t\t\t<div class=\"elementor-element elementor-element-4a2c549b elementor-widget elementor-widget-image\" data-id=\"4a2c549b\" data-element_type=\"widget\" data-widget_type=\"image.default\">\n\t\t\t\t<div class=\"elementor-widget-container\">\n\t\t\t\t\t\t\t\t\t\t\t\t\t<img decoding=\"async\" width=\"79\" height=\"82\" src=\"https:\/\/drandremansano.com.br\/wp-content\/uploads\/2021\/02\/a-dor.png\" class=\"attachment-large size-large wp-image-1582\" alt=\"\" \/>\t\t\t\t\t\t\t\t\t\t\t\t\t<\/div>\n\t\t\t\t<\/div>\n\t\t\t\t\t<\/div>\n\t\t<\/div>\n\t\t\t\t<div class=\"elementor-column elementor-col-50 elementor-top-column elementor-element elementor-element-5bf02bb1\" data-id=\"5bf02bb1\" data-element_type=\"column\">\n\t\t\t<div class=\"elementor-widget-wrap elementor-element-populated\">\n\t\t\t\t\t\t<div class=\"elementor-element elementor-element-17dcad56 elementor-widget elementor-widget-heading\" data-id=\"17dcad56\" data-element_type=\"widget\" data-widget_type=\"heading.default\">\n\t\t\t\t<div class=\"elementor-widget-container\">\n\t\t\t<h2 class=\"elementor-heading-title elementor-size-default\">Dor sacroil\u00edaca<\/h2>\t\t<\/div>\n\t\t\t\t<\/div>\n\t\t\t\t\t<\/div>\n\t\t<\/div>\n\t\t\t\t\t<\/div>\n\t\t<\/section>\n\t\t\t\t<section class=\"elementor-section elementor-top-section elementor-element elementor-element-52e60d3f elementor-section-boxed elementor-section-height-default elementor-section-height-default wpr-particle-no wpr-jarallax-no wpr-parallax-no wpr-sticky-section-no wpr-equal-height-no\" data-id=\"52e60d3f\" data-element_type=\"section\" data-settings=\"{&quot;background_background&quot;:&quot;classic&quot;}\">\n\t\t\t\t\t\t\t<div class=\"elementor-background-overlay\"><\/div>\n\t\t\t\t\t\t\t<div class=\"elementor-container elementor-column-gap-default\">\n\t\t\t\t\t<div class=\"elementor-column elementor-col-100 elementor-top-column elementor-element elementor-element-4ed56758\" data-id=\"4ed56758\" data-element_type=\"column\">\n\t\t\t<div class=\"elementor-widget-wrap elementor-element-populated\">\n\t\t\t\t\t\t<section class=\"elementor-section elementor-inner-section elementor-element elementor-element-4d00bad4 elementor-section-boxed elementor-section-height-default elementor-section-height-default wpr-particle-no wpr-jarallax-no wpr-parallax-no wpr-sticky-section-no wpr-equal-height-no\" data-id=\"4d00bad4\" data-element_type=\"section\">\n\t\t\t\t\t\t<div class=\"elementor-container elementor-column-gap-default\">\n\t\t\t\t\t<div class=\"elementor-column elementor-col-50 elementor-inner-column elementor-element elementor-element-7e01cf35\" data-id=\"7e01cf35\" data-element_type=\"column\" data-settings=\"{&quot;background_background&quot;:&quot;classic&quot;}\">\n\t\t\t<div class=\"elementor-widget-wrap elementor-element-populated\">\n\t\t\t\t\t\t<div class=\"elementor-element elementor-element-4c1ff5f1 elementor-widget-divider--view-line elementor-widget elementor-widget-divider\" data-id=\"4c1ff5f1\" data-element_type=\"widget\" data-widget_type=\"divider.default\">\n\t\t\t\t<div class=\"elementor-widget-container\">\n\t\t\t\t\t<div class=\"elementor-divider\">\n\t\t\t<span class=\"elementor-divider-separator\">\n\t\t\t\t\t\t<\/span>\n\t\t<\/div>\n\t\t\t\t<\/div>\n\t\t\t\t<\/div>\n\t\t\t\t<div class=\"elementor-element elementor-element-2d29a57b elementor-widget elementor-widget-text-editor\" data-id=\"2d29a57b\" data-element_type=\"widget\" data-widget_type=\"text-editor.default\">\n\t\t\t\t<div class=\"elementor-widget-container\">\n\t\t\t\t\t\t\t<p><span style=\"font-weight: 400;\">A articula\u00e7\u00e3o sacroil\u00edaca \u00e9 considerada a maior articula\u00e7\u00e3o sinovial (que contem c\u00e1psula e l\u00edquido) do corpo humano. Ela est\u00e1 localizada, como o pr\u00f3prio nome diz, entre o sacro e o il\u00edaco (osso da bacia). Sua fun\u00e7\u00e3o principal \u00e9 transmitir o peso de todo o esqueleto para os membros inferiores.<\/span><\/p><p><span style=\"font-weight: 400;\">Bom, as articula\u00e7\u00f5es sacroil\u00edacas funcionam como todas as outras, contendo cartilagem, uma c\u00e1psula e l\u00edquido no seu interior e v\u00e1rios ligamentos que a sustentam, como t\u00eam as articula\u00e7\u00f5es dos joelhos, quadris, etc. Portanto, tamb\u00e9m est\u00e3o sujeitas a processos de degenera\u00e7\u00e3o e artrose. E quando isso acontece podem provocar dores lombares, no gl\u00fateo e, eventualmente at\u00e9 nas pernas.<\/span><\/p><p><span style=\"font-weight: 400;\">As dores da articula\u00e7\u00e3o sacroil\u00edacas podem ser de origem inflamat\u00f3ria (Exemplo: Artrite causada pela psor\u00edase ou espondilite anquilosante) ou mec\u00e2nicas (Exemplo: P\u00f3s quedas, partos ou artrodese da coluna lombar).<\/span><\/p><p>\u00a0<\/p>\t\t\t\t\t\t<\/div>\n\t\t\t\t<\/div>\n\t\t\t\t\t<\/div>\n\t\t<\/div>\n\t\t\t\t<div class=\"elementor-column elementor-col-50 elementor-inner-column elementor-element elementor-element-5e962b70\" data-id=\"5e962b70\" data-element_type=\"column\">\n\t\t\t<div class=\"elementor-widget-wrap\">\n\t\t\t\t\t\t\t<\/div>\n\t\t<\/div>\n\t\t\t\t\t<\/div>\n\t\t<\/section>\n\t\t\t\t\t<\/div>\n\t\t<\/div>\n\t\t\t\t\t<\/div>\n\t\t<\/section>\n\t\t\t\t<section class=\"elementor-section elementor-top-section elementor-element elementor-element-7fe8950d elementor-section-boxed elementor-section-height-default elementor-section-height-default wpr-particle-no wpr-jarallax-no wpr-parallax-no wpr-sticky-section-no wpr-equal-height-no\" data-id=\"7fe8950d\" data-element_type=\"section\">\n\t\t\t\t\t\t\t<div class=\"elementor-background-overlay\"><\/div>\n\t\t\t\t\t\t\t<div class=\"elementor-container elementor-column-gap-default\">\n\t\t\t\t\t<div class=\"elementor-column elementor-col-50 elementor-top-column elementor-element elementor-element-5474dfb2\" data-id=\"5474dfb2\" data-element_type=\"column\">\n\t\t\t<div class=\"elementor-widget-wrap elementor-element-populated\">\n\t\t\t\t\t\t<div class=\"elementor-element elementor-element-4a6dadb3 elementor-widget elementor-widget-image\" data-id=\"4a6dadb3\" data-element_type=\"widget\" data-widget_type=\"image.default\">\n\t\t\t\t<div class=\"elementor-widget-container\">\n\t\t\t\t\t\t\t\t\t\t\t\t\t<img fetchpriority=\"high\" decoding=\"async\" width=\"655\" height=\"811\" src=\"https:\/\/drandremansano.com.br\/wp-content\/uploads\/2021\/01\/dor-sacroiliaca-001.jpg\" class=\"attachment-large size-large wp-image-840\" alt=\"\" srcset=\"https:\/\/drandremansano.com.br\/wp-content\/uploads\/2021\/01\/dor-sacroiliaca-001.jpg 655w, https:\/\/drandremansano.com.br\/wp-content\/uploads\/2021\/01\/dor-sacroiliaca-001-242x300.jpg 242w\" sizes=\"(max-width: 655px) 100vw, 655px\" \/>\t\t\t\t\t\t\t\t\t\t\t\t\t<\/div>\n\t\t\t\t<\/div>\n\t\t\t\t\t<\/div>\n\t\t<\/div>\n\t\t\t\t<div class=\"elementor-column elementor-col-50 elementor-top-column elementor-element elementor-element-5ef78400\" data-id=\"5ef78400\" data-element_type=\"column\">\n\t\t\t<div class=\"elementor-widget-wrap elementor-element-populated\">\n\t\t\t\t\t\t<div class=\"elementor-element elementor-element-5631f2d0 elementor-widget-divider--view-line elementor-widget elementor-widget-divider\" data-id=\"5631f2d0\" data-element_type=\"widget\" data-widget_type=\"divider.default\">\n\t\t\t\t<div class=\"elementor-widget-container\">\n\t\t\t\t\t<div class=\"elementor-divider\">\n\t\t\t<span class=\"elementor-divider-separator\">\n\t\t\t\t\t\t<\/span>\n\t\t<\/div>\n\t\t\t\t<\/div>\n\t\t\t\t<\/div>\n\t\t\t\t<div class=\"elementor-element elementor-element-33520b62 elementor-widget elementor-widget-heading\" data-id=\"33520b62\" data-element_type=\"widget\" data-widget_type=\"heading.default\">\n\t\t\t\t<div class=\"elementor-widget-container\">\n\t\t\t<h2 class=\"elementor-heading-title elementor-size-default\">O QUE SE SABE SOBRE A DOR SACROILIACA\u200b?<\/h2>\t\t<\/div>\n\t\t\t\t<\/div>\n\t\t\t\t<div class=\"elementor-element elementor-element-493f6f6a elementor-widget elementor-widget-toggle\" data-id=\"493f6f6a\" data-element_type=\"widget\" data-widget_type=\"toggle.default\">\n\t\t\t\t<div class=\"elementor-widget-container\">\n\t\t\t\t\t<div class=\"elementor-toggle\">\n\t\t\t\t\t\t\t<div class=\"elementor-toggle-item\">\n\t\t\t\t\t<div id=\"elementor-tab-title-1221\" class=\"elementor-tab-title\" data-tab=\"1\" role=\"button\" aria-controls=\"elementor-tab-content-1221\" aria-expanded=\"false\">\n\t\t\t\t\t\t\t\t\t\t\t\t<span class=\"elementor-toggle-icon elementor-toggle-icon-right\" aria-hidden=\"true\">\n\t\t\t\t\t\t\t\t\t\t\t\t\t\t\t<span class=\"elementor-toggle-icon-closed\"><i class=\"fas fa-plus-circle\"><\/i><\/span>\n\t\t\t\t\t\t\t\t<span class=\"elementor-toggle-icon-opened\"><i class=\"elementor-toggle-icon-opened fas fa-plus\"><\/i><\/span>\n\t\t\t\t\t\t\t\t\t\t\t\t\t<\/span>\n\t\t\t\t\t\t\t\t\t\t\t\t<a class=\"elementor-toggle-title\" tabindex=\"0\">QUEM TEM MAIS CHANCES DE TER DOR ORIGINADA DA ARTICULA\u00c7\u00c3O SACROIL\u00cdACA?<\/a>\n\t\t\t\t\t<\/div>\n\n\t\t\t\t\t<div id=\"elementor-tab-content-1221\" class=\"elementor-tab-content elementor-clearfix\" data-tab=\"1\" role=\"region\" aria-labelledby=\"elementor-tab-title-1221\"><p><span style=\"font-weight: 400;\">Sabemos que alguns pacientes s\u00e3o mais sujeitos a desenvolverem dores da articula\u00e7\u00e3o sacroil\u00edaca.<\/span><\/p>\n<p><span style=\"font-weight: 400;\">Os fatores de risco s\u00e3o:<\/span><\/p>\n<p><\/p>\n<ul>\n<li style=\"font-weight: 400;\" aria-level=\"1\"><span style=\"font-weight: 400;\">Diferen\u00e7as significativas do tamanho dos membros inferiores<\/span><\/li>\n<li style=\"font-weight: 400;\" aria-level=\"1\"><span style=\"font-weight: 400;\">Anormalidades da marcha (modo de caminhar)<\/span><\/li>\n<li style=\"font-weight: 400;\" aria-level=\"1\"><span style=\"font-weight: 400;\">Pr\u00e1tica de exerc\u00edcios repetitivos (Artes marciais, ballet, remo, etc)<\/span><\/li>\n<li style=\"font-weight: 400;\" aria-level=\"1\"><span style=\"font-weight: 400;\">Coloca\u00e7\u00e3o de pinos e parafusos na coluna (artrodese)<\/span><\/li>\n<li style=\"font-weight: 400;\" aria-level=\"1\"><span style=\"font-weight: 400;\">Traumas automobil\u00edsticos ou queda com o gl\u00fateo no ch\u00e3o<\/span><\/li>\n<li style=\"font-weight: 400;\" aria-level=\"1\"><span style=\"font-weight: 400;\">Gestantes&nbsp;<\/span><\/li>\n<li style=\"font-weight: 400;\" aria-level=\"1\"><span style=\"font-weight: 400;\">Doen\u00e7as inflamat\u00f3rias (Psor\u00edase, espondilite anquilosante, etc)<\/span><\/li>\n<\/ul><\/div>\n\t\t\t\t<\/div>\n\t\t\t\t\t\t\t<div class=\"elementor-toggle-item\">\n\t\t\t\t\t<div id=\"elementor-tab-title-1222\" class=\"elementor-tab-title\" data-tab=\"2\" role=\"button\" aria-controls=\"elementor-tab-content-1222\" aria-expanded=\"false\">\n\t\t\t\t\t\t\t\t\t\t\t\t<span class=\"elementor-toggle-icon elementor-toggle-icon-right\" aria-hidden=\"true\">\n\t\t\t\t\t\t\t\t\t\t\t\t\t\t\t<span class=\"elementor-toggle-icon-closed\"><i class=\"fas fa-plus-circle\"><\/i><\/span>\n\t\t\t\t\t\t\t\t<span class=\"elementor-toggle-icon-opened\"><i class=\"elementor-toggle-icon-opened fas fa-plus\"><\/i><\/span>\n\t\t\t\t\t\t\t\t\t\t\t\t\t<\/span>\n\t\t\t\t\t\t\t\t\t\t\t\t<a class=\"elementor-toggle-title\" tabindex=\"0\">COMO S\u00c3O AS DORES ORIGINADAS DA ARTICULA\u00c7\u00c3O SACROIL\u00cdACA?<\/a>\n\t\t\t\t\t<\/div>\n\n\t\t\t\t\t<div id=\"elementor-tab-content-1222\" class=\"elementor-tab-content elementor-clearfix\" data-tab=\"2\" role=\"region\" aria-labelledby=\"elementor-tab-title-1222\"><p><span style=\"font-weight: 400;\">O paciente usualmente se queixa de dores que podem ocorrer na regi\u00e3o lombar baixa, gl\u00fateos, eventualmente nos quadris e menos frequentemente irradiando para as pernas.<\/span><\/p>\n<p><span style=\"font-weight: 400;\">Muitos pacientes referem dores quando permanecem sentados ou quando v\u00e3o levantar de uma cadeira ou da cama. Alguns referem piora das dores ao subir degraus e referem alivio quando deitam.<\/span><\/p><\/div>\n\t\t\t\t<\/div>\n\t\t\t\t\t\t\t<div class=\"elementor-toggle-item\">\n\t\t\t\t\t<div id=\"elementor-tab-title-1223\" class=\"elementor-tab-title\" data-tab=\"3\" role=\"button\" aria-controls=\"elementor-tab-content-1223\" aria-expanded=\"false\">\n\t\t\t\t\t\t\t\t\t\t\t\t<span class=\"elementor-toggle-icon elementor-toggle-icon-right\" aria-hidden=\"true\">\n\t\t\t\t\t\t\t\t\t\t\t\t\t\t\t<span class=\"elementor-toggle-icon-closed\"><i class=\"fas fa-plus-circle\"><\/i><\/span>\n\t\t\t\t\t\t\t\t<span class=\"elementor-toggle-icon-opened\"><i class=\"elementor-toggle-icon-opened fas fa-plus\"><\/i><\/span>\n\t\t\t\t\t\t\t\t\t\t\t\t\t<\/span>\n\t\t\t\t\t\t\t\t\t\t\t\t<a class=\"elementor-toggle-title\" tabindex=\"0\">COMO \u00c9 FEITO O DIAGN\u00d3STICO?<\/a>\n\t\t\t\t\t<\/div>\n\n\t\t\t\t\t<div id=\"elementor-tab-content-1223\" class=\"elementor-tab-content elementor-clearfix\" data-tab=\"3\" role=\"region\" aria-labelledby=\"elementor-tab-title-1223\"><p><span style=\"font-weight: 400;\">O diagn\u00f3stico da dor sacroil\u00edacas \u00e9 feito atrav\u00e9s da an\u00e1lise da hist\u00f3ria cl\u00ednica (caracter\u00edsticas da dor), exame f\u00edsico (existem manobras espec\u00edficas para testar a articula\u00e7\u00e3o) e de exames de imagem como tomografia ou resson\u00e2ncia..<\/span><\/p><p><span style=\"font-weight: 400;\">A an\u00e1lise da resson\u00e2ncia deve ser feita com cautela, pois sabemos que in\u00fameros pacientes t\u00eam altera\u00e7\u00f5es na sacroil\u00edaca sem que isso seja causa de dor.<\/span><\/p><p><span style=\"font-weight: 400;\">Em alguns casos espec\u00edficos lan\u00e7amos m\u00e3o de um bloqueio diagn\u00f3stico. Para isso, \u00e9 realizada uma infiltra\u00e7\u00e3o de anest\u00e9sico dentro da articula\u00e7\u00e3o com posterior avalia\u00e7\u00e3o da dor do paciente. Caso o paciente tenha melhora das dores podemos dizer com maior grau de certeza que de fato as dores vinham dessas articula\u00e7\u00f5es. \u00c9 fundamental que esse procedimento seja realizado em um ambiente de centro cir\u00fargico pois a agulha precisa ser introduzida guiada por um raio-x espec\u00edfico ou pela ultrassonografia.<\/span><\/p><\/div>\n\t\t\t\t<\/div>\n\t\t\t\t\t\t\t<div class=\"elementor-toggle-item\">\n\t\t\t\t\t<div id=\"elementor-tab-title-1224\" class=\"elementor-tab-title\" data-tab=\"4\" role=\"button\" aria-controls=\"elementor-tab-content-1224\" aria-expanded=\"false\">\n\t\t\t\t\t\t\t\t\t\t\t\t<span class=\"elementor-toggle-icon elementor-toggle-icon-right\" aria-hidden=\"true\">\n\t\t\t\t\t\t\t\t\t\t\t\t\t\t\t<span class=\"elementor-toggle-icon-closed\"><i class=\"fas fa-plus-circle\"><\/i><\/span>\n\t\t\t\t\t\t\t\t<span class=\"elementor-toggle-icon-opened\"><i class=\"elementor-toggle-icon-opened fas fa-plus\"><\/i><\/span>\n\t\t\t\t\t\t\t\t\t\t\t\t\t<\/span>\n\t\t\t\t\t\t\t\t\t\t\t\t<a class=\"elementor-toggle-title\" tabindex=\"0\">COMO \u00c9 FEITO O TRATAMENTO?<\/a>\n\t\t\t\t\t<\/div>\n\n\t\t\t\t\t<div id=\"elementor-tab-content-1224\" class=\"elementor-tab-content elementor-clearfix\" data-tab=\"4\" role=\"region\" aria-labelledby=\"elementor-tab-title-1224\"><p><span style=\"font-weight: 400;\">O tratamento de qualquer dor causada pela degenera\u00e7\u00e3o da articula\u00e7\u00e3o sacroil\u00edaca inclui o emprego de uma fisioterapia especializada associada a alguns medicamentos analg\u00e9sicos.<\/span><\/p><p><span style=\"font-weight: 400;\">Nos poucos casos que s\u00e3o originados por doen\u00e7as inflamat\u00f3rias, o tratamento pode ser um pouco mais espec\u00edfico (medicamentos para psor\u00edase, por exemplo).<\/span><\/p><p><span style=\"font-weight: 400;\">Quando o paciente permanece com dor mesmo com o tratamento inicial, podemos optar por t\u00e9cnicas minimamente invasivas.<\/span><\/p><p><span style=\"font-weight: 400;\">Alguns incluem a inje\u00e7\u00e3o de subst\u00e2ncias anest\u00e9sicas,\u00a0 anti-inflamat\u00f3rias e at\u00e9 lubrificantes\u00a0 dentro da articula\u00e7\u00e3o.<\/span><\/p><p><span style=\"font-weight: 400;\">Alguns estudos apontam que a proloterapia pode ter efeito ben\u00e9fico. Esse tratamento consiste na inje\u00e7\u00e3o de subst\u00e2ncias esclerosantes que diversos pontos dos ligamentos que sustentam a articula\u00e7\u00e3o. Essas subst\u00e2ncias provocam uma inflama\u00e7\u00e3o inicial e, durante a cicatriza\u00e7\u00e3o, ocorre um fortalecimento do ligamento envolvido.<\/span><\/p><p><img decoding=\"async\" src=\"https:\/\/drandremansano.com.br\/wp-content\/uploads\/2021\/02\/Sacroiliaca_04.jpg\" \/><\/p><p><span style=\"font-weight: 400;\">Em casos mais graves, podemos queimar os nervos que inervam essas articula\u00e7\u00f5es em um procedimento popularmente conhecido como rizotomia, usualmente realizado atrav\u00e9s de radiofrequ\u00eancia.<\/span><\/p><p><span style=\"font-weight: 400;\"><img decoding=\"async\" src=\"https:\/\/drandremansano.com.br\/wp-content\/uploads\/2021\/02\/dor-sacroiliaca-tratamento.jpeg\" \/>\u00a0<\/span><\/p><\/div>\n\t\t\t\t<\/div>\n\t\t\t\t\t\t\t\t<\/div>\n\t\t\t\t<\/div>\n\t\t\t\t<\/div>\n\t\t\t\t\t<\/div>\n\t\t<\/div>\n\t\t\t\t\t<\/div>\n\t\t<\/section>\n\t\t\t\t<\/div>\n\t\t","protected":false},"excerpt":{"rendered":"<p>Dor sacroil\u00edaca A articula\u00e7\u00e3o sacroil\u00edaca \u00e9 considerada a maior articula\u00e7\u00e3o sinovial (que contem c\u00e1psula e l\u00edquido) do corpo humano. Ela est\u00e1 localizada, como o pr\u00f3prio nome diz, entre o sacro e o il\u00edaco (osso da bacia). Sua fun\u00e7\u00e3o principal \u00e9 transmitir o peso de todo o esqueleto para os membros inferiores. Bom, as articula\u00e7\u00f5es sacroil\u00edacas funcionam como todas as outras, contendo cartilagem, uma c\u00e1psula e l\u00edquido no seu interior e v\u00e1rios ligamentos que a sustentam, como t\u00eam as articula\u00e7\u00f5es dos joelhos, quadris, etc. Portanto, tamb\u00e9m est\u00e3o sujeitas a processos de degenera\u00e7\u00e3o e artrose. E quando isso acontece podem provocar dores lombares, no gl\u00fateo e, eventualmente at\u00e9 nas pernas. As dores da articula\u00e7\u00e3o sacroil\u00edacas podem ser de origem inflamat\u00f3ria (Exemplo: Artrite causada pela psor\u00edase ou espondilite anquilosante) ou mec\u00e2nicas (Exemplo: P\u00f3s quedas, partos ou artrodese da coluna lombar). \u00a0 O QUE SE SABE SOBRE A DOR SACROILIACA\u200b? QUEM TEM MAIS CHANCES DE TER DOR ORIGINADA DA ARTICULA\u00c7\u00c3O SACROIL\u00cdACA? Sabemos que alguns pacientes s\u00e3o mais sujeitos a desenvolverem dores da articula\u00e7\u00e3o sacroil\u00edaca. Os fatores de risco s\u00e3o: Diferen\u00e7as significativas do tamanho dos membros inferiores Anormalidades da marcha (modo de caminhar) Pr\u00e1tica de exerc\u00edcios repetitivos (Artes marciais, ballet, remo, etc) Coloca\u00e7\u00e3o de pinos e parafusos na coluna (artrodese) Traumas automobil\u00edsticos ou queda com o gl\u00fateo no ch\u00e3o Gestantes&nbsp; Doen\u00e7as inflamat\u00f3rias (Psor\u00edase, espondilite anquilosante, etc) COMO S\u00c3O AS DORES ORIGINADAS DA ARTICULA\u00c7\u00c3O SACROIL\u00cdACA? O paciente usualmente se queixa de dores que podem ocorrer na regi\u00e3o lombar baixa, gl\u00fateos, eventualmente nos quadris e menos frequentemente irradiando para as pernas. Muitos pacientes referem dores quando permanecem sentados ou quando v\u00e3o levantar de uma cadeira ou da cama. Alguns referem piora das dores ao subir degraus e referem alivio quando deitam. COMO \u00c9 FEITO O DIAGN\u00d3STICO? O diagn\u00f3stico da dor sacroil\u00edacas \u00e9 feito atrav\u00e9s da an\u00e1lise da hist\u00f3ria cl\u00ednica (caracter\u00edsticas da dor), exame f\u00edsico (existem manobras espec\u00edficas para testar a articula\u00e7\u00e3o) e de exames de imagem como tomografia ou resson\u00e2ncia.. A an\u00e1lise da resson\u00e2ncia deve ser feita com cautela, pois sabemos que in\u00fameros pacientes t\u00eam altera\u00e7\u00f5es na sacroil\u00edaca sem que isso seja causa de dor. Em alguns casos espec\u00edficos lan\u00e7amos m\u00e3o de um bloqueio diagn\u00f3stico. Para isso, \u00e9 realizada uma infiltra\u00e7\u00e3o de anest\u00e9sico dentro da articula\u00e7\u00e3o com posterior avalia\u00e7\u00e3o da dor do paciente. Caso o paciente tenha melhora das dores podemos dizer com maior grau de certeza que de fato as dores vinham dessas articula\u00e7\u00f5es. \u00c9 fundamental que esse procedimento seja realizado em um ambiente de centro cir\u00fargico pois a agulha precisa ser introduzida guiada por um raio-x espec\u00edfico ou pela ultrassonografia. COMO \u00c9 FEITO O TRATAMENTO? O tratamento de qualquer dor causada pela degenera\u00e7\u00e3o da articula\u00e7\u00e3o sacroil\u00edaca inclui o emprego de uma fisioterapia especializada associada a alguns medicamentos analg\u00e9sicos. Nos poucos casos que s\u00e3o originados por doen\u00e7as inflamat\u00f3rias, o tratamento pode ser um pouco mais espec\u00edfico (medicamentos para psor\u00edase, por exemplo). Quando o paciente permanece com dor mesmo com o tratamento inicial, podemos optar por t\u00e9cnicas minimamente invasivas. Alguns incluem a inje\u00e7\u00e3o de subst\u00e2ncias anest\u00e9sicas,\u00a0 anti-inflamat\u00f3rias e at\u00e9 lubrificantes\u00a0 dentro da articula\u00e7\u00e3o. Alguns estudos apontam que a proloterapia pode ter efeito ben\u00e9fico. Esse tratamento consiste na inje\u00e7\u00e3o de subst\u00e2ncias esclerosantes que diversos pontos dos ligamentos que sustentam a articula\u00e7\u00e3o. Essas subst\u00e2ncias provocam uma inflama\u00e7\u00e3o inicial e, durante a cicatriza\u00e7\u00e3o, ocorre um fortalecimento do ligamento envolvido. Em casos mais graves, podemos queimar os nervos que inervam essas articula\u00e7\u00f5es em um procedimento popularmente conhecido como rizotomia, usualmente realizado atrav\u00e9s de radiofrequ\u00eancia. \u00a0<\/p>\n","protected":false},"author":1,"featured_media":0,"parent":0,"menu_order":0,"comment_status":"closed","ping_status":"closed","template":"elementor_header_footer","meta":{"_joinchat":[],"footnotes":""},"class_list":["post-377","page","type-page","status-publish","hentry"],"_links":{"self":[{"href":"https:\/\/drandremansano.com.br\/index.php\/wp-json\/wp\/v2\/pages\/377"}],"collection":[{"href":"https:\/\/drandremansano.com.br\/index.php\/wp-json\/wp\/v2\/pages"}],"about":[{"href":"https:\/\/drandremansano.com.br\/index.php\/wp-json\/wp\/v2\/types\/page"}],"author":[{"embeddable":true,"href":"https:\/\/drandremansano.com.br\/index.php\/wp-json\/wp\/v2\/users\/1"}],"replies":[{"embeddable":true,"href":"https:\/\/drandremansano.com.br\/index.php\/wp-json\/wp\/v2\/comments?post=377"}],"version-history":[{"count":0,"href":"https:\/\/drandremansano.com.br\/index.php\/wp-json\/wp\/v2\/pages\/377\/revisions"}],"wp:attachment":[{"href":"https:\/\/drandremansano.com.br\/index.php\/wp-json\/wp\/v2\/media?parent=377"}],"curies":[{"name":"wp","href":"https:\/\/api.w.org\/{rel}","templated":true}]}}