{"id":375,"date":"2021-01-13T17:12:36","date_gmt":"2021-01-13T17:12:36","guid":{"rendered":"https:\/\/novo2.drandremansano.com.br\/dor-lombar-copy\/"},"modified":"2021-01-13T17:12:36","modified_gmt":"2021-01-13T17:12:36","slug":"dores-de-cabeca","status":"publish","type":"page","link":"https:\/\/drandremansano.com.br\/index.php\/dores-de-cabeca\/","title":{"rendered":"Dores de cabe\u00e7a"},"content":{"rendered":"\t\t<div data-elementor-type=\"wp-page\" data-elementor-id=\"375\" class=\"elementor elementor-375\">\n\t\t\t\t\t\t<section class=\"elementor-section elementor-top-section elementor-element elementor-element-6b913e09 elementor-section-boxed elementor-section-height-default elementor-section-height-default wpr-particle-no wpr-jarallax-no wpr-parallax-no wpr-sticky-section-no wpr-column-slider-no wpr-equal-height-no\" data-id=\"6b913e09\" data-element_type=\"section\" data-settings=\"{&quot;background_background&quot;:&quot;classic&quot;}\">\n\t\t\t\t\t\t<div class=\"elementor-container elementor-column-gap-default\">\n\t\t\t\t\t<div class=\"elementor-column elementor-col-50 elementor-top-column elementor-element elementor-element-586c320b\" data-id=\"586c320b\" data-element_type=\"column\">\n\t\t\t<div class=\"elementor-widget-wrap elementor-element-populated\">\n\t\t\t\t\t\t<div class=\"elementor-element elementor-element-3c3340ae elementor-widget elementor-widget-image\" data-id=\"3c3340ae\" data-element_type=\"widget\" data-widget_type=\"image.default\">\n\t\t\t\t<div class=\"elementor-widget-container\">\n\t\t\t\t\t\t\t\t\t\t\t\t\t<img decoding=\"async\" width=\"73\" height=\"73\" src=\"https:\/\/drandremansano.com.br\/wp-content\/uploads\/2020\/12\/logo-008.png\" class=\"attachment-large size-large wp-image-103\" alt=\"\" \/>\t\t\t\t\t\t\t\t\t\t\t\t\t<\/div>\n\t\t\t\t<\/div>\n\t\t\t\t\t<\/div>\n\t\t<\/div>\n\t\t\t\t<div class=\"elementor-column elementor-col-50 elementor-top-column elementor-element elementor-element-5a8648a9\" data-id=\"5a8648a9\" data-element_type=\"column\">\n\t\t\t<div class=\"elementor-widget-wrap elementor-element-populated\">\n\t\t\t\t\t\t<div class=\"elementor-element elementor-element-6eaffa2b elementor-widget elementor-widget-heading\" data-id=\"6eaffa2b\" data-element_type=\"widget\" data-widget_type=\"heading.default\">\n\t\t\t\t<div class=\"elementor-widget-container\">\n\t\t\t<h2 class=\"elementor-heading-title elementor-size-default\">Dores de cabe\u00e7a<\/h2>\t\t<\/div>\n\t\t\t\t<\/div>\n\t\t\t\t\t<\/div>\n\t\t<\/div>\n\t\t\t\t\t<\/div>\n\t\t<\/section>\n\t\t\t\t<section class=\"elementor-section elementor-top-section elementor-element elementor-element-73178bb0 elementor-section-boxed elementor-section-height-default elementor-section-height-default wpr-particle-no wpr-jarallax-no wpr-parallax-no wpr-sticky-section-no wpr-column-slider-no wpr-equal-height-no\" data-id=\"73178bb0\" data-element_type=\"section\" data-settings=\"{&quot;background_background&quot;:&quot;classic&quot;}\">\n\t\t\t\t\t\t<div class=\"elementor-container elementor-column-gap-default\">\n\t\t\t\t\t<div class=\"elementor-column elementor-col-100 elementor-top-column elementor-element elementor-element-5f69892e\" data-id=\"5f69892e\" data-element_type=\"column\">\n\t\t\t<div class=\"elementor-widget-wrap elementor-element-populated\">\n\t\t\t\t\t\t<section class=\"elementor-section elementor-inner-section elementor-element elementor-element-56716b16 elementor-section-boxed elementor-section-height-default elementor-section-height-default wpr-particle-no wpr-jarallax-no wpr-parallax-no wpr-sticky-section-no wpr-column-slider-no wpr-equal-height-no\" data-id=\"56716b16\" data-element_type=\"section\">\n\t\t\t\t\t\t<div class=\"elementor-container elementor-column-gap-default\">\n\t\t\t\t\t<div class=\"elementor-column elementor-col-50 elementor-inner-column elementor-element elementor-element-60eeef13\" data-id=\"60eeef13\" data-element_type=\"column\" data-settings=\"{&quot;background_background&quot;:&quot;classic&quot;}\">\n\t\t\t<div class=\"elementor-widget-wrap elementor-element-populated\">\n\t\t\t\t\t\t<div class=\"elementor-element elementor-element-3b7dc2c1 elementor-widget-divider--view-line elementor-widget elementor-widget-divider\" data-id=\"3b7dc2c1\" data-element_type=\"widget\" data-widget_type=\"divider.default\">\n\t\t\t\t<div class=\"elementor-widget-container\">\n\t\t\t\t\t<div class=\"elementor-divider\">\n\t\t\t<span class=\"elementor-divider-separator\">\n\t\t\t\t\t\t<\/span>\n\t\t<\/div>\n\t\t\t\t<\/div>\n\t\t\t\t<\/div>\n\t\t\t\t<div class=\"elementor-element elementor-element-3d6cfb7f elementor-widget elementor-widget-text-editor\" data-id=\"3d6cfb7f\" data-element_type=\"widget\" data-widget_type=\"text-editor.default\">\n\t\t\t\t<div class=\"elementor-widget-container\">\n\t\t\t\t\t\t\t<p>Entende-se por dores de cabe\u00e7a, ou cefaleia, as dores que ocorrem na regi\u00e3o do cr\u00e2nio. Dores na face representam outro problema e ser\u00e3o abordados em uma sess\u00e3o espec\u00edfica.<\/p><p>Dificilmente encontramos algu\u00e9m que nunca tenha tido dores de cabe\u00e7a ao menos uma vez na vida, \u00e9 realmente um problema muito comum dividindo com as dores lombares as primeiras posi\u00e7\u00f5es entre os motivos que fazem um paciente a procurar um m\u00e9dico especialista em dor.<\/p><p>Existem mais de 200 tipos de dores de cabe\u00e7a, felizmente a grande maioria n\u00e3o representa algo grave ou qualquer perigo de vida como muitos pensam, mas \u00e9 importante atentar para alguns sinais de alerta (vide t\u00f3pico \u201cquando procurar um m\u00e9dico rapidamente\u201d). Com esse dado, j\u00e1 percebemos que o diagn\u00f3stico da causa da dor de cabe\u00e7a \u00e9 algo desafiador e deve ser feito com muito cuidado j\u00e1 que diferentes tipos de dor de cabe\u00e7a muitas vezes t\u00eam tratamentos espec\u00edfico.<\/p><p>Didaticamente podemos dividi-las em \u201ccefaleias prim\u00e1rias\u201d ou \u201csecund\u00e1rias\u201d. Basicamente, as cefaleias prim\u00e1rias n\u00e3o tem uma causa determinada e os principais exemplos s\u00e3o as cefaleias tensionais, as enxaquecas e cefaleia em salvas. J\u00e1 as cefaleias secund\u00e1rias, t\u00eam uma causa espec\u00edfica (sinusite cr\u00f4nica, trauma, tumores, etc.).<\/p>\t\t\t\t\t\t<\/div>\n\t\t\t\t<\/div>\n\t\t\t\t\t<\/div>\n\t\t<\/div>\n\t\t\t\t<div class=\"elementor-column elementor-col-50 elementor-inner-column elementor-element elementor-element-3928301d\" data-id=\"3928301d\" data-element_type=\"column\">\n\t\t\t<div class=\"elementor-widget-wrap\">\n\t\t\t\t\t\t\t<\/div>\n\t\t<\/div>\n\t\t\t\t\t<\/div>\n\t\t<\/section>\n\t\t\t\t\t<\/div>\n\t\t<\/div>\n\t\t\t\t\t<\/div>\n\t\t<\/section>\n\t\t\t\t<section class=\"elementor-section elementor-top-section elementor-element elementor-element-1e471f76 elementor-section-boxed elementor-section-height-default elementor-section-height-default wpr-particle-no wpr-jarallax-no wpr-parallax-no wpr-sticky-section-no wpr-column-slider-no wpr-equal-height-no\" data-id=\"1e471f76\" data-element_type=\"section\">\n\t\t\t\t\t\t\t<div class=\"elementor-background-overlay\"><\/div>\n\t\t\t\t\t\t\t<div class=\"elementor-container elementor-column-gap-default\">\n\t\t\t\t\t<div class=\"elementor-column elementor-col-50 elementor-top-column elementor-element elementor-element-23024b1\" data-id=\"23024b1\" data-element_type=\"column\">\n\t\t\t<div class=\"elementor-widget-wrap elementor-element-populated\">\n\t\t\t\t\t\t<div class=\"elementor-element elementor-element-599e2e30 elementor-widget elementor-widget-image\" data-id=\"599e2e30\" data-element_type=\"widget\" data-widget_type=\"image.default\">\n\t\t\t\t<div class=\"elementor-widget-container\">\n\t\t\t\t\t\t\t\t\t\t\t\t\t<img fetchpriority=\"high\" decoding=\"async\" width=\"655\" height=\"811\" src=\"https:\/\/drandremansano.com.br\/wp-content\/uploads\/2021\/01\/imagem-foto-003.jpg\" class=\"attachment-large size-large wp-image-803\" alt=\"\" srcset=\"https:\/\/drandremansano.com.br\/wp-content\/uploads\/2021\/01\/imagem-foto-003.jpg 655w, https:\/\/drandremansano.com.br\/wp-content\/uploads\/2021\/01\/imagem-foto-003-242x300.jpg 242w\" sizes=\"(max-width: 655px) 100vw, 655px\" \/>\t\t\t\t\t\t\t\t\t\t\t\t\t<\/div>\n\t\t\t\t<\/div>\n\t\t\t\t\t<\/div>\n\t\t<\/div>\n\t\t\t\t<div class=\"elementor-column elementor-col-50 elementor-top-column elementor-element elementor-element-3037882a\" data-id=\"3037882a\" data-element_type=\"column\">\n\t\t\t<div class=\"elementor-widget-wrap elementor-element-populated\">\n\t\t\t\t\t\t<div class=\"elementor-element elementor-element-f7bcae2 elementor-widget-divider--view-line elementor-widget elementor-widget-divider\" data-id=\"f7bcae2\" data-element_type=\"widget\" data-widget_type=\"divider.default\">\n\t\t\t\t<div class=\"elementor-widget-container\">\n\t\t\t\t\t<div class=\"elementor-divider\">\n\t\t\t<span class=\"elementor-divider-separator\">\n\t\t\t\t\t\t<\/span>\n\t\t<\/div>\n\t\t\t\t<\/div>\n\t\t\t\t<\/div>\n\t\t\t\t<div class=\"elementor-element elementor-element-4a89ef71 elementor-widget elementor-widget-heading\" data-id=\"4a89ef71\" data-element_type=\"widget\" data-widget_type=\"heading.default\">\n\t\t\t\t<div class=\"elementor-widget-container\">\n\t\t\t<h2 class=\"elementor-heading-title elementor-size-default\">O DIAGN\u00d3STICO DA DOR DE CABE\u00c7A<\/h2>\t\t<\/div>\n\t\t\t\t<\/div>\n\t\t\t\t<div class=\"elementor-element elementor-element-39683243 elementor-widget elementor-widget-toggle\" data-id=\"39683243\" data-element_type=\"widget\" data-widget_type=\"toggle.default\">\n\t\t\t\t<div class=\"elementor-widget-container\">\n\t\t\t\t\t<div class=\"elementor-toggle\">\n\t\t\t\t\t\t\t<div class=\"elementor-toggle-item\">\n\t\t\t\t\t<div id=\"elementor-tab-title-9631\" class=\"elementor-tab-title\" data-tab=\"1\" role=\"button\" aria-controls=\"elementor-tab-content-9631\" aria-expanded=\"false\">\n\t\t\t\t\t\t\t\t\t\t\t\t<span class=\"elementor-toggle-icon elementor-toggle-icon-right\" aria-hidden=\"true\">\n\t\t\t\t\t\t\t\t\t\t\t\t\t\t\t<span class=\"elementor-toggle-icon-closed\"><i class=\"fas fa-plus-circle\"><\/i><\/span>\n\t\t\t\t\t\t\t\t<span class=\"elementor-toggle-icon-opened\"><i class=\"elementor-toggle-icon-opened fas fa-plus\"><\/i><\/span>\n\t\t\t\t\t\t\t\t\t\t\t\t\t<\/span>\n\t\t\t\t\t\t\t\t\t\t\t\t<a class=\"elementor-toggle-title\" tabindex=\"0\">O DIAGN\u00d3STICO DA DOR DE CABE\u00c7A<\/a>\n\t\t\t\t\t<\/div>\n\n\t\t\t\t\t<div id=\"elementor-tab-content-9631\" class=\"elementor-tab-content elementor-clearfix\" data-tab=\"1\" role=\"region\" aria-labelledby=\"elementor-tab-title-9631\"><p><span style=\"font-weight: 400;\">Para que um diagn\u00f3stico preciso seja estabelecido \u00e9 fundamental que ao menos tr\u00eas passos sejam dados:<\/span><\/p><p><b>1- Avalia\u00e7\u00e3o da hist\u00f3ria cl\u00ednica<\/b><\/p><p><span style=\"font-weight: 400;\">As caracter\u00edsticas das dores podem nos dar dicas valiosas para chegarmos a um diagn\u00f3stico. As principais caracter\u00edsticas s\u00e3o: localiza\u00e7\u00e3o, tipo de dor (pontada, fisgada, puls\u00e1til, etc.), fatores que pioram ou melhoram as dores, sintomas associados (n\u00e1useas e v\u00f4mitos), fatores que desencadeiam as crises, intensidade das dores, etc. Tudo deve ser levado em considera\u00e7\u00e3o.<\/span><\/p><p><b>2- Exame f\u00edsico<\/b><\/p><p><span style=\"font-weight: 400;\">Ser examinado pelo m\u00e9dico \u00e9 obrigat\u00f3rio. V\u00e1rios tipos de dor de cabe\u00e7a s\u00f3 s\u00e3o descobertos caso o m\u00e9dico toque no paciente. Um exemplo, dores de cabe\u00e7a podem ser causadas por problemas musculares no pesco\u00e7o. S\u00f3 conseguimos descobrir isso palpando a musculatura.<\/span><\/p><p><b>3- Exames complementares<\/b><\/p><p><span style=\"font-weight: 400;\">A depender do que obtivermos na hist\u00f3ria cl\u00ednica e exame f\u00edsico, podemos ou n\u00e3o solicitar alguns exames para o paciente. Aqui vale ressaltar que a maioria dos pacientes com dor de cabe\u00e7a apresentam exames completamente normais. Os exames mais solicitados s\u00e3o tomografia e resson\u00e2ncia do cr\u00e2nio, mas isso n\u00e3o quer dizer que todos os pacientes precisam realiza-los.<\/span><\/p><\/div>\n\t\t\t\t<\/div>\n\t\t\t\t\t\t\t<div class=\"elementor-toggle-item\">\n\t\t\t\t\t<div id=\"elementor-tab-title-9632\" class=\"elementor-tab-title\" data-tab=\"2\" role=\"button\" aria-controls=\"elementor-tab-content-9632\" aria-expanded=\"false\">\n\t\t\t\t\t\t\t\t\t\t\t\t<span class=\"elementor-toggle-icon elementor-toggle-icon-right\" aria-hidden=\"true\">\n\t\t\t\t\t\t\t\t\t\t\t\t\t\t\t<span class=\"elementor-toggle-icon-closed\"><i class=\"fas fa-plus-circle\"><\/i><\/span>\n\t\t\t\t\t\t\t\t<span class=\"elementor-toggle-icon-opened\"><i class=\"elementor-toggle-icon-opened fas fa-plus\"><\/i><\/span>\n\t\t\t\t\t\t\t\t\t\t\t\t\t<\/span>\n\t\t\t\t\t\t\t\t\t\t\t\t<a class=\"elementor-toggle-title\" tabindex=\"0\">QUANDO PROCURAR UM M\u00c9DICO RAPIDAMENTE?<\/a>\n\t\t\t\t\t<\/div>\n\n\t\t\t\t\t<div id=\"elementor-tab-content-9632\" class=\"elementor-tab-content elementor-clearfix\" data-tab=\"2\" role=\"region\" aria-labelledby=\"elementor-tab-title-9632\"><p><span style=\"font-weight: 400;\">Como foi dito, a grande maioria das dores de cabe\u00e7a n\u00e3o t\u00eam um causa grave por tr\u00e1s. Algumas caracter\u00edsticas aumentam as chances de uma doen\u00e7a mais s\u00e9ria, ent\u00e3o \u00e9 importante procurar ajuda m\u00e9dica de forma mais r\u00e1pida, caso algum dos seguintes crit\u00e9rios estiverem presentes:<\/span><\/p>\n<p><\/p>\n<ul>\n<li style=\"font-weight: 400;\" aria-level=\"1\"><span style=\"font-weight: 400;\">Sintomas chamados de sist\u00eamicos como emagrecimento ou febre<\/span><\/li>\n<li style=\"font-weight: 400;\" aria-level=\"1\"><span style=\"font-weight: 400;\">Hist\u00f3ria pr\u00e9via de algum c\u00e2ncer<\/span><\/li>\n<li style=\"font-weight: 400;\" aria-level=\"1\"><span style=\"font-weight: 400;\">Sintoma neurol\u00f3gico espec\u00edfico (confus\u00e3o mental, diminui\u00e7\u00e3o de for\u00e7a em membros, etc.)<\/span><\/li>\n<li style=\"font-weight: 400;\" aria-level=\"1\"><span style=\"font-weight: 400;\">In\u00edcio abrupto<\/span><\/li>\n<li style=\"font-weight: 400;\" aria-level=\"1\"><span style=\"font-weight: 400;\">In\u00edcio das dores de cabe\u00e7a ap\u00f3s os 50 anos<\/span><\/li>\n<li style=\"font-weight: 400;\" aria-level=\"1\"><span style=\"font-weight: 400;\">Altera\u00e7\u00e3o do padr\u00e3o das dores de cabe\u00e7a<\/span><\/li>\n<li style=\"font-weight: 400;\" aria-level=\"1\"><span style=\"font-weight: 400;\">Dor de cabe\u00e7a que altera com a posi\u00e7\u00e3o do corpo<\/span><\/li>\n<li style=\"font-weight: 400;\" aria-level=\"1\"><span style=\"font-weight: 400;\">Dor de cabe\u00e7a que piora com exerc\u00edcio, tosse ou espirro<\/span><\/li>\n<li style=\"font-weight: 400;\" aria-level=\"1\"><span style=\"font-weight: 400;\">Dor de cabe\u00e7a que tem piorado progressivamente<\/span><\/li>\n<li style=\"font-weight: 400;\" aria-level=\"1\"><span style=\"font-weight: 400;\">Dor de cabe\u00e7a que ocorre na gravidez ou no puerp\u00e9rio<\/span><\/li>\n<li style=\"font-weight: 400;\" aria-level=\"1\"><span style=\"font-weight: 400;\">Dor de cabe\u00e7a ap\u00f3s traumas<\/span><\/li>\n<li style=\"font-weight: 400;\" aria-level=\"1\"><span style=\"font-weight: 400;\">Doen\u00e7a que afeta o sistema imunol\u00f3gico (HIV, por exemplo)<\/span><\/li>\n<\/ul><\/div>\n\t\t\t\t<\/div>\n\t\t\t\t\t\t\t<div class=\"elementor-toggle-item\">\n\t\t\t\t\t<div id=\"elementor-tab-title-9633\" class=\"elementor-tab-title\" data-tab=\"3\" role=\"button\" aria-controls=\"elementor-tab-content-9633\" aria-expanded=\"false\">\n\t\t\t\t\t\t\t\t\t\t\t\t<span class=\"elementor-toggle-icon elementor-toggle-icon-right\" aria-hidden=\"true\">\n\t\t\t\t\t\t\t\t\t\t\t\t\t\t\t<span class=\"elementor-toggle-icon-closed\"><i class=\"fas fa-plus-circle\"><\/i><\/span>\n\t\t\t\t\t\t\t\t<span class=\"elementor-toggle-icon-opened\"><i class=\"elementor-toggle-icon-opened fas fa-plus\"><\/i><\/span>\n\t\t\t\t\t\t\t\t\t\t\t\t\t<\/span>\n\t\t\t\t\t\t\t\t\t\t\t\t<a class=\"elementor-toggle-title\" tabindex=\"0\">TRATAMENTO<\/a>\n\t\t\t\t\t<\/div>\n\n\t\t\t\t\t<div id=\"elementor-tab-content-9633\" class=\"elementor-tab-content elementor-clearfix\" data-tab=\"3\" role=\"region\" aria-labelledby=\"elementor-tab-title-9633\"><p><span style=\"font-weight: 400;\">O tratamento das dores de cabe\u00e7a depender\u00e1 do tipo de dor de cabe\u00e7a em quest\u00e3o (cada tratamento ser\u00e1 abordado nos textos espec\u00edficos sobre cada tipo de dor).<\/span><\/p>\n<p><span style=\"font-weight: 400;\">Em linhas gerais podemos utilizar medicamentos analg\u00e9sicos para tirar o paciente de uma crise de dor de cabe\u00e7a (conhecido como tratamento abortivo) ou at\u00e9 usar medicamentos para diminuir as chances de o paciente ter uma crise futura (\u00e9 o que chamamos de tratamento preventivo).<\/span><\/p>\n<p><span style=\"font-weight: 400;\">Alguns tipos de dor de cabe\u00e7a podem ser tratados com fisioterapia especializada, eventualmente a acupuntura tamb\u00e9m pode trazer benef\u00edcios.&nbsp;<\/span>Em casos mais dif\u00edceis, podemos lan\u00e7ar m\u00e3o de procedimentos mais invasivos como bloqueios, infiltra\u00e7\u00e3o de toxina botul\u00ednica, radiofrequ\u00eancia ou estimula\u00e7\u00e3o de nervos.&nbsp;<\/p><\/div>\n\t\t\t\t<\/div>\n\t\t\t\t\t\t\t\t<\/div>\n\t\t\t\t<\/div>\n\t\t\t\t<\/div>\n\t\t\t\t\t<\/div>\n\t\t<\/div>\n\t\t\t\t\t<\/div>\n\t\t<\/section>\n\t\t\t\t<\/div>\n\t\t","protected":false},"excerpt":{"rendered":"<p>Dores de cabe\u00e7a Entende-se por dores de cabe\u00e7a, ou cefaleia, as dores que ocorrem na regi\u00e3o do cr\u00e2nio. Dores na face representam outro problema e ser\u00e3o abordados em uma sess\u00e3o espec\u00edfica. Dificilmente encontramos algu\u00e9m que nunca tenha tido dores de cabe\u00e7a ao menos uma vez na vida, \u00e9 realmente um problema muito comum dividindo com as dores lombares as primeiras posi\u00e7\u00f5es entre os motivos que fazem um paciente a procurar um m\u00e9dico especialista em dor. Existem mais de 200 tipos de dores de cabe\u00e7a, felizmente a grande maioria n\u00e3o representa algo grave ou qualquer perigo de vida como muitos pensam, mas \u00e9 importante atentar para alguns sinais de alerta (vide t\u00f3pico \u201cquando procurar um m\u00e9dico rapidamente\u201d). Com esse dado, j\u00e1 percebemos que o diagn\u00f3stico da causa da dor de cabe\u00e7a \u00e9 algo desafiador e deve ser feito com muito cuidado j\u00e1 que diferentes tipos de dor de cabe\u00e7a muitas vezes t\u00eam tratamentos espec\u00edfico. Didaticamente podemos dividi-las em \u201ccefaleias prim\u00e1rias\u201d ou \u201csecund\u00e1rias\u201d. Basicamente, as cefaleias prim\u00e1rias n\u00e3o tem uma causa determinada e os principais exemplos s\u00e3o as cefaleias tensionais, as enxaquecas e cefaleia em salvas. J\u00e1 as cefaleias secund\u00e1rias, t\u00eam uma causa espec\u00edfica (sinusite cr\u00f4nica, trauma, tumores, etc.). O DIAGN\u00d3STICO DA DOR DE CABE\u00c7A O DIAGN\u00d3STICO DA DOR DE CABE\u00c7A Para que um diagn\u00f3stico preciso seja estabelecido \u00e9 fundamental que ao menos tr\u00eas passos sejam dados: 1- Avalia\u00e7\u00e3o da hist\u00f3ria cl\u00ednica As caracter\u00edsticas das dores podem nos dar dicas valiosas para chegarmos a um diagn\u00f3stico. As principais caracter\u00edsticas s\u00e3o: localiza\u00e7\u00e3o, tipo de dor (pontada, fisgada, puls\u00e1til, etc.), fatores que pioram ou melhoram as dores, sintomas associados (n\u00e1useas e v\u00f4mitos), fatores que desencadeiam as crises, intensidade das dores, etc. Tudo deve ser levado em considera\u00e7\u00e3o. 2- Exame f\u00edsico Ser examinado pelo m\u00e9dico \u00e9 obrigat\u00f3rio. V\u00e1rios tipos de dor de cabe\u00e7a s\u00f3 s\u00e3o descobertos caso o m\u00e9dico toque no paciente. Um exemplo, dores de cabe\u00e7a podem ser causadas por problemas musculares no pesco\u00e7o. S\u00f3 conseguimos descobrir isso palpando a musculatura. 3- Exames complementares A depender do que obtivermos na hist\u00f3ria cl\u00ednica e exame f\u00edsico, podemos ou n\u00e3o solicitar alguns exames para o paciente. Aqui vale ressaltar que a maioria dos pacientes com dor de cabe\u00e7a apresentam exames completamente normais. Os exames mais solicitados s\u00e3o tomografia e resson\u00e2ncia do cr\u00e2nio, mas isso n\u00e3o quer dizer que todos os pacientes precisam realiza-los. QUANDO PROCURAR UM M\u00c9DICO RAPIDAMENTE? Como foi dito, a grande maioria das dores de cabe\u00e7a n\u00e3o t\u00eam um causa grave por tr\u00e1s. Algumas caracter\u00edsticas aumentam as chances de uma doen\u00e7a mais s\u00e9ria, ent\u00e3o \u00e9 importante procurar ajuda m\u00e9dica de forma mais r\u00e1pida, caso algum dos seguintes crit\u00e9rios estiverem presentes: Sintomas chamados de sist\u00eamicos como emagrecimento ou febre Hist\u00f3ria pr\u00e9via de algum c\u00e2ncer Sintoma neurol\u00f3gico espec\u00edfico (confus\u00e3o mental, diminui\u00e7\u00e3o de for\u00e7a em membros, etc.) In\u00edcio abrupto In\u00edcio das dores de cabe\u00e7a ap\u00f3s os 50 anos Altera\u00e7\u00e3o do padr\u00e3o das dores de cabe\u00e7a Dor de cabe\u00e7a que altera com a posi\u00e7\u00e3o do corpo Dor de cabe\u00e7a que piora com exerc\u00edcio, tosse ou espirro Dor de cabe\u00e7a que tem piorado progressivamente Dor de cabe\u00e7a que ocorre na gravidez ou no puerp\u00e9rio Dor de cabe\u00e7a ap\u00f3s traumas Doen\u00e7a que afeta o sistema imunol\u00f3gico (HIV, por exemplo) TRATAMENTO O tratamento das dores de cabe\u00e7a depender\u00e1 do tipo de dor de cabe\u00e7a em quest\u00e3o (cada tratamento ser\u00e1 abordado nos textos espec\u00edficos sobre cada tipo de dor). Em linhas gerais podemos utilizar medicamentos analg\u00e9sicos para tirar o paciente de uma crise de dor de cabe\u00e7a (conhecido como tratamento abortivo) ou at\u00e9 usar medicamentos para diminuir as chances de o paciente ter uma crise futura (\u00e9 o que chamamos de tratamento preventivo). Alguns tipos de dor de cabe\u00e7a podem ser tratados com fisioterapia especializada, eventualmente a acupuntura tamb\u00e9m pode trazer benef\u00edcios.&nbsp;Em casos mais dif\u00edceis, podemos lan\u00e7ar m\u00e3o de procedimentos mais invasivos como bloqueios, infiltra\u00e7\u00e3o de toxina botul\u00ednica, radiofrequ\u00eancia ou estimula\u00e7\u00e3o de nervos.&nbsp;<\/p>\n","protected":false},"author":1,"featured_media":0,"parent":0,"menu_order":0,"comment_status":"closed","ping_status":"closed","template":"elementor_header_footer","meta":{"_joinchat":[],"footnotes":""},"class_list":["post-375","page","type-page","status-publish","hentry"],"_links":{"self":[{"href":"https:\/\/drandremansano.com.br\/index.php\/wp-json\/wp\/v2\/pages\/375"}],"collection":[{"href":"https:\/\/drandremansano.com.br\/index.php\/wp-json\/wp\/v2\/pages"}],"about":[{"href":"https:\/\/drandremansano.com.br\/index.php\/wp-json\/wp\/v2\/types\/page"}],"author":[{"embeddable":true,"href":"https:\/\/drandremansano.com.br\/index.php\/wp-json\/wp\/v2\/users\/1"}],"replies":[{"embeddable":true,"href":"https:\/\/drandremansano.com.br\/index.php\/wp-json\/wp\/v2\/comments?post=375"}],"version-history":[{"count":0,"href":"https:\/\/drandremansano.com.br\/index.php\/wp-json\/wp\/v2\/pages\/375\/revisions"}],"wp:attachment":[{"href":"https:\/\/drandremansano.com.br\/index.php\/wp-json\/wp\/v2\/media?parent=375"}],"curies":[{"name":"wp","href":"https:\/\/api.w.org\/{rel}","templated":true}]}}