{"id":372,"date":"2021-01-13T17:11:32","date_gmt":"2021-01-13T17:11:32","guid":{"rendered":"https:\/\/novo2.drandremansano.com.br\/dor-discogenica-copy\/"},"modified":"2021-01-13T17:11:32","modified_gmt":"2021-01-13T17:11:32","slug":"dor-lombar","status":"publish","type":"page","link":"https:\/\/drandremansano.com.br\/index.php\/dor-lombar\/","title":{"rendered":"Dor lombar"},"content":{"rendered":"\t\t<div data-elementor-type=\"wp-page\" data-elementor-id=\"372\" class=\"elementor elementor-372\">\n\t\t\t\t\t\t<section class=\"elementor-section elementor-top-section elementor-element elementor-element-3131c251 elementor-section-boxed elementor-section-height-default elementor-section-height-default wpr-particle-no wpr-jarallax-no wpr-parallax-no wpr-sticky-section-no wpr-equal-height-no\" data-id=\"3131c251\" data-element_type=\"section\" data-settings=\"{&quot;background_background&quot;:&quot;classic&quot;}\">\n\t\t\t\t\t\t<div class=\"elementor-container elementor-column-gap-default\">\n\t\t\t\t\t<div class=\"elementor-column elementor-col-50 elementor-top-column elementor-element elementor-element-3a1b709a\" data-id=\"3a1b709a\" data-element_type=\"column\">\n\t\t\t<div class=\"elementor-widget-wrap elementor-element-populated\">\n\t\t\t\t\t\t<div class=\"elementor-element elementor-element-15502c96 elementor-widget elementor-widget-image\" data-id=\"15502c96\" data-element_type=\"widget\" data-widget_type=\"image.default\">\n\t\t\t\t<div class=\"elementor-widget-container\">\n\t\t\t\t\t\t\t\t\t\t\t\t\t<img decoding=\"async\" width=\"69\" height=\"79\" src=\"https:\/\/drandremansano.com.br\/wp-content\/uploads\/2021\/02\/dor-lombar.png\" class=\"attachment-large size-large wp-image-1536\" alt=\"\" \/>\t\t\t\t\t\t\t\t\t\t\t\t\t<\/div>\n\t\t\t\t<\/div>\n\t\t\t\t\t<\/div>\n\t\t<\/div>\n\t\t\t\t<div class=\"elementor-column elementor-col-50 elementor-top-column elementor-element elementor-element-4b86adda\" data-id=\"4b86adda\" data-element_type=\"column\">\n\t\t\t<div class=\"elementor-widget-wrap elementor-element-populated\">\n\t\t\t\t\t\t<div class=\"elementor-element elementor-element-7e85a8ba elementor-widget elementor-widget-heading\" data-id=\"7e85a8ba\" data-element_type=\"widget\" data-widget_type=\"heading.default\">\n\t\t\t\t<div class=\"elementor-widget-container\">\n\t\t\t<h2 class=\"elementor-heading-title elementor-size-default\">DORES LOMBARES<\/h2>\t\t<\/div>\n\t\t\t\t<\/div>\n\t\t\t\t\t<\/div>\n\t\t<\/div>\n\t\t\t\t\t<\/div>\n\t\t<\/section>\n\t\t\t\t<section class=\"elementor-section elementor-top-section elementor-element elementor-element-67e77dd elementor-section-boxed elementor-section-height-default elementor-section-height-default wpr-particle-no wpr-jarallax-no wpr-parallax-no wpr-sticky-section-no wpr-equal-height-no\" data-id=\"67e77dd\" data-element_type=\"section\" data-settings=\"{&quot;background_background&quot;:&quot;classic&quot;}\">\n\t\t\t\t\t\t<div class=\"elementor-container elementor-column-gap-default\">\n\t\t\t\t\t<div class=\"elementor-column elementor-col-100 elementor-top-column elementor-element elementor-element-249d4980\" data-id=\"249d4980\" data-element_type=\"column\">\n\t\t\t<div class=\"elementor-widget-wrap elementor-element-populated\">\n\t\t\t\t\t\t<section class=\"elementor-section elementor-inner-section elementor-element elementor-element-6dad00d8 elementor-section-boxed elementor-section-height-default elementor-section-height-default wpr-particle-no wpr-jarallax-no wpr-parallax-no wpr-sticky-section-no wpr-equal-height-no\" data-id=\"6dad00d8\" data-element_type=\"section\">\n\t\t\t\t\t\t<div class=\"elementor-container elementor-column-gap-default\">\n\t\t\t\t\t<div class=\"elementor-column elementor-col-50 elementor-inner-column elementor-element elementor-element-618440b\" data-id=\"618440b\" data-element_type=\"column\" data-settings=\"{&quot;background_background&quot;:&quot;classic&quot;}\">\n\t\t\t<div class=\"elementor-widget-wrap elementor-element-populated\">\n\t\t\t\t\t\t<div class=\"elementor-element elementor-element-43b1fb7a elementor-widget-divider--view-line elementor-widget elementor-widget-divider\" data-id=\"43b1fb7a\" data-element_type=\"widget\" data-widget_type=\"divider.default\">\n\t\t\t\t<div class=\"elementor-widget-container\">\n\t\t\t\t\t<div class=\"elementor-divider\">\n\t\t\t<span class=\"elementor-divider-separator\">\n\t\t\t\t\t\t<\/span>\n\t\t<\/div>\n\t\t\t\t<\/div>\n\t\t\t\t<\/div>\n\t\t\t\t<div class=\"elementor-element elementor-element-87714a0 elementor-widget elementor-widget-text-editor\" data-id=\"87714a0\" data-element_type=\"widget\" data-widget_type=\"text-editor.default\">\n\t\t\t\t<div class=\"elementor-widget-container\">\n\t\t\t\t\t\t\t<p><span style=\"font-weight: 400;\">As dores lombares representam, h\u00e1 muito tempo, a principal queixa em um consult\u00f3rio m\u00e9dico especializado em dor. Um estudo, patrocinado pela Funda\u00e7\u00e3o Bill e Melinda Gates avaliou o impacto de v\u00e1rias doen\u00e7as em mais de 180 pa\u00edses. Os dados s\u00e3o atualizados periodicamente e mostram que as dores lombares continuam sendo a maior causa de incapacidade no mundo. E o que sabemos \u00e9 que a ocorr\u00eancia de dores lombares tem aumentado significativamente e as causas disso ser\u00e3o abordadas daqui a pouco.<\/span><\/p><p><span style=\"font-weight: 400;\">O primeiro e maior desafio do m\u00e9dico diante de um paciente com dores lombares cr\u00f4nicas \u00e9 identificar a causa, ou a principal causa da dor. De fato n\u00e3o \u00e9 tarefa f\u00e1cil. Grande parte dos pacientes acaba sendo enquadrado como tendo \u201cdores lombares inespec\u00edficas\u201d onde n\u00e3o h\u00e1 uma causa principal detect\u00e1vel.<\/span><\/p><p><span style=\"font-weight: 400;\">As causas mais frequentes s\u00e3o: degenera\u00e7\u00e3o do disco intervertebral, artrose das articula\u00e7\u00f5es da coluna (facetas lombares), altera\u00e7\u00f5es da articula\u00e7\u00e3o sacrol\u00edaca, dores musculares (M\u00fasculo psoas, por exemplo) e altera\u00e7\u00f5es nos ligamentos que sustentam a coluna vertebral. Em muitos dos casos h\u00e1 mais de uma causa contribuindo para as dores.<\/span><\/p>\t\t\t\t\t\t<\/div>\n\t\t\t\t<\/div>\n\t\t\t\t\t<\/div>\n\t\t<\/div>\n\t\t\t\t<div class=\"elementor-column elementor-col-50 elementor-inner-column elementor-element elementor-element-65fcecc7\" data-id=\"65fcecc7\" data-element_type=\"column\">\n\t\t\t<div class=\"elementor-widget-wrap\">\n\t\t\t\t\t\t\t<\/div>\n\t\t<\/div>\n\t\t\t\t\t<\/div>\n\t\t<\/section>\n\t\t\t\t\t<\/div>\n\t\t<\/div>\n\t\t\t\t\t<\/div>\n\t\t<\/section>\n\t\t\t\t<section class=\"elementor-section elementor-top-section elementor-element elementor-element-27ff7807 elementor-section-boxed elementor-section-height-default elementor-section-height-default wpr-particle-no wpr-jarallax-no wpr-parallax-no wpr-sticky-section-no wpr-equal-height-no\" data-id=\"27ff7807\" data-element_type=\"section\">\n\t\t\t\t\t\t\t<div class=\"elementor-background-overlay\"><\/div>\n\t\t\t\t\t\t\t<div class=\"elementor-container elementor-column-gap-default\">\n\t\t\t\t\t<div class=\"elementor-column elementor-col-50 elementor-top-column elementor-element elementor-element-3c652172\" data-id=\"3c652172\" data-element_type=\"column\">\n\t\t\t<div class=\"elementor-widget-wrap elementor-element-populated\">\n\t\t\t\t\t\t<div class=\"elementor-element elementor-element-43726185 elementor-widget elementor-widget-image\" data-id=\"43726185\" data-element_type=\"widget\" data-widget_type=\"image.default\">\n\t\t\t\t<div class=\"elementor-widget-container\">\n\t\t\t\t\t\t\t\t\t\t\t\t\t<img fetchpriority=\"high\" decoding=\"async\" width=\"655\" height=\"811\" src=\"https:\/\/drandremansano.com.br\/wp-content\/uploads\/2021\/01\/dor-muscular.jpg\" class=\"attachment-large size-large wp-image-1109\" alt=\"\" srcset=\"https:\/\/drandremansano.com.br\/wp-content\/uploads\/2021\/01\/dor-muscular.jpg 655w, https:\/\/drandremansano.com.br\/wp-content\/uploads\/2021\/01\/dor-muscular-242x300.jpg 242w\" sizes=\"(max-width: 655px) 100vw, 655px\" \/>\t\t\t\t\t\t\t\t\t\t\t\t\t<\/div>\n\t\t\t\t<\/div>\n\t\t\t\t\t<\/div>\n\t\t<\/div>\n\t\t\t\t<div class=\"elementor-column elementor-col-50 elementor-top-column elementor-element elementor-element-e105ce7\" data-id=\"e105ce7\" data-element_type=\"column\">\n\t\t\t<div class=\"elementor-widget-wrap elementor-element-populated\">\n\t\t\t\t\t\t<div class=\"elementor-element elementor-element-f480a93 elementor-widget-divider--view-line elementor-widget elementor-widget-divider\" data-id=\"f480a93\" data-element_type=\"widget\" data-widget_type=\"divider.default\">\n\t\t\t\t<div class=\"elementor-widget-container\">\n\t\t\t\t\t<div class=\"elementor-divider\">\n\t\t\t<span class=\"elementor-divider-separator\">\n\t\t\t\t\t\t<\/span>\n\t\t<\/div>\n\t\t\t\t<\/div>\n\t\t\t\t<\/div>\n\t\t\t\t<div class=\"elementor-element elementor-element-377caa96 elementor-widget elementor-widget-heading\" data-id=\"377caa96\" data-element_type=\"widget\" data-widget_type=\"heading.default\">\n\t\t\t\t<div class=\"elementor-widget-container\">\n\t\t\t<h2 class=\"elementor-heading-title elementor-size-default\">o que se sabe sobre a dor lombar? <\/h2>\t\t<\/div>\n\t\t\t\t<\/div>\n\t\t\t\t<div class=\"elementor-element elementor-element-1b36baa7 elementor-widget elementor-widget-toggle\" data-id=\"1b36baa7\" data-element_type=\"widget\" data-widget_type=\"toggle.default\">\n\t\t\t\t<div class=\"elementor-widget-container\">\n\t\t\t\t\t<div class=\"elementor-toggle\">\n\t\t\t\t\t\t\t<div class=\"elementor-toggle-item\">\n\t\t\t\t\t<div id=\"elementor-tab-title-4561\" class=\"elementor-tab-title\" data-tab=\"1\" role=\"button\" aria-controls=\"elementor-tab-content-4561\" aria-expanded=\"false\">\n\t\t\t\t\t\t\t\t\t\t\t\t<span class=\"elementor-toggle-icon elementor-toggle-icon-right\" aria-hidden=\"true\">\n\t\t\t\t\t\t\t\t\t\t\t\t\t\t\t<span class=\"elementor-toggle-icon-closed\"><i class=\"fas fa-plus-circle\"><\/i><\/span>\n\t\t\t\t\t\t\t\t<span class=\"elementor-toggle-icon-opened\"><i class=\"elementor-toggle-icon-opened fas fa-plus\"><\/i><\/span>\n\t\t\t\t\t\t\t\t\t\t\t\t\t<\/span>\n\t\t\t\t\t\t\t\t\t\t\t\t<a class=\"elementor-toggle-title\" tabindex=\"0\">FATORES DE RISCO<\/a>\n\t\t\t\t\t<\/div>\n\n\t\t\t\t\t<div id=\"elementor-tab-content-4561\" class=\"elementor-tab-content elementor-clearfix\" data-tab=\"1\" role=\"region\" aria-labelledby=\"elementor-tab-title-4561\"><p><span style=\"font-weight: 400;\">Esse ponto \u00e9 muito importante, A grande maioria dos pacientes com dores lombares ter\u00e3o resolu\u00e7\u00e3o espont\u00e2nea, o que significa que nada precisa ser feito al\u00e9m de alguns analg\u00e9sicos para conforto inicial. J\u00e1 alguns permanecem com dores. Quem tem mais chances de permanecer com dores?<\/span><\/p>\n<p><b>Sexo feminino: <\/b><span style=\"font-weight: 400;\">mulheres t\u00eam aproximadamente duas vezes mais chances de terem dores cr\u00f4nicas lombares, embora o mecanismo para isso n\u00e3o tenha sido completamente elucidado.<\/span><\/p>\n<p><b>Gen\u00e9tica<\/b><span style=\"font-weight: 400;\">: pesquisas recentes demonstram que h\u00e1 fatores gen\u00e9ticos envolvidos na percep\u00e7\u00e3o e modula\u00e7\u00e3o da dor. Ent\u00e3o, se seus pais t\u00eam dores lombares cr\u00f4nicas, \u00e9 hora de voc\u00ea come\u00e7ar a evitar os outros fatores de risco que PODEM ser evitados.<\/span><\/p>\n<p><b>Sobrecarga mec\u00e2nica: <\/b><span style=\"font-weight: 400;\">esse \u00e9 um dos fatores mais delicados e controversos. Os estudos mostram que sobrecargas mec\u00e2nicas, sejam atrav\u00e9s de trabalho ou pr\u00e1tica exposta extenuante, podem sim aumentar as chances de dores lombares cr\u00f4nicas. Por outro lado, o sedentarismo tamb\u00e9m pode. Nossa coluna n\u00e3o \u00e9 fr\u00e1gil, ela foi concebida para resistir a bastante peso. Mas n\u00e3o abuse, em especial se voc\u00ea tiver outros fatores de risco dos quais estamos falando.<\/span><\/p>\n<p><b>Tabagismo<\/b><span style=\"font-weight: 400;\">: Aqui temos um dos principais fatores de risco modific\u00e1veis. Quem fuma tem aproximadamente quatro vezes mais chances de ter dores lombares, h\u00e9rnia de disco e at\u00e9 de precisar de uma cirurgia. Se voc\u00ea fuma, tente reunir for\u00e7as para abandonar esse v\u00edcio, embora saibamos que \u00e9 muito dif\u00edcil.&nbsp;<\/span><\/p>\n<p><b>Depress\u00e3o e ansiedade: <\/b><span style=\"font-weight: 400;\">aqui temos dois fatores de risco important\u00edssimo para a cronifica\u00e7\u00e3o da dor. A depress\u00e3o e a ansiedade acabam sensibilizando as vias da dor, por mecanismos complexos. \u00c9 essa a raz\u00e3o pela qual encaminhamos alguns pacientes para o tratamento psicol\u00f3gico, n\u00e3o por achar que a DOR \u00c9 PSICOL\u00d3GICA.<\/span><\/p>\n<p><b>Postura:<\/b><span style=\"font-weight: 400;\"> esse \u00e9 outro fator de risco controverso. \u00c9 claro que uma postura extremamente ruim pode ser danosa para a biomec\u00e2nica da coluna mas isso n\u00e3o quer dizer que voc\u00ea deva permanecer sentado completamente ereto, feito uma princesa inglesa, o tempo todo, isso \u00e9 completamente imposs\u00edvel. O que \u00e9 mais importante ent\u00e3o? Movimentar-se, alterar a postura frequentemente, levantar da cadeira frequentemente.<\/span><\/p>\n<p><b>Obesidade:<\/b><span style=\"font-weight: 400;\"> Sim, a obesidade e sobrepeso aumentam as chances do desenvolvimento de dores lombares cr\u00f4nicas. Quanto, aproximadamente um acr\u00e9scimo de 15%.<\/span><\/p><\/div>\n\t\t\t\t<\/div>\n\t\t\t\t\t\t\t<div class=\"elementor-toggle-item\">\n\t\t\t\t\t<div id=\"elementor-tab-title-4562\" class=\"elementor-tab-title\" data-tab=\"2\" role=\"button\" aria-controls=\"elementor-tab-content-4562\" aria-expanded=\"false\">\n\t\t\t\t\t\t\t\t\t\t\t\t<span class=\"elementor-toggle-icon elementor-toggle-icon-right\" aria-hidden=\"true\">\n\t\t\t\t\t\t\t\t\t\t\t\t\t\t\t<span class=\"elementor-toggle-icon-closed\"><i class=\"fas fa-plus-circle\"><\/i><\/span>\n\t\t\t\t\t\t\t\t<span class=\"elementor-toggle-icon-opened\"><i class=\"elementor-toggle-icon-opened fas fa-plus\"><\/i><\/span>\n\t\t\t\t\t\t\t\t\t\t\t\t\t<\/span>\n\t\t\t\t\t\t\t\t\t\t\t\t<a class=\"elementor-toggle-title\" tabindex=\"0\">DIAGN\u00d3STICO<\/a>\n\t\t\t\t\t<\/div>\n\n\t\t\t\t\t<div id=\"elementor-tab-content-4562\" class=\"elementor-tab-content elementor-clearfix\" data-tab=\"2\" role=\"region\" aria-labelledby=\"elementor-tab-title-4562\"><p><span style=\"font-weight: 400;\">O diagn\u00f3stico das dores lombares \u00e9 um desafio enorme. \u00c9 preciso detalhar todas as caracter\u00edsticas da dor tais como localiza\u00e7\u00e3o, fatores que pioram ou aliviam as dores, irradia\u00e7\u00e3o e outros sintomas associados (ex. Formigamento), modo de aparecimento, etc.<\/span><\/p><p><span style=\"font-weight: 400;\">O exame f\u00edsico \u00e9 fundamental, usualmente fazemos manobras espec\u00edficas que podem sugerir ou n\u00e3o alguma estrutura como fonte da dor.<\/span><\/p><p><span style=\"font-weight: 400;\">Em alguns casos devemos solicitar exames de imagem e o mais utilizado \u00e9 a resson\u00e2ncia nuclear magn\u00e9tica.\u00a0 E aqui vale discorrermos sobre as limita\u00e7\u00f5es da resson\u00e2ncia no diagn\u00f3stico da dor. Nem tudo que aparece na resson\u00e2ncia \u00e9 causa de dor e isso \u00e9 muito importante.\u00a0<\/span><\/p><p><span style=\"font-weight: 400;\">Por exemplo, um estudo realizados com tenistas juvenis SEM DORES ALGUMAS mostrou que mais de 30% deles tinham h\u00e9rnias de disco. Percebam como esse dado \u00e9 importante, n\u00e3o \u00e9 porque voc\u00ea tem uma h\u00e9rnia na resson\u00e2ncia que isso te causa dor.\u00a0<\/span><\/p><\/div>\n\t\t\t\t<\/div>\n\t\t\t\t\t\t\t<div class=\"elementor-toggle-item\">\n\t\t\t\t\t<div id=\"elementor-tab-title-4563\" class=\"elementor-tab-title\" data-tab=\"3\" role=\"button\" aria-controls=\"elementor-tab-content-4563\" aria-expanded=\"false\">\n\t\t\t\t\t\t\t\t\t\t\t\t<span class=\"elementor-toggle-icon elementor-toggle-icon-right\" aria-hidden=\"true\">\n\t\t\t\t\t\t\t\t\t\t\t\t\t\t\t<span class=\"elementor-toggle-icon-closed\"><i class=\"fas fa-plus-circle\"><\/i><\/span>\n\t\t\t\t\t\t\t\t<span class=\"elementor-toggle-icon-opened\"><i class=\"elementor-toggle-icon-opened fas fa-plus\"><\/i><\/span>\n\t\t\t\t\t\t\t\t\t\t\t\t\t<\/span>\n\t\t\t\t\t\t\t\t\t\t\t\t<a class=\"elementor-toggle-title\" tabindex=\"0\">TRATAMENTO<\/a>\n\t\t\t\t\t<\/div>\n\n\t\t\t\t\t<div id=\"elementor-tab-content-4563\" class=\"elementor-tab-content elementor-clearfix\" data-tab=\"3\" role=\"region\" aria-labelledby=\"elementor-tab-title-4563\"><p><span style=\"font-weight: 400;\">O tratamento de pacientes com dores lombares vai depender, logicamente, da causa espec\u00edfica.<\/span><\/p>\n<p><span style=\"font-weight: 400;\">Como linhas gerais seguimos uma esp\u00e9cie de escada analg\u00e9sica, onde aumentamos a pot\u00eancia dos nossos m\u00e9todos analg\u00e9sicos a depender da intensidade da dor do paciente (Figura 2).<\/span><\/p>\n<p><span style=\"font-weight: 400;\">Sempre optamos por tratamentos com menor possibilidade de complica\u00e7\u00f5es.<\/span><\/p>\n<p><span style=\"font-weight: 400;\">Como linhas gerais no in\u00edcio utilizamos analg\u00e9sicos espec\u00edficos e uma fisioterapia especializadas. Em casos de falha nesse tipo de tratamento come\u00e7amos a pensar em procedimentos intervencionistas a depender da causa da dor.<\/span><\/p>\n<p><span style=\"font-weight: 400;\">Vamos usar um paciente com h\u00e9rnia de disco como exemplo. O tratamento b\u00e1sico para esse tipo de paciente \u00e9 a fisioterapia e uso de alguns medicamentos analg\u00e9sicos. Quando isso n\u00e3o resolvia o problema o paciente era automaticamente encaminhado para a cirurgia. Hoje n\u00e3o \u00e9 mais assim, h\u00e1 in\u00fameros tratamentos menos invasivos do que a cirurgia. Por exemplo, podemos colocar uma agulha fininha ao redor do nervo comprimido pela h\u00e9rnia e injetar uma subst\u00e2ncia anest\u00e9sica e anti-inflamat\u00f3ria (a dor da h\u00e9rnia ocorre porque h\u00e1 uma compress\u00e3o do nervo que desce para a perna). Esse tipo de procedimento associado \u00e0 fisioterapia reduz a necessidade de cirurgias em 80%, segundo estudos cient\u00edficos. Outra op\u00e7\u00e3o seria retirar parte da h\u00e9rnia com uso de dispositivos espec\u00edficos, sem necessidade de cortes ,sem necessidade de interna\u00e7\u00e3o ou de anestesia geral.<\/span><\/p>\n<p><span style=\"font-weight: 400;\">Na barra de t\u00f3picos voc\u00eas encontrar\u00e3o explica\u00e7\u00f5es sobre cada tipo de dor lombar.<\/span><\/p><\/div>\n\t\t\t\t<\/div>\n\t\t\t\t\t\t\t\t<\/div>\n\t\t\t\t<\/div>\n\t\t\t\t<\/div>\n\t\t\t\t\t<\/div>\n\t\t<\/div>\n\t\t\t\t\t<\/div>\n\t\t<\/section>\n\t\t\t\t<\/div>\n\t\t","protected":false},"excerpt":{"rendered":"<p>DORES LOMBARES As dores lombares representam, h\u00e1 muito tempo, a principal queixa em um consult\u00f3rio m\u00e9dico especializado em dor. Um estudo, patrocinado pela Funda\u00e7\u00e3o Bill e Melinda Gates avaliou o impacto de v\u00e1rias doen\u00e7as em mais de 180 pa\u00edses. Os dados s\u00e3o atualizados periodicamente e mostram que as dores lombares continuam sendo a maior causa de incapacidade no mundo. E o que sabemos \u00e9 que a ocorr\u00eancia de dores lombares tem aumentado significativamente e as causas disso ser\u00e3o abordadas daqui a pouco. O primeiro e maior desafio do m\u00e9dico diante de um paciente com dores lombares cr\u00f4nicas \u00e9 identificar a causa, ou a principal causa da dor. De fato n\u00e3o \u00e9 tarefa f\u00e1cil. Grande parte dos pacientes acaba sendo enquadrado como tendo \u201cdores lombares inespec\u00edficas\u201d onde n\u00e3o h\u00e1 uma causa principal detect\u00e1vel. As causas mais frequentes s\u00e3o: degenera\u00e7\u00e3o do disco intervertebral, artrose das articula\u00e7\u00f5es da coluna (facetas lombares), altera\u00e7\u00f5es da articula\u00e7\u00e3o sacrol\u00edaca, dores musculares (M\u00fasculo psoas, por exemplo) e altera\u00e7\u00f5es nos ligamentos que sustentam a coluna vertebral. Em muitos dos casos h\u00e1 mais de uma causa contribuindo para as dores. o que se sabe sobre a dor lombar? FATORES DE RISCO Esse ponto \u00e9 muito importante, A grande maioria dos pacientes com dores lombares ter\u00e3o resolu\u00e7\u00e3o espont\u00e2nea, o que significa que nada precisa ser feito al\u00e9m de alguns analg\u00e9sicos para conforto inicial. J\u00e1 alguns permanecem com dores. Quem tem mais chances de permanecer com dores? Sexo feminino: mulheres t\u00eam aproximadamente duas vezes mais chances de terem dores cr\u00f4nicas lombares, embora o mecanismo para isso n\u00e3o tenha sido completamente elucidado. Gen\u00e9tica: pesquisas recentes demonstram que h\u00e1 fatores gen\u00e9ticos envolvidos na percep\u00e7\u00e3o e modula\u00e7\u00e3o da dor. Ent\u00e3o, se seus pais t\u00eam dores lombares cr\u00f4nicas, \u00e9 hora de voc\u00ea come\u00e7ar a evitar os outros fatores de risco que PODEM ser evitados. Sobrecarga mec\u00e2nica: esse \u00e9 um dos fatores mais delicados e controversos. Os estudos mostram que sobrecargas mec\u00e2nicas, sejam atrav\u00e9s de trabalho ou pr\u00e1tica exposta extenuante, podem sim aumentar as chances de dores lombares cr\u00f4nicas. Por outro lado, o sedentarismo tamb\u00e9m pode. Nossa coluna n\u00e3o \u00e9 fr\u00e1gil, ela foi concebida para resistir a bastante peso. Mas n\u00e3o abuse, em especial se voc\u00ea tiver outros fatores de risco dos quais estamos falando. Tabagismo: Aqui temos um dos principais fatores de risco modific\u00e1veis. Quem fuma tem aproximadamente quatro vezes mais chances de ter dores lombares, h\u00e9rnia de disco e at\u00e9 de precisar de uma cirurgia. Se voc\u00ea fuma, tente reunir for\u00e7as para abandonar esse v\u00edcio, embora saibamos que \u00e9 muito dif\u00edcil.&nbsp; Depress\u00e3o e ansiedade: aqui temos dois fatores de risco important\u00edssimo para a cronifica\u00e7\u00e3o da dor. A depress\u00e3o e a ansiedade acabam sensibilizando as vias da dor, por mecanismos complexos. \u00c9 essa a raz\u00e3o pela qual encaminhamos alguns pacientes para o tratamento psicol\u00f3gico, n\u00e3o por achar que a DOR \u00c9 PSICOL\u00d3GICA. Postura: esse \u00e9 outro fator de risco controverso. \u00c9 claro que uma postura extremamente ruim pode ser danosa para a biomec\u00e2nica da coluna mas isso n\u00e3o quer dizer que voc\u00ea deva permanecer sentado completamente ereto, feito uma princesa inglesa, o tempo todo, isso \u00e9 completamente imposs\u00edvel. O que \u00e9 mais importante ent\u00e3o? Movimentar-se, alterar a postura frequentemente, levantar da cadeira frequentemente. Obesidade: Sim, a obesidade e sobrepeso aumentam as chances do desenvolvimento de dores lombares cr\u00f4nicas. Quanto, aproximadamente um acr\u00e9scimo de 15%. DIAGN\u00d3STICO O diagn\u00f3stico das dores lombares \u00e9 um desafio enorme. \u00c9 preciso detalhar todas as caracter\u00edsticas da dor tais como localiza\u00e7\u00e3o, fatores que pioram ou aliviam as dores, irradia\u00e7\u00e3o e outros sintomas associados (ex. Formigamento), modo de aparecimento, etc. O exame f\u00edsico \u00e9 fundamental, usualmente fazemos manobras espec\u00edficas que podem sugerir ou n\u00e3o alguma estrutura como fonte da dor. Em alguns casos devemos solicitar exames de imagem e o mais utilizado \u00e9 a resson\u00e2ncia nuclear magn\u00e9tica.\u00a0 E aqui vale discorrermos sobre as limita\u00e7\u00f5es da resson\u00e2ncia no diagn\u00f3stico da dor. Nem tudo que aparece na resson\u00e2ncia \u00e9 causa de dor e isso \u00e9 muito importante.\u00a0 Por exemplo, um estudo realizados com tenistas juvenis SEM DORES ALGUMAS mostrou que mais de 30% deles tinham h\u00e9rnias de disco. Percebam como esse dado \u00e9 importante, n\u00e3o \u00e9 porque voc\u00ea tem uma h\u00e9rnia na resson\u00e2ncia que isso te causa dor.\u00a0 TRATAMENTO O tratamento de pacientes com dores lombares vai depender, logicamente, da causa espec\u00edfica. Como linhas gerais seguimos uma esp\u00e9cie de escada analg\u00e9sica, onde aumentamos a pot\u00eancia dos nossos m\u00e9todos analg\u00e9sicos a depender da intensidade da dor do paciente (Figura 2). Sempre optamos por tratamentos com menor possibilidade de complica\u00e7\u00f5es. Como linhas gerais no in\u00edcio utilizamos analg\u00e9sicos espec\u00edficos e uma fisioterapia especializadas. Em casos de falha nesse tipo de tratamento come\u00e7amos a pensar em procedimentos intervencionistas a depender da causa da dor. Vamos usar um paciente com h\u00e9rnia de disco como exemplo. O tratamento b\u00e1sico para esse tipo de paciente \u00e9 a fisioterapia e uso de alguns medicamentos analg\u00e9sicos. Quando isso n\u00e3o resolvia o problema o paciente era automaticamente encaminhado para a cirurgia. Hoje n\u00e3o \u00e9 mais assim, h\u00e1 in\u00fameros tratamentos menos invasivos do que a cirurgia. Por exemplo, podemos colocar uma agulha fininha ao redor do nervo comprimido pela h\u00e9rnia e injetar uma subst\u00e2ncia anest\u00e9sica e anti-inflamat\u00f3ria (a dor da h\u00e9rnia ocorre porque h\u00e1 uma compress\u00e3o do nervo que desce para a perna). Esse tipo de procedimento associado \u00e0 fisioterapia reduz a necessidade de cirurgias em 80%, segundo estudos cient\u00edficos. Outra op\u00e7\u00e3o seria retirar parte da h\u00e9rnia com uso de dispositivos espec\u00edficos, sem necessidade de cortes ,sem necessidade de interna\u00e7\u00e3o ou de anestesia geral. Na barra de t\u00f3picos voc\u00eas encontrar\u00e3o explica\u00e7\u00f5es sobre cada tipo de dor lombar.<\/p>\n","protected":false},"author":1,"featured_media":0,"parent":0,"menu_order":0,"comment_status":"closed","ping_status":"closed","template":"elementor_header_footer","meta":{"_joinchat":[],"footnotes":""},"class_list":["post-372","page","type-page","status-publish","hentry"],"_links":{"self":[{"href":"https:\/\/drandremansano.com.br\/index.php\/wp-json\/wp\/v2\/pages\/372"}],"collection":[{"href":"https:\/\/drandremansano.com.br\/index.php\/wp-json\/wp\/v2\/pages"}],"about":[{"href":"https:\/\/drandremansano.com.br\/index.php\/wp-json\/wp\/v2\/types\/page"}],"author":[{"embeddable":true,"href":"https:\/\/drandremansano.com.br\/index.php\/wp-json\/wp\/v2\/users\/1"}],"replies":[{"embeddable":true,"href":"https:\/\/drandremansano.com.br\/index.php\/wp-json\/wp\/v2\/comments?post=372"}],"version-history":[{"count":0,"href":"https:\/\/drandremansano.com.br\/index.php\/wp-json\/wp\/v2\/pages\/372\/revisions"}],"wp:attachment":[{"href":"https:\/\/drandremansano.com.br\/index.php\/wp-json\/wp\/v2\/media?parent=372"}],"curies":[{"name":"wp","href":"https:\/\/api.w.org\/{rel}","templated":true}]}}