{"id":367,"date":"2021-01-13T17:09:41","date_gmt":"2021-01-13T17:09:41","guid":{"rendered":"https:\/\/novo2.drandremansano.com.br\/dores-musculares-copy\/"},"modified":"2021-01-13T17:09:41","modified_gmt":"2021-01-13T17:09:41","slug":"dores-nos-pes","status":"publish","type":"page","link":"https:\/\/drandremansano.com.br\/index.php\/dores-nos-pes\/","title":{"rendered":"Dores nos p\u00e9s"},"content":{"rendered":"\t\t<div data-elementor-type=\"wp-page\" data-elementor-id=\"367\" class=\"elementor elementor-367\">\n\t\t\t\t\t\t<section class=\"elementor-section elementor-top-section elementor-element elementor-element-17af46f2 elementor-section-boxed elementor-section-height-default elementor-section-height-default wpr-particle-no wpr-jarallax-no wpr-parallax-no wpr-sticky-section-no wpr-equal-height-no\" data-id=\"17af46f2\" data-element_type=\"section\" data-settings=\"{&quot;background_background&quot;:&quot;classic&quot;}\">\n\t\t\t\t\t\t<div class=\"elementor-container elementor-column-gap-default\">\n\t\t\t\t\t<div class=\"elementor-column elementor-col-50 elementor-top-column elementor-element elementor-element-544275da\" data-id=\"544275da\" data-element_type=\"column\">\n\t\t\t<div class=\"elementor-widget-wrap elementor-element-populated\">\n\t\t\t\t\t\t<div class=\"elementor-element elementor-element-25271996 elementor-widget elementor-widget-image\" data-id=\"25271996\" data-element_type=\"widget\" data-widget_type=\"image.default\">\n\t\t\t\t<div class=\"elementor-widget-container\">\n\t\t\t\t\t\t\t\t\t\t\t\t\t<img decoding=\"async\" width=\"77\" height=\"77\" src=\"https:\/\/drandremansano.com.br\/wp-content\/uploads\/2021\/02\/logo-006.png\" class=\"attachment-large size-large wp-image-1593\" alt=\"\" \/>\t\t\t\t\t\t\t\t\t\t\t\t\t<\/div>\n\t\t\t\t<\/div>\n\t\t\t\t\t<\/div>\n\t\t<\/div>\n\t\t\t\t<div class=\"elementor-column elementor-col-50 elementor-top-column elementor-element elementor-element-4026e616\" data-id=\"4026e616\" data-element_type=\"column\">\n\t\t\t<div class=\"elementor-widget-wrap elementor-element-populated\">\n\t\t\t\t\t\t<div class=\"elementor-element elementor-element-64d05782 elementor-widget elementor-widget-heading\" data-id=\"64d05782\" data-element_type=\"widget\" data-widget_type=\"heading.default\">\n\t\t\t\t<div class=\"elementor-widget-container\">\n\t\t\t<h2 class=\"elementor-heading-title elementor-size-default\">DORES NOS P\u00c9S<\/h2>\t\t<\/div>\n\t\t\t\t<\/div>\n\t\t\t\t\t<\/div>\n\t\t<\/div>\n\t\t\t\t\t<\/div>\n\t\t<\/section>\n\t\t\t\t<section class=\"elementor-section elementor-top-section elementor-element elementor-element-324de2ca elementor-section-boxed elementor-section-height-default elementor-section-height-default wpr-particle-no wpr-jarallax-no wpr-parallax-no wpr-sticky-section-no wpr-equal-height-no\" data-id=\"324de2ca\" data-element_type=\"section\" data-settings=\"{&quot;background_background&quot;:&quot;classic&quot;}\">\n\t\t\t\t\t\t<div class=\"elementor-container elementor-column-gap-default\">\n\t\t\t\t\t<div class=\"elementor-column elementor-col-100 elementor-top-column elementor-element elementor-element-5ce2fb01\" data-id=\"5ce2fb01\" data-element_type=\"column\">\n\t\t\t<div class=\"elementor-widget-wrap elementor-element-populated\">\n\t\t\t\t\t\t<section class=\"elementor-section elementor-inner-section elementor-element elementor-element-528514 elementor-section-boxed elementor-section-height-default elementor-section-height-default wpr-particle-no wpr-jarallax-no wpr-parallax-no wpr-sticky-section-no wpr-equal-height-no\" data-id=\"528514\" data-element_type=\"section\">\n\t\t\t\t\t\t<div class=\"elementor-container elementor-column-gap-default\">\n\t\t\t\t\t<div class=\"elementor-column elementor-col-50 elementor-inner-column elementor-element elementor-element-797a1108\" data-id=\"797a1108\" data-element_type=\"column\" data-settings=\"{&quot;background_background&quot;:&quot;classic&quot;}\">\n\t\t\t<div class=\"elementor-widget-wrap elementor-element-populated\">\n\t\t\t\t\t\t<div class=\"elementor-element elementor-element-34b68be5 elementor-widget-divider--view-line elementor-widget elementor-widget-divider\" data-id=\"34b68be5\" data-element_type=\"widget\" data-widget_type=\"divider.default\">\n\t\t\t\t<div class=\"elementor-widget-container\">\n\t\t\t\t\t<div class=\"elementor-divider\">\n\t\t\t<span class=\"elementor-divider-separator\">\n\t\t\t\t\t\t<\/span>\n\t\t<\/div>\n\t\t\t\t<\/div>\n\t\t\t\t<\/div>\n\t\t\t\t<div class=\"elementor-element elementor-element-ea4ca65 elementor-widget elementor-widget-heading\" data-id=\"ea4ca65\" data-element_type=\"widget\" data-widget_type=\"heading.default\">\n\t\t\t\t<div class=\"elementor-widget-container\">\n\t\t\t<h2 class=\"elementor-heading-title elementor-size-default\">\u201cUma das grande dificuldades para quem tem dores nos p\u00e9s \u00e9 que precisamos andar, dificilmente conseguimos ficar em repouso.\u201d<\/h2>\t\t<\/div>\n\t\t\t\t<\/div>\n\t\t\t\t<div class=\"elementor-element elementor-element-2f4de7fd elementor-widget elementor-widget-text-editor\" data-id=\"2f4de7fd\" data-element_type=\"widget\" data-widget_type=\"text-editor.default\">\n\t\t\t\t<div class=\"elementor-widget-container\">\n\t\t\t\t\t\t\t<p>Dores cr\u00f4nicas nos p\u00e9s costumam causar um grande impacto na qualidade de vida dos pacientes. Isso ocorre porque usamos os p\u00e9s nas atividades mais cotidianas como andar ou simplesmente ficar \u201cde p\u00e9\u201d.\u00a0<\/p><p><span style=\"font-weight: 400;\">Nosso p\u00e9 cont\u00e9m v\u00e1rias estruturas que podem ser fonte de dor. Tem, por exemplo, 26 ossos al\u00e9m de m\u00fasculos, ligamentos e nervos estrategicamente posicionados.<\/span><\/p><p><span style=\"font-size: 1rem;\">Vamos falar ent\u00e3o brevemente sobre as principais causas de dores cr\u00f4nicas nos p\u00e9s.<\/span><\/p>\t\t\t\t\t\t<\/div>\n\t\t\t\t<\/div>\n\t\t\t\t\t<\/div>\n\t\t<\/div>\n\t\t\t\t<div class=\"elementor-column elementor-col-50 elementor-inner-column elementor-element elementor-element-5fdea37e\" data-id=\"5fdea37e\" data-element_type=\"column\">\n\t\t\t<div class=\"elementor-widget-wrap\">\n\t\t\t\t\t\t\t<\/div>\n\t\t<\/div>\n\t\t\t\t\t<\/div>\n\t\t<\/section>\n\t\t\t\t\t<\/div>\n\t\t<\/div>\n\t\t\t\t\t<\/div>\n\t\t<\/section>\n\t\t\t\t<section class=\"elementor-section elementor-top-section elementor-element elementor-element-59c43d9d elementor-section-boxed elementor-section-height-default elementor-section-height-default wpr-particle-no wpr-jarallax-no wpr-parallax-no wpr-sticky-section-no wpr-equal-height-no\" data-id=\"59c43d9d\" data-element_type=\"section\">\n\t\t\t\t\t\t\t<div class=\"elementor-background-overlay\"><\/div>\n\t\t\t\t\t\t\t<div class=\"elementor-container elementor-column-gap-default\">\n\t\t\t\t\t<div class=\"elementor-column elementor-col-50 elementor-top-column elementor-element elementor-element-60797e03\" data-id=\"60797e03\" data-element_type=\"column\">\n\t\t\t<div class=\"elementor-widget-wrap elementor-element-populated\">\n\t\t\t\t\t\t<div class=\"elementor-element elementor-element-55fa754f elementor-widget elementor-widget-image\" data-id=\"55fa754f\" data-element_type=\"widget\" data-widget_type=\"image.default\">\n\t\t\t\t<div class=\"elementor-widget-container\">\n\t\t\t\t\t\t\t\t\t\t\t\t\t<img fetchpriority=\"high\" decoding=\"async\" width=\"655\" height=\"811\" src=\"https:\/\/drandremansano.com.br\/wp-content\/uploads\/2021\/01\/dores-nos-pes.jpg\" class=\"attachment-large size-large wp-image-970\" alt=\"\" srcset=\"https:\/\/drandremansano.com.br\/wp-content\/uploads\/2021\/01\/dores-nos-pes.jpg 655w, https:\/\/drandremansano.com.br\/wp-content\/uploads\/2021\/01\/dores-nos-pes-242x300.jpg 242w\" sizes=\"(max-width: 655px) 100vw, 655px\" \/>\t\t\t\t\t\t\t\t\t\t\t\t\t<\/div>\n\t\t\t\t<\/div>\n\t\t\t\t\t<\/div>\n\t\t<\/div>\n\t\t\t\t<div class=\"elementor-column elementor-col-50 elementor-top-column elementor-element elementor-element-59deb6fa\" data-id=\"59deb6fa\" data-element_type=\"column\">\n\t\t\t<div class=\"elementor-widget-wrap elementor-element-populated\">\n\t\t\t\t\t\t<div class=\"elementor-element elementor-element-1b98aec1 elementor-widget-divider--view-line elementor-widget elementor-widget-divider\" data-id=\"1b98aec1\" data-element_type=\"widget\" data-widget_type=\"divider.default\">\n\t\t\t\t<div class=\"elementor-widget-container\">\n\t\t\t\t\t<div class=\"elementor-divider\">\n\t\t\t<span class=\"elementor-divider-separator\">\n\t\t\t\t\t\t<\/span>\n\t\t<\/div>\n\t\t\t\t<\/div>\n\t\t\t\t<\/div>\n\t\t\t\t<div class=\"elementor-element elementor-element-69a9aa3b elementor-widget elementor-widget-heading\" data-id=\"69a9aa3b\" data-element_type=\"widget\" data-widget_type=\"heading.default\">\n\t\t\t\t<div class=\"elementor-widget-container\">\n\t\t\t<h2 class=\"elementor-heading-title elementor-size-default\">O que se sabe sobre<br>\nAS dores nos p\u00e9s?<\/h2>\t\t<\/div>\n\t\t\t\t<\/div>\n\t\t\t\t<div class=\"elementor-element elementor-element-304cacdd elementor-widget elementor-widget-toggle\" data-id=\"304cacdd\" data-element_type=\"widget\" data-widget_type=\"toggle.default\">\n\t\t\t\t<div class=\"elementor-widget-container\">\n\t\t\t\t\t<div class=\"elementor-toggle\">\n\t\t\t\t\t\t\t<div class=\"elementor-toggle-item\">\n\t\t\t\t\t<div id=\"elementor-tab-title-8101\" class=\"elementor-tab-title\" data-tab=\"1\" role=\"button\" aria-controls=\"elementor-tab-content-8101\" aria-expanded=\"false\">\n\t\t\t\t\t\t\t\t\t\t\t\t<span class=\"elementor-toggle-icon elementor-toggle-icon-right\" aria-hidden=\"true\">\n\t\t\t\t\t\t\t\t\t\t\t\t\t\t\t<span class=\"elementor-toggle-icon-closed\"><i class=\"fas fa-plus-circle\"><\/i><\/span>\n\t\t\t\t\t\t\t\t<span class=\"elementor-toggle-icon-opened\"><i class=\"elementor-toggle-icon-opened fas fa-plus\"><\/i><\/span>\n\t\t\t\t\t\t\t\t\t\t\t\t\t<\/span>\n\t\t\t\t\t\t\t\t\t\t\t\t<a class=\"elementor-toggle-title\" tabindex=\"0\">FASCITE PLANTAR<\/a>\n\t\t\t\t\t<\/div>\n\n\t\t\t\t\t<div id=\"elementor-tab-content-8101\" class=\"elementor-tab-content elementor-clearfix\" data-tab=\"1\" role=\"region\" aria-labelledby=\"elementor-tab-title-8101\"><p><span style=\"font-weight: 400;\">Essa \u00e9 com certeza uma das principais causas de dores nos p\u00e9s. A f\u00e1scia plantar \u00e9 uma estrutura que liga a regi\u00e3o do calcanhar \u00e0 regi\u00e3o dos dedos. Ela ajuda a sustentar o p\u00e9 na sua forma habitual.<\/span><\/p>\n<p><img decoding=\"async\" class=\"aligncenter wp-image-745 size-full\" src=\"https:\/\/drandremansano.com.br\/wp-content\/uploads\/2021\/01\/dor-nos-pe\u0301s-o-que-pode-ser.jpg\" alt=\"\" width=\"523\" height=\"352\"><\/p>\n<p><\/p>\n<p><span style=\"font-weight: 400;\">O que pode ocorrer \u00e9 uma inflama\u00e7\u00e3o onde essa f\u00e1scia faz a conex\u00e3o com o calcanhar e a\u00ed temos o que chamamos de Fascite plantar, lembrando que o radical \u201cite&#8221; e medicina usualmente refere-se \u00e0 inflama\u00e7\u00e3o (apendicite, por exemplo).<\/span><\/p>\n<p><span style=\"font-weight: 400;\">Paciente com fascite plantar usualmente se queixam de dores na regi\u00e3o do calcanhar que s\u00e3o mais pronunciadas nas primeiras pisadas da manh\u00e3. Sair da cama \u00e9 um mart\u00edrio.<\/span><\/p>\n<p><span style=\"font-weight: 400;\">Alguns pacientes apresentam mais chances de ter o problema como pacientes mais obesos, em uso de salto alto, \u00e0queles que praticam muitas corridas ou andam demais bem como pacientes que apresentam alguma deformidade do formato do p\u00e9 (p\u00e9 chato).<\/span><\/p>\n<p><span style=\"font-weight: 400;\">O diagn\u00f3stico \u00e9 feito atrav\u00e9s da hist\u00f3ria cl\u00ednica e exame f\u00edsico. A ultrassonografia e a resson\u00e2ncia nuclear magn\u00e9tica podem mostrar o problema na regi\u00e3o.<\/span><\/p>\n<p><span style=\"font-weight: 400;\">O tratamento \u00e9 feito, inicialmente, com uso de medicamentos analg\u00e9sicos, anti-inflamat\u00f3rios, fisioterapia especializada e uso de algumas \u00f3rteses espec\u00edficas.<\/span><\/p>\n<p><img loading=\"lazy\" decoding=\"async\" class=\"aligncenter wp-image-751 size-full\" src=\"https:\/\/drandremansano.com.br\/wp-content\/uploads\/2021\/01\/WhatsApp-Image-2021-01-15-at-4.54.47-PM.jpeg\" alt=\"\" width=\"632\" height=\"486\" srcset=\"https:\/\/drandremansano.com.br\/wp-content\/uploads\/2021\/01\/WhatsApp-Image-2021-01-15-at-4.54.47-PM.jpeg 632w, https:\/\/drandremansano.com.br\/wp-content\/uploads\/2021\/01\/WhatsApp-Image-2021-01-15-at-4.54.47-PM-300x231.jpeg 300w\" sizes=\"(max-width: 632px) 100vw, 632px\" \/><\/p>\n<p><span style=\"font-weight: 400;\">Nos casos onde tais medidas n\u00e3o funcionam (a minoria, por sinal), podemos lan\u00e7ar m\u00e3o de algumas t\u00e9cnicas intervencionistas como terapia por ondas de choque, infiltra\u00e7\u00f5es com subst\u00e2ncia anest\u00e9sicas, proloterapia e, em casos mais raros, radiofrequ\u00eancia.<\/span><\/p>\n<p><\/p><\/div>\n\t\t\t\t<\/div>\n\t\t\t\t\t\t\t<div class=\"elementor-toggle-item\">\n\t\t\t\t\t<div id=\"elementor-tab-title-8102\" class=\"elementor-tab-title\" data-tab=\"2\" role=\"button\" aria-controls=\"elementor-tab-content-8102\" aria-expanded=\"false\">\n\t\t\t\t\t\t\t\t\t\t\t\t<span class=\"elementor-toggle-icon elementor-toggle-icon-right\" aria-hidden=\"true\">\n\t\t\t\t\t\t\t\t\t\t\t\t\t\t\t<span class=\"elementor-toggle-icon-closed\"><i class=\"fas fa-plus-circle\"><\/i><\/span>\n\t\t\t\t\t\t\t\t<span class=\"elementor-toggle-icon-opened\"><i class=\"elementor-toggle-icon-opened fas fa-plus\"><\/i><\/span>\n\t\t\t\t\t\t\t\t\t\t\t\t\t<\/span>\n\t\t\t\t\t\t\t\t\t\t\t\t<a class=\"elementor-toggle-title\" tabindex=\"0\">NEUROMA DE MORTON<\/a>\n\t\t\t\t\t<\/div>\n\n\t\t\t\t\t<div id=\"elementor-tab-content-8102\" class=\"elementor-tab-content elementor-clearfix\" data-tab=\"2\" role=\"region\" aria-labelledby=\"elementor-tab-title-8102\"><p><span style=\"font-weight: 400;\">Neuroma de Morton \u00e9 uma fibrose e um espessamento do nervo que passa entre os dedos (Figura 3). Costuma provocar bastante dor, em especial quando o paciente caminha e\/ou usa sapatos apertados. Usualmente o desconto \u00e9 sentido entre os dedos e na parte debaixo do p\u00e9.&nbsp;<\/span><\/p>\n<p><span style=\"font-weight: 400;\">&nbsp;Pacientes que usam muito salto alto, corredores e aqueles com deformidades no p\u00e9s apresentam maiores chances de ter o problema.<\/span><\/p>\n<p><span style=\"font-weight: 400;\">O diagn\u00f3stico \u00e9 realizado atrav\u00e9s da hist\u00f3ria cl\u00ednica e exame f\u00edsico. A resson\u00e2ncia nuclear magn\u00e9tica \u00e9 o exame com maior potencial para detectar a altera\u00e7\u00e3o.<\/span><\/p>\n<p><span style=\"font-weight: 400;\">O tratamento pode ser feito com inje\u00e7\u00f5es de anest\u00e9sicos e anti-inflamat\u00f3rios guiados por ultrassom. Outro tratamento poss\u00edvel \u00e9 a realiza\u00e7\u00e3o de uma radiofrequ\u00eancia, onde conseguimos queimar o Neuroma atrav\u00e9s de uma agulha espec\u00edfica.<\/span><\/p>\n<p><span style=\"font-weight: 400;\">Em alguns casos, \u00e9 necess\u00e1rio realizar uma cirurgia para retirada do neuroma.<\/span><\/p><\/div>\n\t\t\t\t<\/div>\n\t\t\t\t\t\t\t<div class=\"elementor-toggle-item\">\n\t\t\t\t\t<div id=\"elementor-tab-title-8103\" class=\"elementor-tab-title\" data-tab=\"3\" role=\"button\" aria-controls=\"elementor-tab-content-8103\" aria-expanded=\"false\">\n\t\t\t\t\t\t\t\t\t\t\t\t<span class=\"elementor-toggle-icon elementor-toggle-icon-right\" aria-hidden=\"true\">\n\t\t\t\t\t\t\t\t\t\t\t\t\t\t\t<span class=\"elementor-toggle-icon-closed\"><i class=\"fas fa-plus-circle\"><\/i><\/span>\n\t\t\t\t\t\t\t\t<span class=\"elementor-toggle-icon-opened\"><i class=\"elementor-toggle-icon-opened fas fa-plus\"><\/i><\/span>\n\t\t\t\t\t\t\t\t\t\t\t\t\t<\/span>\n\t\t\t\t\t\t\t\t\t\t\t\t<a class=\"elementor-toggle-title\" tabindex=\"0\">ARTROSE<\/a>\n\t\t\t\t\t<\/div>\n\n\t\t\t\t\t<div id=\"elementor-tab-content-8103\" class=\"elementor-tab-content elementor-clearfix\" data-tab=\"3\" role=\"region\" aria-labelledby=\"elementor-tab-title-8103\"><p><span style=\"font-weight: 400;\">A artrose \u00e9 uma degenera\u00e7\u00e3o das articula\u00e7\u00f5es e tamb\u00e9m pode ocorrer nas articula\u00e7\u00f5es dos p\u00e9s, em especial nas articula\u00e7\u00f5es entre os dedos e nas articula\u00e7\u00f5es que formam o calcanhar.<\/span><\/p>\n<p>A degenera\u00e7\u00e3o acaba diminuindo a espessura da cartilagem, al\u00e9m de promover rea\u00e7\u00f5es inflamat\u00f3rias dentro da articula\u00e7\u00e3o em si.<\/p>\n<p><span style=\"font-weight: 400;\">Normalmente, os paciente queixam-se de dores ao caminhar ou apoiar o peso sobre a articula\u00e7\u00e3o afetada.<\/span><\/p>\n<p><span style=\"font-weight: 400;\">O tratamento deve ser feito, inicialmente, com fisioterapia e medicamentos analg\u00e9sicos. Quando tais medidas n\u00e3o trazem al\u00edvio, podemos realizar infiltra\u00e7\u00f5es com subst\u00e2ncias anti-inflamat\u00f3rias, em especial o \u00e1cido hialur\u00f4nico.<\/span><\/p><\/div>\n\t\t\t\t<\/div>\n\t\t\t\t\t\t\t\t<\/div>\n\t\t\t\t<\/div>\n\t\t\t\t<\/div>\n\t\t\t\t\t<\/div>\n\t\t<\/div>\n\t\t\t\t\t<\/div>\n\t\t<\/section>\n\t\t\t\t<\/div>\n\t\t","protected":false},"excerpt":{"rendered":"<p>DORES NOS P\u00c9S \u201cUma das grande dificuldades para quem tem dores nos p\u00e9s \u00e9 que precisamos andar, dificilmente conseguimos ficar em repouso.\u201d Dores cr\u00f4nicas nos p\u00e9s costumam causar um grande impacto na qualidade de vida dos pacientes. Isso ocorre porque usamos os p\u00e9s nas atividades mais cotidianas como andar ou simplesmente ficar \u201cde p\u00e9\u201d.\u00a0 Nosso p\u00e9 cont\u00e9m v\u00e1rias estruturas que podem ser fonte de dor. Tem, por exemplo, 26 ossos al\u00e9m de m\u00fasculos, ligamentos e nervos estrategicamente posicionados. Vamos falar ent\u00e3o brevemente sobre as principais causas de dores cr\u00f4nicas nos p\u00e9s. O que se sabe sobre AS dores nos p\u00e9s? FASCITE PLANTAR Essa \u00e9 com certeza uma das principais causas de dores nos p\u00e9s. A f\u00e1scia plantar \u00e9 uma estrutura que liga a regi\u00e3o do calcanhar \u00e0 regi\u00e3o dos dedos. Ela ajuda a sustentar o p\u00e9 na sua forma habitual. O que pode ocorrer \u00e9 uma inflama\u00e7\u00e3o onde essa f\u00e1scia faz a conex\u00e3o com o calcanhar e a\u00ed temos o que chamamos de Fascite plantar, lembrando que o radical \u201cite&#8221; e medicina usualmente refere-se \u00e0 inflama\u00e7\u00e3o (apendicite, por exemplo). Paciente com fascite plantar usualmente se queixam de dores na regi\u00e3o do calcanhar que s\u00e3o mais pronunciadas nas primeiras pisadas da manh\u00e3. Sair da cama \u00e9 um mart\u00edrio. Alguns pacientes apresentam mais chances de ter o problema como pacientes mais obesos, em uso de salto alto, \u00e0queles que praticam muitas corridas ou andam demais bem como pacientes que apresentam alguma deformidade do formato do p\u00e9 (p\u00e9 chato). O diagn\u00f3stico \u00e9 feito atrav\u00e9s da hist\u00f3ria cl\u00ednica e exame f\u00edsico. A ultrassonografia e a resson\u00e2ncia nuclear magn\u00e9tica podem mostrar o problema na regi\u00e3o. O tratamento \u00e9 feito, inicialmente, com uso de medicamentos analg\u00e9sicos, anti-inflamat\u00f3rios, fisioterapia especializada e uso de algumas \u00f3rteses espec\u00edficas. Nos casos onde tais medidas n\u00e3o funcionam (a minoria, por sinal), podemos lan\u00e7ar m\u00e3o de algumas t\u00e9cnicas intervencionistas como terapia por ondas de choque, infiltra\u00e7\u00f5es com subst\u00e2ncia anest\u00e9sicas, proloterapia e, em casos mais raros, radiofrequ\u00eancia. NEUROMA DE MORTON Neuroma de Morton \u00e9 uma fibrose e um espessamento do nervo que passa entre os dedos (Figura 3). Costuma provocar bastante dor, em especial quando o paciente caminha e\/ou usa sapatos apertados. Usualmente o desconto \u00e9 sentido entre os dedos e na parte debaixo do p\u00e9.&nbsp; &nbsp;Pacientes que usam muito salto alto, corredores e aqueles com deformidades no p\u00e9s apresentam maiores chances de ter o problema. O diagn\u00f3stico \u00e9 realizado atrav\u00e9s da hist\u00f3ria cl\u00ednica e exame f\u00edsico. A resson\u00e2ncia nuclear magn\u00e9tica \u00e9 o exame com maior potencial para detectar a altera\u00e7\u00e3o. O tratamento pode ser feito com inje\u00e7\u00f5es de anest\u00e9sicos e anti-inflamat\u00f3rios guiados por ultrassom. Outro tratamento poss\u00edvel \u00e9 a realiza\u00e7\u00e3o de uma radiofrequ\u00eancia, onde conseguimos queimar o Neuroma atrav\u00e9s de uma agulha espec\u00edfica. Em alguns casos, \u00e9 necess\u00e1rio realizar uma cirurgia para retirada do neuroma. ARTROSE A artrose \u00e9 uma degenera\u00e7\u00e3o das articula\u00e7\u00f5es e tamb\u00e9m pode ocorrer nas articula\u00e7\u00f5es dos p\u00e9s, em especial nas articula\u00e7\u00f5es entre os dedos e nas articula\u00e7\u00f5es que formam o calcanhar. A degenera\u00e7\u00e3o acaba diminuindo a espessura da cartilagem, al\u00e9m de promover rea\u00e7\u00f5es inflamat\u00f3rias dentro da articula\u00e7\u00e3o em si. Normalmente, os paciente queixam-se de dores ao caminhar ou apoiar o peso sobre a articula\u00e7\u00e3o afetada. O tratamento deve ser feito, inicialmente, com fisioterapia e medicamentos analg\u00e9sicos. Quando tais medidas n\u00e3o trazem al\u00edvio, podemos realizar infiltra\u00e7\u00f5es com subst\u00e2ncias anti-inflamat\u00f3rias, em especial o \u00e1cido hialur\u00f4nico.<\/p>\n","protected":false},"author":1,"featured_media":0,"parent":0,"menu_order":0,"comment_status":"closed","ping_status":"closed","template":"elementor_header_footer","meta":{"_joinchat":[],"footnotes":""},"class_list":["post-367","page","type-page","status-publish","hentry"],"_links":{"self":[{"href":"https:\/\/drandremansano.com.br\/index.php\/wp-json\/wp\/v2\/pages\/367"}],"collection":[{"href":"https:\/\/drandremansano.com.br\/index.php\/wp-json\/wp\/v2\/pages"}],"about":[{"href":"https:\/\/drandremansano.com.br\/index.php\/wp-json\/wp\/v2\/types\/page"}],"author":[{"embeddable":true,"href":"https:\/\/drandremansano.com.br\/index.php\/wp-json\/wp\/v2\/users\/1"}],"replies":[{"embeddable":true,"href":"https:\/\/drandremansano.com.br\/index.php\/wp-json\/wp\/v2\/comments?post=367"}],"version-history":[{"count":0,"href":"https:\/\/drandremansano.com.br\/index.php\/wp-json\/wp\/v2\/pages\/367\/revisions"}],"wp:attachment":[{"href":"https:\/\/drandremansano.com.br\/index.php\/wp-json\/wp\/v2\/media?parent=367"}],"curies":[{"name":"wp","href":"https:\/\/api.w.org\/{rel}","templated":true}]}}