{"id":357,"date":"2021-01-13T17:04:19","date_gmt":"2021-01-13T17:04:19","guid":{"rendered":"https:\/\/novo2.drandremansano.com.br\/tipos-de-dor-copy\/"},"modified":"2021-01-13T17:04:19","modified_gmt":"2021-01-13T17:04:19","slug":"hernia-de-disco","status":"publish","type":"page","link":"https:\/\/drandremansano.com.br\/index.php\/hernia-de-disco\/","title":{"rendered":"H\u00e9rnia de disco"},"content":{"rendered":"\t\t<div data-elementor-type=\"wp-page\" data-elementor-id=\"357\" class=\"elementor elementor-357\">\n\t\t\t\t\t\t<section class=\"elementor-section elementor-top-section elementor-element elementor-element-98b4c1b elementor-section-boxed elementor-section-height-default elementor-section-height-default wpr-particle-no wpr-jarallax-no wpr-parallax-no wpr-sticky-section-no wpr-equal-height-no\" data-id=\"98b4c1b\" data-element_type=\"section\" data-settings=\"{&quot;background_background&quot;:&quot;classic&quot;}\">\n\t\t\t\t\t\t<div class=\"elementor-container elementor-column-gap-default\">\n\t\t\t\t\t<div class=\"elementor-column elementor-col-50 elementor-top-column elementor-element elementor-element-4a44783\" data-id=\"4a44783\" data-element_type=\"column\">\n\t\t\t<div class=\"elementor-widget-wrap elementor-element-populated\">\n\t\t\t\t\t\t<div class=\"elementor-element elementor-element-80eec59 elementor-widget elementor-widget-image\" data-id=\"80eec59\" data-element_type=\"widget\" data-widget_type=\"image.default\">\n\t\t\t\t<div class=\"elementor-widget-container\">\n\t\t\t\t\t\t\t\t\t\t\t\t\t<img decoding=\"async\" width=\"69\" height=\"79\" src=\"https:\/\/drandremansano.com.br\/wp-content\/uploads\/2021\/02\/dor-lombar.png\" class=\"attachment-large size-large wp-image-1536\" alt=\"\" \/>\t\t\t\t\t\t\t\t\t\t\t\t\t<\/div>\n\t\t\t\t<\/div>\n\t\t\t\t\t<\/div>\n\t\t<\/div>\n\t\t\t\t<div class=\"elementor-column elementor-col-50 elementor-top-column elementor-element elementor-element-bd9d6c2\" data-id=\"bd9d6c2\" data-element_type=\"column\">\n\t\t\t<div class=\"elementor-widget-wrap elementor-element-populated\">\n\t\t\t\t\t\t<div class=\"elementor-element elementor-element-3f62787c elementor-widget elementor-widget-heading\" data-id=\"3f62787c\" data-element_type=\"widget\" data-widget_type=\"heading.default\">\n\t\t\t\t<div class=\"elementor-widget-container\">\n\t\t\t<h2 class=\"elementor-heading-title elementor-size-default\">h\u00e9rnia de disco<\/h2>\t\t<\/div>\n\t\t\t\t<\/div>\n\t\t\t\t\t<\/div>\n\t\t<\/div>\n\t\t\t\t\t<\/div>\n\t\t<\/section>\n\t\t\t\t<section class=\"elementor-section elementor-top-section elementor-element elementor-element-36fca3ea elementor-section-boxed elementor-section-height-default elementor-section-height-default wpr-particle-no wpr-jarallax-no wpr-parallax-no wpr-sticky-section-no wpr-equal-height-no\" data-id=\"36fca3ea\" data-element_type=\"section\" data-settings=\"{&quot;background_background&quot;:&quot;classic&quot;}\">\n\t\t\t\t\t\t<div class=\"elementor-container elementor-column-gap-default\">\n\t\t\t\t\t<div class=\"elementor-column elementor-col-100 elementor-top-column elementor-element elementor-element-3209f904\" data-id=\"3209f904\" data-element_type=\"column\">\n\t\t\t<div class=\"elementor-widget-wrap elementor-element-populated\">\n\t\t\t\t\t\t<section class=\"elementor-section elementor-inner-section elementor-element elementor-element-7716d000 elementor-section-boxed elementor-section-height-default elementor-section-height-default wpr-particle-no wpr-jarallax-no wpr-parallax-no wpr-sticky-section-no wpr-equal-height-no\" data-id=\"7716d000\" data-element_type=\"section\">\n\t\t\t\t\t\t<div class=\"elementor-container elementor-column-gap-default\">\n\t\t\t\t\t<div class=\"elementor-column elementor-col-50 elementor-inner-column elementor-element elementor-element-7604768f\" data-id=\"7604768f\" data-element_type=\"column\" data-settings=\"{&quot;background_background&quot;:&quot;classic&quot;}\">\n\t\t\t<div class=\"elementor-widget-wrap elementor-element-populated\">\n\t\t\t\t\t\t<div class=\"elementor-element elementor-element-4358b08b elementor-widget-divider--view-line elementor-widget elementor-widget-divider\" data-id=\"4358b08b\" data-element_type=\"widget\" data-widget_type=\"divider.default\">\n\t\t\t\t<div class=\"elementor-widget-container\">\n\t\t\t\t\t<div class=\"elementor-divider\">\n\t\t\t<span class=\"elementor-divider-separator\">\n\t\t\t\t\t\t<\/span>\n\t\t<\/div>\n\t\t\t\t<\/div>\n\t\t\t\t<\/div>\n\t\t\t\t<div class=\"elementor-element elementor-element-4c5df61 elementor-widget elementor-widget-text-editor\" data-id=\"4c5df61\" data-element_type=\"widget\" data-widget_type=\"text-editor.default\">\n\t\t\t\t<div class=\"elementor-widget-container\">\n\t\t\t\t\t\t\t<p><b>&#8220;<\/b>Muitos pacientes associam automaticamente a ocorr\u00eancia de uma<b> h\u00e9rnia de disco<\/b>, seja ela cervical ou lombar, com a necessidade de uma cirurgia<b>.&#8221;<\/b><\/p>\t\t\t\t\t\t<\/div>\n\t\t\t\t<\/div>\n\t\t\t\t<div class=\"elementor-element elementor-element-2e7ef40 elementor-widget elementor-widget-text-editor\" data-id=\"2e7ef40\" data-element_type=\"widget\" data-widget_type=\"text-editor.default\">\n\t\t\t\t<div class=\"elementor-widget-container\">\n\t\t\t\t\t\t\t<p>Bom, felizmente sabemos que a minoria dos pacientes com h\u00e9rnias de disco precisam operar. Existem in\u00fameras t\u00e9cnicas minimamente invasivas que podem ser utilizadas para pacientes que sofrem com esse problema.<\/p><p><span style=\"font-weight: 400;\">Usualmente, indicamos os procedimentos partindo do que \u00e9 mais simples para o mais complexo, iniciando com tratamentos que oferecem menos risco ao paciente, claro que avaliando todos os tratamentos que o paciente j\u00e1 foi submetido e todo o impacto que aquela dor tem causado \u00e0 vida do\u00a0 paciente em quest\u00e3o.<\/span><\/p>\t\t\t\t\t\t<\/div>\n\t\t\t\t<\/div>\n\t\t\t\t\t<\/div>\n\t\t<\/div>\n\t\t\t\t<div class=\"elementor-column elementor-col-50 elementor-inner-column elementor-element elementor-element-767a7923\" data-id=\"767a7923\" data-element_type=\"column\">\n\t\t\t<div class=\"elementor-widget-wrap\">\n\t\t\t\t\t\t\t<\/div>\n\t\t<\/div>\n\t\t\t\t\t<\/div>\n\t\t<\/section>\n\t\t\t\t\t<\/div>\n\t\t<\/div>\n\t\t\t\t\t<\/div>\n\t\t<\/section>\n\t\t\t\t<section class=\"elementor-section elementor-top-section elementor-element elementor-element-2e6c479f elementor-section-boxed elementor-section-height-default elementor-section-height-default wpr-particle-no wpr-jarallax-no wpr-parallax-no wpr-sticky-section-no wpr-equal-height-no\" data-id=\"2e6c479f\" data-element_type=\"section\">\n\t\t\t\t\t\t\t<div class=\"elementor-background-overlay\"><\/div>\n\t\t\t\t\t\t\t<div class=\"elementor-container elementor-column-gap-default\">\n\t\t\t\t\t<div class=\"elementor-column elementor-col-50 elementor-top-column elementor-element elementor-element-698df8a8\" data-id=\"698df8a8\" data-element_type=\"column\">\n\t\t\t<div class=\"elementor-widget-wrap elementor-element-populated\">\n\t\t\t\t\t\t<div class=\"elementor-element elementor-element-5f5539ef elementor-widget elementor-widget-image\" data-id=\"5f5539ef\" data-element_type=\"widget\" data-widget_type=\"image.default\">\n\t\t\t\t<div class=\"elementor-widget-container\">\n\t\t\t\t\t\t\t\t\t\t\t\t\t<img fetchpriority=\"high\" decoding=\"async\" width=\"655\" height=\"811\" src=\"https:\/\/drandremansano.com.br\/wp-content\/uploads\/2021\/01\/hernia-de-disco.jpg\" class=\"attachment-large size-large wp-image-965\" alt=\"\" srcset=\"https:\/\/drandremansano.com.br\/wp-content\/uploads\/2021\/01\/hernia-de-disco.jpg 655w, https:\/\/drandremansano.com.br\/wp-content\/uploads\/2021\/01\/hernia-de-disco-242x300.jpg 242w\" sizes=\"(max-width: 655px) 100vw, 655px\" \/>\t\t\t\t\t\t\t\t\t\t\t\t\t<\/div>\n\t\t\t\t<\/div>\n\t\t\t\t\t<\/div>\n\t\t<\/div>\n\t\t\t\t<div class=\"elementor-column elementor-col-50 elementor-top-column elementor-element elementor-element-5a03659f\" data-id=\"5a03659f\" data-element_type=\"column\">\n\t\t\t<div class=\"elementor-widget-wrap elementor-element-populated\">\n\t\t\t\t\t\t<div class=\"elementor-element elementor-element-5872e5ed elementor-widget-divider--view-line elementor-widget elementor-widget-divider\" data-id=\"5872e5ed\" data-element_type=\"widget\" data-widget_type=\"divider.default\">\n\t\t\t\t<div class=\"elementor-widget-container\">\n\t\t\t\t\t<div class=\"elementor-divider\">\n\t\t\t<span class=\"elementor-divider-separator\">\n\t\t\t\t\t\t<\/span>\n\t\t<\/div>\n\t\t\t\t<\/div>\n\t\t\t\t<\/div>\n\t\t\t\t<div class=\"elementor-element elementor-element-75f20a41 elementor-widget elementor-widget-heading\" data-id=\"75f20a41\" data-element_type=\"widget\" data-widget_type=\"heading.default\">\n\t\t\t\t<div class=\"elementor-widget-container\">\n\t\t\t<h2 class=\"elementor-heading-title elementor-size-default\">O que se sabe sobre\nH\u00c9RNIA DE DISCO?<\/h2>\t\t<\/div>\n\t\t\t\t<\/div>\n\t\t\t\t<div class=\"elementor-element elementor-element-bf105d1 elementor-widget elementor-widget-toggle\" data-id=\"bf105d1\" data-element_type=\"widget\" data-widget_type=\"toggle.default\">\n\t\t\t\t<div class=\"elementor-widget-container\">\n\t\t\t\t\t<div class=\"elementor-toggle\">\n\t\t\t\t\t\t\t<div class=\"elementor-toggle-item\">\n\t\t\t\t\t<div id=\"elementor-tab-title-2001\" class=\"elementor-tab-title\" data-tab=\"1\" role=\"button\" aria-controls=\"elementor-tab-content-2001\" aria-expanded=\"false\">\n\t\t\t\t\t\t\t\t\t\t\t\t<span class=\"elementor-toggle-icon elementor-toggle-icon-right\" aria-hidden=\"true\">\n\t\t\t\t\t\t\t\t\t\t\t\t\t\t\t<span class=\"elementor-toggle-icon-closed\"><i class=\"fas fa-plus-circle\"><\/i><\/span>\n\t\t\t\t\t\t\t\t<span class=\"elementor-toggle-icon-opened\"><i class=\"elementor-toggle-icon-opened fas fa-plus\"><\/i><\/span>\n\t\t\t\t\t\t\t\t\t\t\t\t\t<\/span>\n\t\t\t\t\t\t\t\t\t\t\t\t<a class=\"elementor-toggle-title\" tabindex=\"0\">MEDICAMENTOS<\/a>\n\t\t\t\t\t<\/div>\n\n\t\t\t\t\t<div id=\"elementor-tab-content-2001\" class=\"elementor-tab-content elementor-clearfix\" data-tab=\"1\" role=\"region\" aria-labelledby=\"elementor-tab-title-2001\"><p><span style=\"font-weight: 400;\">Praticamente todos os pacientes que sofrem com h\u00e9rnias de disco precisar\u00e3o de medicamentos analg\u00e9sicos em algum momento. Os principais exemplos s\u00e3o os analg\u00e9sicos simples, os anti-inflamat\u00f3rios, relaxantes musculares e alguns anticonvulsivantes e antidepressivos com efeitos na dor cr\u00f4nica.<\/span><\/p><\/div>\n\t\t\t\t<\/div>\n\t\t\t\t\t\t\t<div class=\"elementor-toggle-item\">\n\t\t\t\t\t<div id=\"elementor-tab-title-2002\" class=\"elementor-tab-title\" data-tab=\"2\" role=\"button\" aria-controls=\"elementor-tab-content-2002\" aria-expanded=\"false\">\n\t\t\t\t\t\t\t\t\t\t\t\t<span class=\"elementor-toggle-icon elementor-toggle-icon-right\" aria-hidden=\"true\">\n\t\t\t\t\t\t\t\t\t\t\t\t\t\t\t<span class=\"elementor-toggle-icon-closed\"><i class=\"fas fa-plus-circle\"><\/i><\/span>\n\t\t\t\t\t\t\t\t<span class=\"elementor-toggle-icon-opened\"><i class=\"elementor-toggle-icon-opened fas fa-plus\"><\/i><\/span>\n\t\t\t\t\t\t\t\t\t\t\t\t\t<\/span>\n\t\t\t\t\t\t\t\t\t\t\t\t<a class=\"elementor-toggle-title\" tabindex=\"0\">FISIOTERAPIA<\/a>\n\t\t\t\t\t<\/div>\n\n\t\t\t\t\t<div id=\"elementor-tab-content-2002\" class=\"elementor-tab-content elementor-clearfix\" data-tab=\"2\" role=\"region\" aria-labelledby=\"elementor-tab-title-2002\"><p><span style=\"font-weight: 400;\">Aqui eu posso dizer que todo paciente com h\u00e9rnia de disco precisa fazer uma boa fisioterapia. E outro ponto importante \u00e9 que quem define o tipo de fisioterapia a ser realizada \u00e9 o pr\u00f3prio fisioterapeuta. Escolha um bom fisioterapeuta, em especial o que cuidar\u00e1 somente de voc\u00ea durante a sess\u00e3o.<\/span><\/p><\/div>\n\t\t\t\t<\/div>\n\t\t\t\t\t\t\t<div class=\"elementor-toggle-item\">\n\t\t\t\t\t<div id=\"elementor-tab-title-2003\" class=\"elementor-tab-title\" data-tab=\"3\" role=\"button\" aria-controls=\"elementor-tab-content-2003\" aria-expanded=\"false\">\n\t\t\t\t\t\t\t\t\t\t\t\t<span class=\"elementor-toggle-icon elementor-toggle-icon-right\" aria-hidden=\"true\">\n\t\t\t\t\t\t\t\t\t\t\t\t\t\t\t<span class=\"elementor-toggle-icon-closed\"><i class=\"fas fa-plus-circle\"><\/i><\/span>\n\t\t\t\t\t\t\t\t<span class=\"elementor-toggle-icon-opened\"><i class=\"elementor-toggle-icon-opened fas fa-plus\"><\/i><\/span>\n\t\t\t\t\t\t\t\t\t\t\t\t\t<\/span>\n\t\t\t\t\t\t\t\t\t\t\t\t<a class=\"elementor-toggle-title\" tabindex=\"0\">PROCEDIMENTOS MINIMAMENTE INVASIVOS<\/a>\n\t\t\t\t\t<\/div>\n\n\t\t\t\t\t<div id=\"elementor-tab-content-2003\" class=\"elementor-tab-content elementor-clearfix\" data-tab=\"3\" role=\"region\" aria-labelledby=\"elementor-tab-title-2003\"><p><img decoding=\"async\" src=\"https:\/\/drandremansano.com.br\/wp-content\/uploads\/2021\/02\/tratamento-dor-hernia-de-disco.jpg\" \/><\/p><p><span style=\"font-weight: 400;\">O tratamento b\u00e1sico para esse tipo de paciente \u00e9 a fisioterapia e uso de alguns medicamentos analg\u00e9sicos. Quando isso n\u00e3o resolvia o problema o paciente era automaticamente encaminhado para a cirurgia. Hoje n\u00e3o \u00e9 mais assim, h\u00e1 in\u00fameros tratamentos menos invasivos do que a cirurgia. Por exemplo, podemos colocar uma agulha fininha ao redor do nervo comprimido pela h\u00e9rnia e injetar uma subst\u00e2ncia anest\u00e9sica e anti-inflamat\u00f3ria (a dor da h\u00e9rnia ocorre porque h\u00e1 uma compress\u00e3o do nervo que desce para a perna). Esse tipo de procedimento associado \u00e0 fisioterapia reduz a necessidade de cirurgias em 80%, segundo estudos cient\u00edficos. Outra op\u00e7\u00e3o seria retirar parte da h\u00e9rnia com uso de dispositivos espec\u00edficos, sem necessidade de cortes, sem necessidade de interna\u00e7\u00e3o ou de anestesia geral.<\/span><\/p><p><span style=\"font-weight: 400;\">\u00c9 importante ter em mente que h\u00e9rnias de disco podem ser reabsorvidas pelo corpo humano. Os procedimentos minimamente invasivos associado \u00e0 fisioterapia podem oferecer um per\u00edodo de conforto para o paciente aguardar que isso ocorra.<\/span><\/p><\/div>\n\t\t\t\t<\/div>\n\t\t\t\t\t\t\t<div class=\"elementor-toggle-item\">\n\t\t\t\t\t<div id=\"elementor-tab-title-2004\" class=\"elementor-tab-title\" data-tab=\"4\" role=\"button\" aria-controls=\"elementor-tab-content-2004\" aria-expanded=\"false\">\n\t\t\t\t\t\t\t\t\t\t\t\t<span class=\"elementor-toggle-icon elementor-toggle-icon-right\" aria-hidden=\"true\">\n\t\t\t\t\t\t\t\t\t\t\t\t\t\t\t<span class=\"elementor-toggle-icon-closed\"><i class=\"fas fa-plus-circle\"><\/i><\/span>\n\t\t\t\t\t\t\t\t<span class=\"elementor-toggle-icon-opened\"><i class=\"elementor-toggle-icon-opened fas fa-plus\"><\/i><\/span>\n\t\t\t\t\t\t\t\t\t\t\t\t\t<\/span>\n\t\t\t\t\t\t\t\t\t\t\t\t<a class=\"elementor-toggle-title\" tabindex=\"0\">QUANDO ENT\u00c3O A CIRURGIA EST\u00c1 INDICADA?<\/a>\n\t\t\t\t\t<\/div>\n\n\t\t\t\t\t<div id=\"elementor-tab-content-2004\" class=\"elementor-tab-content elementor-clearfix\" data-tab=\"4\" role=\"region\" aria-labelledby=\"elementor-tab-title-2004\"><p><span style=\"font-weight: 400;\"><img decoding=\"async\" src=\"https:\/\/drandremansano.com.br\/wp-content\/uploads\/2021\/02\/hernia-de-disco-quais-os-sintomas-hernia-de-disco-como-tratar.jpg\" \/>Basicamente, temos duas indica\u00e7\u00f5es para cirurgias de h\u00e9rnia de disco. A primeira seria uma h\u00e9rnia suficientemente grande para comprimir nervos causando uma diminui\u00e7\u00e3o importante da for\u00e7a das pernas, em caso de h\u00e9rnias de disco lombares, ou dos bra\u00e7os, em casos de h\u00e9rnias de disco cervicais.<\/span><\/p><p><span style=\"font-weight: 400;\">A segunda indica\u00e7\u00e3o seria a presen\u00e7a de uma dor que n\u00e3o melhora com nenhum tratamento, inclusive os minimamente invasivos citados abaixo.<\/span><\/p><p>Quer saber mais sobre h\u00e9rnias de disco. <a href=\"https:\/\/www.youtube.com\/watch?v=ywbHC_vOcG8\">Assista \u00e0 uma aula completa.<\/a><\/p><\/div>\n\t\t\t\t<\/div>\n\t\t\t\t\t\t\t\t<\/div>\n\t\t\t\t<\/div>\n\t\t\t\t<\/div>\n\t\t\t\t\t<\/div>\n\t\t<\/div>\n\t\t\t\t\t<\/div>\n\t\t<\/section>\n\t\t\t\t<\/div>\n\t\t","protected":false},"excerpt":{"rendered":"<p>h\u00e9rnia de disco &#8220;Muitos pacientes associam automaticamente a ocorr\u00eancia de uma h\u00e9rnia de disco, seja ela cervical ou lombar, com a necessidade de uma cirurgia.&#8221; Bom, felizmente sabemos que a minoria dos pacientes com h\u00e9rnias de disco precisam operar. Existem in\u00fameras t\u00e9cnicas minimamente invasivas que podem ser utilizadas para pacientes que sofrem com esse problema. Usualmente, indicamos os procedimentos partindo do que \u00e9 mais simples para o mais complexo, iniciando com tratamentos que oferecem menos risco ao paciente, claro que avaliando todos os tratamentos que o paciente j\u00e1 foi submetido e todo o impacto que aquela dor tem causado \u00e0 vida do\u00a0 paciente em quest\u00e3o. O que se sabe sobre H\u00c9RNIA DE DISCO? MEDICAMENTOS Praticamente todos os pacientes que sofrem com h\u00e9rnias de disco precisar\u00e3o de medicamentos analg\u00e9sicos em algum momento. Os principais exemplos s\u00e3o os analg\u00e9sicos simples, os anti-inflamat\u00f3rios, relaxantes musculares e alguns anticonvulsivantes e antidepressivos com efeitos na dor cr\u00f4nica. FISIOTERAPIA Aqui eu posso dizer que todo paciente com h\u00e9rnia de disco precisa fazer uma boa fisioterapia. E outro ponto importante \u00e9 que quem define o tipo de fisioterapia a ser realizada \u00e9 o pr\u00f3prio fisioterapeuta. Escolha um bom fisioterapeuta, em especial o que cuidar\u00e1 somente de voc\u00ea durante a sess\u00e3o. PROCEDIMENTOS MINIMAMENTE INVASIVOS O tratamento b\u00e1sico para esse tipo de paciente \u00e9 a fisioterapia e uso de alguns medicamentos analg\u00e9sicos. Quando isso n\u00e3o resolvia o problema o paciente era automaticamente encaminhado para a cirurgia. Hoje n\u00e3o \u00e9 mais assim, h\u00e1 in\u00fameros tratamentos menos invasivos do que a cirurgia. Por exemplo, podemos colocar uma agulha fininha ao redor do nervo comprimido pela h\u00e9rnia e injetar uma subst\u00e2ncia anest\u00e9sica e anti-inflamat\u00f3ria (a dor da h\u00e9rnia ocorre porque h\u00e1 uma compress\u00e3o do nervo que desce para a perna). Esse tipo de procedimento associado \u00e0 fisioterapia reduz a necessidade de cirurgias em 80%, segundo estudos cient\u00edficos. Outra op\u00e7\u00e3o seria retirar parte da h\u00e9rnia com uso de dispositivos espec\u00edficos, sem necessidade de cortes, sem necessidade de interna\u00e7\u00e3o ou de anestesia geral. \u00c9 importante ter em mente que h\u00e9rnias de disco podem ser reabsorvidas pelo corpo humano. Os procedimentos minimamente invasivos associado \u00e0 fisioterapia podem oferecer um per\u00edodo de conforto para o paciente aguardar que isso ocorra. QUANDO ENT\u00c3O A CIRURGIA EST\u00c1 INDICADA? Basicamente, temos duas indica\u00e7\u00f5es para cirurgias de h\u00e9rnia de disco. A primeira seria uma h\u00e9rnia suficientemente grande para comprimir nervos causando uma diminui\u00e7\u00e3o importante da for\u00e7a das pernas, em caso de h\u00e9rnias de disco lombares, ou dos bra\u00e7os, em casos de h\u00e9rnias de disco cervicais. A segunda indica\u00e7\u00e3o seria a presen\u00e7a de uma dor que n\u00e3o melhora com nenhum tratamento, inclusive os minimamente invasivos citados abaixo. Quer saber mais sobre h\u00e9rnias de disco. Assista \u00e0 uma aula completa.<\/p>\n","protected":false},"author":1,"featured_media":0,"parent":0,"menu_order":0,"comment_status":"closed","ping_status":"closed","template":"elementor_header_footer","meta":{"_joinchat":[],"footnotes":""},"class_list":["post-357","page","type-page","status-publish","hentry"],"_links":{"self":[{"href":"https:\/\/drandremansano.com.br\/index.php\/wp-json\/wp\/v2\/pages\/357"}],"collection":[{"href":"https:\/\/drandremansano.com.br\/index.php\/wp-json\/wp\/v2\/pages"}],"about":[{"href":"https:\/\/drandremansano.com.br\/index.php\/wp-json\/wp\/v2\/types\/page"}],"author":[{"embeddable":true,"href":"https:\/\/drandremansano.com.br\/index.php\/wp-json\/wp\/v2\/users\/1"}],"replies":[{"embeddable":true,"href":"https:\/\/drandremansano.com.br\/index.php\/wp-json\/wp\/v2\/comments?post=357"}],"version-history":[{"count":0,"href":"https:\/\/drandremansano.com.br\/index.php\/wp-json\/wp\/v2\/pages\/357\/revisions"}],"wp:attachment":[{"href":"https:\/\/drandremansano.com.br\/index.php\/wp-json\/wp\/v2\/media?parent=357"}],"curies":[{"name":"wp","href":"https:\/\/api.w.org\/{rel}","templated":true}]}}