{"id":208,"date":"2020-12-15T20:15:27","date_gmt":"2020-12-15T20:15:27","guid":{"rendered":"https:\/\/novo2.drandremansano.com.br\/?page_id=208"},"modified":"2020-12-15T20:15:27","modified_gmt":"2020-12-15T20:15:27","slug":"neuralgia-do-trigemeo","status":"publish","type":"page","link":"https:\/\/drandremansano.com.br\/index.php\/neuralgia-do-trigemeo\/","title":{"rendered":"Neuralgia do Trig\u00eameo"},"content":{"rendered":"\t\t<div data-elementor-type=\"wp-page\" data-elementor-id=\"208\" class=\"elementor elementor-208\">\n\t\t\t\t\t\t<section class=\"elementor-section elementor-top-section elementor-element elementor-element-98b4c1b elementor-section-boxed elementor-section-height-default elementor-section-height-default wpr-particle-no wpr-jarallax-no wpr-parallax-no wpr-sticky-section-no\" data-id=\"98b4c1b\" data-element_type=\"section\" data-settings=\"{&quot;background_background&quot;:&quot;classic&quot;}\">\n\t\t\t\t\t\t<div class=\"elementor-container elementor-column-gap-default\">\n\t\t\t\t\t<div class=\"elementor-column elementor-col-50 elementor-top-column elementor-element elementor-element-4a44783\" data-id=\"4a44783\" data-element_type=\"column\">\n\t\t\t<div class=\"elementor-widget-wrap elementor-element-populated\">\n\t\t\t\t\t\t<div class=\"elementor-element elementor-element-80eec59 elementor-widget elementor-widget-image\" data-id=\"80eec59\" data-element_type=\"widget\" data-widget_type=\"image.default\">\n\t\t\t\t<div class=\"elementor-widget-container\">\n\t\t\t\t\t\t\t\t\t\t\t\t\t<img decoding=\"async\" width=\"73\" height=\"73\" src=\"https:\/\/drandremansano.com.br\/wp-content\/uploads\/2020\/12\/logo-008.png\" class=\"attachment-large size-large wp-image-103\" alt=\"\" \/>\t\t\t\t\t\t\t\t\t\t\t\t\t<\/div>\n\t\t\t\t<\/div>\n\t\t\t\t\t<\/div>\n\t\t<\/div>\n\t\t\t\t<div class=\"elementor-column elementor-col-50 elementor-top-column elementor-element elementor-element-bd9d6c2\" data-id=\"bd9d6c2\" data-element_type=\"column\">\n\t\t\t<div class=\"elementor-widget-wrap elementor-element-populated\">\n\t\t\t\t\t\t<div class=\"elementor-element elementor-element-3f62787c elementor-widget elementor-widget-heading\" data-id=\"3f62787c\" data-element_type=\"widget\" data-widget_type=\"heading.default\">\n\t\t\t\t<div class=\"elementor-widget-container\">\n\t\t\t<h2 class=\"elementor-heading-title elementor-size-default\">NEURALGIA DO TRIG\u00caMEO<\/h2>\t\t<\/div>\n\t\t\t\t<\/div>\n\t\t\t\t\t<\/div>\n\t\t<\/div>\n\t\t\t\t\t<\/div>\n\t\t<\/section>\n\t\t\t\t<section class=\"elementor-section elementor-top-section elementor-element elementor-element-36fca3ea elementor-section-boxed elementor-section-height-default elementor-section-height-default wpr-particle-no wpr-jarallax-no wpr-parallax-no wpr-sticky-section-no\" data-id=\"36fca3ea\" data-element_type=\"section\" data-settings=\"{&quot;background_background&quot;:&quot;classic&quot;}\">\n\t\t\t\t\t\t<div class=\"elementor-container elementor-column-gap-default\">\n\t\t\t\t\t<div class=\"elementor-column elementor-col-100 elementor-top-column elementor-element elementor-element-3209f904\" data-id=\"3209f904\" data-element_type=\"column\">\n\t\t\t<div class=\"elementor-widget-wrap elementor-element-populated\">\n\t\t\t\t\t\t<section class=\"elementor-section elementor-inner-section elementor-element elementor-element-7716d000 elementor-section-boxed elementor-section-height-default elementor-section-height-default wpr-particle-no wpr-jarallax-no wpr-parallax-no wpr-sticky-section-no\" data-id=\"7716d000\" data-element_type=\"section\">\n\t\t\t\t\t\t<div class=\"elementor-container elementor-column-gap-default\">\n\t\t\t\t\t<div class=\"elementor-column elementor-col-50 elementor-inner-column elementor-element elementor-element-767a7923\" data-id=\"767a7923\" data-element_type=\"column\">\n\t\t\t<div class=\"elementor-widget-wrap\">\n\t\t\t\t\t\t\t<\/div>\n\t\t<\/div>\n\t\t\t\t<div class=\"elementor-column elementor-col-50 elementor-inner-column elementor-element elementor-element-7604768f\" data-id=\"7604768f\" data-element_type=\"column\" data-settings=\"{&quot;background_background&quot;:&quot;classic&quot;}\">\n\t\t\t<div class=\"elementor-widget-wrap elementor-element-populated\">\n\t\t\t\t\t\t<div class=\"elementor-element elementor-element-4358b08b elementor-widget-divider--view-line elementor-widget elementor-widget-divider\" data-id=\"4358b08b\" data-element_type=\"widget\" data-widget_type=\"divider.default\">\n\t\t\t\t<div class=\"elementor-widget-container\">\n\t\t\t\t\t<div class=\"elementor-divider\">\n\t\t\t<span class=\"elementor-divider-separator\">\n\t\t\t\t\t\t<\/span>\n\t\t<\/div>\n\t\t\t\t<\/div>\n\t\t\t\t<\/div>\n\t\t\t\t<div class=\"elementor-element elementor-element-26c1929 elementor-widget elementor-widget-text-editor\" data-id=\"26c1929\" data-element_type=\"widget\" data-widget_type=\"text-editor.default\">\n\t\t\t\t<div class=\"elementor-widget-container\">\n\t\t\t\t\t\t\t<p>&#8220;A neuralgia do trig\u00eameo \u00e9 considerada uma das <b>piores dores experimentadas pelo ser humano&#8221;<\/b><\/p>\t\t\t\t\t\t<\/div>\n\t\t\t\t<\/div>\n\t\t\t\t<div class=\"elementor-element elementor-element-2e7ef40 elementor-widget elementor-widget-text-editor\" data-id=\"2e7ef40\" data-element_type=\"widget\" data-widget_type=\"text-editor.default\">\n\t\t\t\t<div class=\"elementor-widget-container\">\n\t\t\t\t\t\t\t<p>A neuralgia do trig\u00eameo \u00e9 uma causa importante de dores faciais e \u00e9 considerada a pior dor cr\u00f4nica que um paciente pode sentir. Em alguns pa\u00edses \u00e9 inclusive denominada \u201cdoen\u00e7a do suic\u00eddio\u201d, tamanho o n\u00famero de pessoas que atentam contra a pr\u00f3pria vida devido ao intenso sofrimento.<\/p><p>Estima-se que a doen\u00e7a ocorra em aproximadamente 50 mil brasileiros a cada ano sendo que o problema \u00e9 mais comum em idosos e em pacientes do sexo feminino.<\/p>\t\t\t\t\t\t<\/div>\n\t\t\t\t<\/div>\n\t\t\t\t\t<\/div>\n\t\t<\/div>\n\t\t\t\t\t<\/div>\n\t\t<\/section>\n\t\t\t\t\t<\/div>\n\t\t<\/div>\n\t\t\t\t\t<\/div>\n\t\t<\/section>\n\t\t\t\t<section class=\"elementor-section elementor-top-section elementor-element elementor-element-5f3d8ff elementor-section-boxed elementor-section-height-default elementor-section-height-default wpr-particle-no wpr-jarallax-no wpr-parallax-no wpr-sticky-section-no\" data-id=\"5f3d8ff\" data-element_type=\"section\">\n\t\t\t\t\t\t\t<div class=\"elementor-background-overlay\"><\/div>\n\t\t\t\t\t\t\t<div class=\"elementor-container elementor-column-gap-default\">\n\t\t\t\t\t<div class=\"elementor-column elementor-col-100 elementor-top-column elementor-element elementor-element-6792c39\" data-id=\"6792c39\" data-element_type=\"column\">\n\t\t\t<div class=\"elementor-widget-wrap elementor-element-populated\">\n\t\t\t\t\t\t<section class=\"elementor-section elementor-inner-section elementor-element elementor-element-60552e4 elementor-section-boxed elementor-section-height-default elementor-section-height-default wpr-particle-no wpr-jarallax-no wpr-parallax-no wpr-sticky-section-no\" data-id=\"60552e4\" data-element_type=\"section\">\n\t\t\t\t\t\t<div class=\"elementor-container elementor-column-gap-default\">\n\t\t\t\t\t<div class=\"elementor-column elementor-col-50 elementor-inner-column elementor-element elementor-element-6f53f58\" data-id=\"6f53f58\" data-element_type=\"column\">\n\t\t\t<div class=\"elementor-widget-wrap elementor-element-populated\">\n\t\t\t\t\t\t<div class=\"elementor-element elementor-element-64b3846d elementor-widget-divider--view-line elementor-widget elementor-widget-divider\" data-id=\"64b3846d\" data-element_type=\"widget\" data-widget_type=\"divider.default\">\n\t\t\t\t<div class=\"elementor-widget-container\">\n\t\t\t\t\t<div class=\"elementor-divider\">\n\t\t\t<span class=\"elementor-divider-separator\">\n\t\t\t\t\t\t<\/span>\n\t\t<\/div>\n\t\t\t\t<\/div>\n\t\t\t\t<\/div>\n\t\t\t\t<div class=\"elementor-element elementor-element-484f1f60 elementor-widget elementor-widget-heading\" data-id=\"484f1f60\" data-element_type=\"widget\" data-widget_type=\"heading.default\">\n\t\t\t\t<div class=\"elementor-widget-container\">\n\t\t\t<h2 class=\"elementor-heading-title elementor-size-default\">Neuralgia do Trig\u00eameo:<br>Tudo que voc\u00ea precisa saber!<\/h2>\t\t<\/div>\n\t\t\t\t<\/div>\n\t\t\t\t<div class=\"elementor-element elementor-element-cf0904d elementor-widget elementor-widget-text-editor\" data-id=\"cf0904d\" data-element_type=\"widget\" data-widget_type=\"text-editor.default\">\n\t\t\t\t<div class=\"elementor-widget-container\">\n\t\t\t\t\t\t\t<p>O nervo trig\u00eameo \u00e9 respons\u00e1vel pela sensibilidade da face e recebe esse nome pois tem tr\u00eas ramos. O primeiro ramo, chamado de nervo oft\u00e1lmico, inerva a parte superior do rosto acima dos olhos. O segundo ramo, conhecido como nervo maxilar, inerva a parte do meio do rosto, pr\u00f3ximo ao nariz e bochecha. J\u00e1 o terceiro ramo, denominado nervo mandibular, \u00e9 respons\u00e1vel pela sensibilidade da parte inferior do rosto, pr\u00f3ximo ao queixo e mand\u00edbula. \u00c9 importante ressaltar que o nervo trig\u00eameo n\u00e3o \u00e9 respons\u00e1vel pelos movimentos faciais.<\/p><p>Podemos comparar os nervos do organismo a fios el\u00e9tricos, muito mais complexos, \u00e9 verdade. Como os fios, nervos possuem uma esp\u00e9cie de camada protetora que consiste de prote\u00ednas, chamada \u201cbainha de mielina\u201d. Na neuralgia do trig\u00eameo, h\u00e1 uma perda significativa dessa camada, muitas vezes causadas por um vaso sangu\u00edneo que comprime o nervo ou pelo pr\u00f3prio sistema imunol\u00f3gico que pode degradar essa camada.<\/p>\t\t\t\t\t\t<\/div>\n\t\t\t\t<\/div>\n\t\t\t\t\t<\/div>\n\t\t<\/div>\n\t\t\t\t<div class=\"elementor-column elementor-col-50 elementor-inner-column elementor-element elementor-element-25f7b45\" data-id=\"25f7b45\" data-element_type=\"column\">\n\t\t\t<div class=\"elementor-widget-wrap elementor-element-populated\">\n\t\t\t\t\t\t<div class=\"elementor-element elementor-element-96dd74a elementor-widget elementor-widget-image\" data-id=\"96dd74a\" data-element_type=\"widget\" data-widget_type=\"image.default\">\n\t\t\t\t<div class=\"elementor-widget-container\">\n\t\t\t\t\t\t\t\t\t\t\t\t\t<img fetchpriority=\"high\" decoding=\"async\" width=\"960\" height=\"1023\" src=\"https:\/\/drandremansano.com.br\/wp-content\/uploads\/2020\/12\/neuraugia-do-trigemio-961x1024.png\" class=\"attachment-large size-large wp-image-218\" alt=\"\" srcset=\"https:\/\/drandremansano.com.br\/wp-content\/uploads\/2020\/12\/neuraugia-do-trigemio-961x1024.png 961w, https:\/\/drandremansano.com.br\/wp-content\/uploads\/2020\/12\/neuraugia-do-trigemio-282x300.png 282w, https:\/\/drandremansano.com.br\/wp-content\/uploads\/2020\/12\/neuraugia-do-trigemio-768x818.png 768w, https:\/\/drandremansano.com.br\/wp-content\/uploads\/2020\/12\/neuraugia-do-trigemio.png 1131w\" sizes=\"(max-width: 960px) 100vw, 960px\" \/>\t\t\t\t\t\t\t\t\t\t\t\t\t<\/div>\n\t\t\t\t<\/div>\n\t\t\t\t\t<\/div>\n\t\t<\/div>\n\t\t\t\t\t<\/div>\n\t\t<\/section>\n\t\t\t\t\t<\/div>\n\t\t<\/div>\n\t\t\t\t\t<\/div>\n\t\t<\/section>\n\t\t\t\t<section class=\"elementor-section elementor-top-section elementor-element elementor-element-204943c elementor-section-boxed elementor-section-height-default elementor-section-height-default wpr-particle-no wpr-jarallax-no wpr-parallax-no wpr-sticky-section-no\" data-id=\"204943c\" data-element_type=\"section\">\n\t\t\t\t\t\t<div class=\"elementor-container elementor-column-gap-default\">\n\t\t\t\t\t<div class=\"elementor-column elementor-col-100 elementor-top-column elementor-element elementor-element-4fa29b5\" data-id=\"4fa29b5\" data-element_type=\"column\">\n\t\t\t<div class=\"elementor-widget-wrap elementor-element-populated\">\n\t\t\t\t\t\t<div class=\"elementor-element elementor-element-90197b1 elementor-widget elementor-widget-toggle\" data-id=\"90197b1\" data-element_type=\"widget\" data-widget_type=\"toggle.default\">\n\t\t\t\t<div class=\"elementor-widget-container\">\n\t\t\t\t\t<div class=\"elementor-toggle\">\n\t\t\t\t\t\t\t<div class=\"elementor-toggle-item\">\n\t\t\t\t\t<div id=\"elementor-tab-title-1511\" class=\"elementor-tab-title\" data-tab=\"1\" role=\"button\" aria-controls=\"elementor-tab-content-1511\" aria-expanded=\"false\">\n\t\t\t\t\t\t\t\t\t\t\t\t<span class=\"elementor-toggle-icon elementor-toggle-icon-right\" aria-hidden=\"true\">\n\t\t\t\t\t\t\t\t\t\t\t\t\t\t\t<span class=\"elementor-toggle-icon-closed\"><i class=\"fas fa-plus-circle\"><\/i><\/span>\n\t\t\t\t\t\t\t\t<span class=\"elementor-toggle-icon-opened\"><i class=\"elementor-toggle-icon-opened fas fa-plus\"><\/i><\/span>\n\t\t\t\t\t\t\t\t\t\t\t\t\t<\/span>\n\t\t\t\t\t\t\t\t\t\t\t\t<a class=\"elementor-toggle-title\" tabindex=\"0\">DORES CAUSADAS PELA NEURALGIA DO TRIG\u00caMEO\u200b<\/a>\n\t\t\t\t\t<\/div>\n\n\t\t\t\t\t<div id=\"elementor-tab-content-1511\" class=\"elementor-tab-content elementor-clearfix\" data-tab=\"1\" role=\"region\" aria-labelledby=\"elementor-tab-title-1511\"><p>Os pacientes usualmente se queixam de dores em um s\u00f3 lado da face (embora em alguns casos possa ocorrer dos dois lados). Na grande maioria das vezes, as dores s\u00e3o referidas como choques, de fort\u00edssima intensidade, em crises, com dura\u00e7\u00e3o de segundos a alguns minutos. Em muitos casos, as dores s\u00e3o desencadeadas por est\u00edmulos normais como falar, mastigar ou escovar os dentes.<\/p><\/div>\n\t\t\t\t<\/div>\n\t\t\t\t\t\t\t<div class=\"elementor-toggle-item\">\n\t\t\t\t\t<div id=\"elementor-tab-title-1512\" class=\"elementor-tab-title\" data-tab=\"2\" role=\"button\" aria-controls=\"elementor-tab-content-1512\" aria-expanded=\"false\">\n\t\t\t\t\t\t\t\t\t\t\t\t<span class=\"elementor-toggle-icon elementor-toggle-icon-right\" aria-hidden=\"true\">\n\t\t\t\t\t\t\t\t\t\t\t\t\t\t\t<span class=\"elementor-toggle-icon-closed\"><i class=\"fas fa-plus-circle\"><\/i><\/span>\n\t\t\t\t\t\t\t\t<span class=\"elementor-toggle-icon-opened\"><i class=\"elementor-toggle-icon-opened fas fa-plus\"><\/i><\/span>\n\t\t\t\t\t\t\t\t\t\t\t\t\t<\/span>\n\t\t\t\t\t\t\t\t\t\t\t\t<a class=\"elementor-toggle-title\" tabindex=\"0\">DIAGN\u00d3STICO DA NEURALGIA DO TRIG\u00caMEO\u200b<\/a>\n\t\t\t\t\t<\/div>\n\n\t\t\t\t\t<div id=\"elementor-tab-content-1512\" class=\"elementor-tab-content elementor-clearfix\" data-tab=\"2\" role=\"region\" aria-labelledby=\"elementor-tab-title-1512\"><p>O diagn\u00f3stico \u00e9 fundamentalmente cl\u00ednico, o que significa que n\u00e3o h\u00e1 exames capazes de confirmar a doen\u00e7a. O m\u00e9dico deve, atrav\u00e9s da hist\u00f3ria cl\u00ednica e exame f\u00edsicos, definir o diagn\u00f3stico.<\/p><\/div>\n\t\t\t\t<\/div>\n\t\t\t\t\t\t\t<div class=\"elementor-toggle-item\">\n\t\t\t\t\t<div id=\"elementor-tab-title-1513\" class=\"elementor-tab-title\" data-tab=\"3\" role=\"button\" aria-controls=\"elementor-tab-content-1513\" aria-expanded=\"false\">\n\t\t\t\t\t\t\t\t\t\t\t\t<span class=\"elementor-toggle-icon elementor-toggle-icon-right\" aria-hidden=\"true\">\n\t\t\t\t\t\t\t\t\t\t\t\t\t\t\t<span class=\"elementor-toggle-icon-closed\"><i class=\"fas fa-plus-circle\"><\/i><\/span>\n\t\t\t\t\t\t\t\t<span class=\"elementor-toggle-icon-opened\"><i class=\"elementor-toggle-icon-opened fas fa-plus\"><\/i><\/span>\n\t\t\t\t\t\t\t\t\t\t\t\t\t<\/span>\n\t\t\t\t\t\t\t\t\t\t\t\t<a class=\"elementor-toggle-title\" tabindex=\"0\">COMO A MEDICINA INTERVENCIONISTA DA DOR ATUA NA NEURALGIA DO TRIG\u00caMEO:<\/a>\n\t\t\t\t\t<\/div>\n\n\t\t\t\t\t<div id=\"elementor-tab-content-1513\" class=\"elementor-tab-content elementor-clearfix\" data-tab=\"3\" role=\"region\" aria-labelledby=\"elementor-tab-title-1513\"><p>De fato, a neuralgia do trig\u00eameo \u00e9 uma das doen\u00e7as que mais trazem sofrimento ao ser humano. Felizmente, h\u00e1 bons tratamento dispon\u00edveis, mas infelizmente poucos pacientes s\u00e3o orientados de forma adequada. Por isso, caso voc\u00ea se identifique com um dos sintomas acima citados, busque ajuda m\u00e9dica.\u00a0<\/p><\/div>\n\t\t\t\t<\/div>\n\t\t\t\t\t\t\t<div class=\"elementor-toggle-item\">\n\t\t\t\t\t<div id=\"elementor-tab-title-1514\" class=\"elementor-tab-title\" data-tab=\"4\" role=\"button\" aria-controls=\"elementor-tab-content-1514\" aria-expanded=\"false\">\n\t\t\t\t\t\t\t\t\t\t\t\t<span class=\"elementor-toggle-icon elementor-toggle-icon-right\" aria-hidden=\"true\">\n\t\t\t\t\t\t\t\t\t\t\t\t\t\t\t<span class=\"elementor-toggle-icon-closed\"><i class=\"fas fa-plus-circle\"><\/i><\/span>\n\t\t\t\t\t\t\t\t<span class=\"elementor-toggle-icon-opened\"><i class=\"elementor-toggle-icon-opened fas fa-plus\"><\/i><\/span>\n\t\t\t\t\t\t\t\t\t\t\t\t\t<\/span>\n\t\t\t\t\t\t\t\t\t\t\t\t<a class=\"elementor-toggle-title\" tabindex=\"0\">TRATAMENTO DA NEURALGIA DO TRIG\u00caMEO\u200b<\/a>\n\t\t\t\t\t<\/div>\n\n\t\t\t\t\t<div id=\"elementor-tab-content-1514\" class=\"elementor-tab-content elementor-clearfix\" data-tab=\"4\" role=\"region\" aria-labelledby=\"elementor-tab-title-1514\"><p>O tratamento inicialmente deve ser feito com uso de medicamento da classe dos anticonvulsivantes. Ocorre que os anticonvulsivantes t\u00eam a capacidade de estabilizar os neur\u00f4nios que est\u00e3o causando convuls\u00f5es e, alguns deles, t\u00eam a propriedade de estabilizar neur\u00f4nios causadores de dores, em especial as da neuralgia do trig\u00eameo. Tal tratamento medicamentoso tem cerca de 50 a 70% de sucesso. Para os pacientes que n\u00e3o melhoram, devemos utilizar o que chamamos de procedimentos intervencionistas.<\/p><p>Dentre os tratamentos intervencionistas, dois merecem destaque: <a href=\"https:\/\/ligadonanet.com.br\/nossacasa\/?page_id=1608\">a radiofrequ\u00eancia do trig\u00eameo<\/a> e a compress\u00e3o percut\u00e2nea do trig\u00eameo por bal\u00e3o. Ambos os procedimentos s\u00e3o realizados sob seda\u00e7\u00e3o, sem cortes e sem a necessidade de interna\u00e7\u00e3o, com chance de sucesso que supera os 90%. Uma agulha \u00e9 precisamente colocada ao lado do nervo trig\u00eameo, a coloca\u00e7\u00e3o dessa agulha \u00e9 realizada com aux\u00edlio de um aparelho no centro cir\u00fargico chamado radioscopia (uma esp\u00e9cie de raio-x espec\u00edfico).\u00a0<\/p><p>Na radiofrequ\u00eancia um eletrodo \u00e9 colocado por dentro da agulha, esse eletrodo \u00e9 ligado a um gerador que emite uma corrente el\u00e9trica, inativando o nervo. Na compress\u00e3o percut\u00e2nea por bal\u00e3o, um cateter dotado de um balonete na ponta \u00e9 inserido atrav\u00e9s de uma agulha. O balonete \u00e9 insuflado por um tempo pr\u00e9-determinado e essa insufla\u00e7\u00e3o causa uma falta de sangue tempor\u00e1ria ao nervo. \u00c9 justamente essa falta de sangue que causa a inativa\u00e7\u00e3o do nervo. Ao final do procedimento, todos os materiais s\u00e3o retirados, nada permanece no paciente.<\/p><\/div>\n\t\t\t\t<\/div>\n\t\t\t\t\t\t\t\t<\/div>\n\t\t\t\t<\/div>\n\t\t\t\t<\/div>\n\t\t\t\t\t<\/div>\n\t\t<\/div>\n\t\t\t\t\t<\/div>\n\t\t<\/section>\n\t\t\t\t<\/div>\n\t\t","protected":false},"excerpt":{"rendered":"<p>NEURALGIA DO TRIG\u00caMEO &#8220;A neuralgia do trig\u00eameo \u00e9 considerada uma das piores dores experimentadas pelo ser humano&#8221; A neuralgia do trig\u00eameo \u00e9 uma causa importante de dores faciais e \u00e9 considerada a pior dor cr\u00f4nica que um paciente pode sentir. Em alguns pa\u00edses \u00e9 inclusive denominada \u201cdoen\u00e7a do suic\u00eddio\u201d, tamanho o n\u00famero de pessoas que atentam contra a pr\u00f3pria vida devido ao intenso sofrimento. Estima-se que a doen\u00e7a ocorra em aproximadamente 50 mil brasileiros a cada ano sendo que o problema \u00e9 mais comum em idosos e em pacientes do sexo feminino. Neuralgia do Trig\u00eameo:Tudo que voc\u00ea precisa saber! O nervo trig\u00eameo \u00e9 respons\u00e1vel pela sensibilidade da face e recebe esse nome pois tem tr\u00eas ramos. O primeiro ramo, chamado de nervo oft\u00e1lmico, inerva a parte superior do rosto acima dos olhos. O segundo ramo, conhecido como nervo maxilar, inerva a parte do meio do rosto, pr\u00f3ximo ao nariz e bochecha. J\u00e1 o terceiro ramo, denominado nervo mandibular, \u00e9 respons\u00e1vel pela sensibilidade da parte inferior do rosto, pr\u00f3ximo ao queixo e mand\u00edbula. \u00c9 importante ressaltar que o nervo trig\u00eameo n\u00e3o \u00e9 respons\u00e1vel pelos movimentos faciais. Podemos comparar os nervos do organismo a fios el\u00e9tricos, muito mais complexos, \u00e9 verdade. Como os fios, nervos possuem uma esp\u00e9cie de camada protetora que consiste de prote\u00ednas, chamada \u201cbainha de mielina\u201d. Na neuralgia do trig\u00eameo, h\u00e1 uma perda significativa dessa camada, muitas vezes causadas por um vaso sangu\u00edneo que comprime o nervo ou pelo pr\u00f3prio sistema imunol\u00f3gico que pode degradar essa camada. DORES CAUSADAS PELA NEURALGIA DO TRIG\u00caMEO\u200b Os pacientes usualmente se queixam de dores em um s\u00f3 lado da face (embora em alguns casos possa ocorrer dos dois lados). Na grande maioria das vezes, as dores s\u00e3o referidas como choques, de fort\u00edssima intensidade, em crises, com dura\u00e7\u00e3o de segundos a alguns minutos. Em muitos casos, as dores s\u00e3o desencadeadas por est\u00edmulos normais como falar, mastigar ou escovar os dentes. DIAGN\u00d3STICO DA NEURALGIA DO TRIG\u00caMEO\u200b O diagn\u00f3stico \u00e9 fundamentalmente cl\u00ednico, o que significa que n\u00e3o h\u00e1 exames capazes de confirmar a doen\u00e7a. O m\u00e9dico deve, atrav\u00e9s da hist\u00f3ria cl\u00ednica e exame f\u00edsicos, definir o diagn\u00f3stico. COMO A MEDICINA INTERVENCIONISTA DA DOR ATUA NA NEURALGIA DO TRIG\u00caMEO: De fato, a neuralgia do trig\u00eameo \u00e9 uma das doen\u00e7as que mais trazem sofrimento ao ser humano. Felizmente, h\u00e1 bons tratamento dispon\u00edveis, mas infelizmente poucos pacientes s\u00e3o orientados de forma adequada. Por isso, caso voc\u00ea se identifique com um dos sintomas acima citados, busque ajuda m\u00e9dica.\u00a0 TRATAMENTO DA NEURALGIA DO TRIG\u00caMEO\u200b O tratamento inicialmente deve ser feito com uso de medicamento da classe dos anticonvulsivantes. Ocorre que os anticonvulsivantes t\u00eam a capacidade de estabilizar os neur\u00f4nios que est\u00e3o causando convuls\u00f5es e, alguns deles, t\u00eam a propriedade de estabilizar neur\u00f4nios causadores de dores, em especial as da neuralgia do trig\u00eameo. Tal tratamento medicamentoso tem cerca de 50 a 70% de sucesso. Para os pacientes que n\u00e3o melhoram, devemos utilizar o que chamamos de procedimentos intervencionistas. Dentre os tratamentos intervencionistas, dois merecem destaque: a radiofrequ\u00eancia do trig\u00eameo e a compress\u00e3o percut\u00e2nea do trig\u00eameo por bal\u00e3o. Ambos os procedimentos s\u00e3o realizados sob seda\u00e7\u00e3o, sem cortes e sem a necessidade de interna\u00e7\u00e3o, com chance de sucesso que supera os 90%. Uma agulha \u00e9 precisamente colocada ao lado do nervo trig\u00eameo, a coloca\u00e7\u00e3o dessa agulha \u00e9 realizada com aux\u00edlio de um aparelho no centro cir\u00fargico chamado radioscopia (uma esp\u00e9cie de raio-x espec\u00edfico).\u00a0 Na radiofrequ\u00eancia um eletrodo \u00e9 colocado por dentro da agulha, esse eletrodo \u00e9 ligado a um gerador que emite uma corrente el\u00e9trica, inativando o nervo. Na compress\u00e3o percut\u00e2nea por bal\u00e3o, um cateter dotado de um balonete na ponta \u00e9 inserido atrav\u00e9s de uma agulha. O balonete \u00e9 insuflado por um tempo pr\u00e9-determinado e essa insufla\u00e7\u00e3o causa uma falta de sangue tempor\u00e1ria ao nervo. \u00c9 justamente essa falta de sangue que causa a inativa\u00e7\u00e3o do nervo. Ao final do procedimento, todos os materiais s\u00e3o retirados, nada permanece no paciente.<\/p>\n","protected":false},"author":1,"featured_media":0,"parent":0,"menu_order":0,"comment_status":"closed","ping_status":"closed","template":"elementor_header_footer","meta":{"_joinchat":[],"footnotes":""},"class_list":["post-208","page","type-page","status-publish","hentry"],"_links":{"self":[{"href":"https:\/\/drandremansano.com.br\/index.php\/wp-json\/wp\/v2\/pages\/208"}],"collection":[{"href":"https:\/\/drandremansano.com.br\/index.php\/wp-json\/wp\/v2\/pages"}],"about":[{"href":"https:\/\/drandremansano.com.br\/index.php\/wp-json\/wp\/v2\/types\/page"}],"author":[{"embeddable":true,"href":"https:\/\/drandremansano.com.br\/index.php\/wp-json\/wp\/v2\/users\/1"}],"replies":[{"embeddable":true,"href":"https:\/\/drandremansano.com.br\/index.php\/wp-json\/wp\/v2\/comments?post=208"}],"version-history":[{"count":0,"href":"https:\/\/drandremansano.com.br\/index.php\/wp-json\/wp\/v2\/pages\/208\/revisions"}],"wp:attachment":[{"href":"https:\/\/drandremansano.com.br\/index.php\/wp-json\/wp\/v2\/media?parent=208"}],"curies":[{"name":"wp","href":"https:\/\/api.w.org\/{rel}","templated":true}]}}