{"id":1068,"date":"2021-01-18T14:13:55","date_gmt":"2021-01-18T14:13:55","guid":{"rendered":"https:\/\/novo2.drandremansano.com.br\/bomba-de-infusao-de-farmacos-copy\/"},"modified":"2021-01-18T14:13:55","modified_gmt":"2021-01-18T14:13:55","slug":"medicina-intervencionista-da-dor","status":"publish","type":"page","link":"https:\/\/drandremansano.com.br\/index.php\/medicina-intervencionista-da-dor\/","title":{"rendered":"Medicina intervencionista da dor"},"content":{"rendered":"\t\t<div data-elementor-type=\"wp-page\" data-elementor-id=\"1068\" class=\"elementor elementor-1068\">\n\t\t\t\t\t\t<section class=\"elementor-section elementor-top-section elementor-element elementor-element-55f208f2 elementor-section-boxed elementor-section-height-default elementor-section-height-default wpr-particle-no wpr-jarallax-no wpr-parallax-no wpr-sticky-section-no wpr-equal-height-no\" data-id=\"55f208f2\" data-element_type=\"section\" data-settings=\"{&quot;background_background&quot;:&quot;classic&quot;}\">\n\t\t\t\t\t\t<div class=\"elementor-container elementor-column-gap-default\">\n\t\t\t\t\t<div class=\"elementor-column elementor-col-50 elementor-top-column elementor-element elementor-element-473e89e9\" data-id=\"473e89e9\" data-element_type=\"column\">\n\t\t\t<div class=\"elementor-widget-wrap elementor-element-populated\">\n\t\t\t\t\t\t<div class=\"elementor-element elementor-element-2cdf88ed elementor-widget elementor-widget-image\" data-id=\"2cdf88ed\" data-element_type=\"widget\" data-widget_type=\"image.default\">\n\t\t\t\t<div class=\"elementor-widget-container\">\n\t\t\t\t\t\t\t\t\t\t\t\t\t<img decoding=\"async\" width=\"79\" height=\"82\" src=\"https:\/\/drandremansano.com.br\/wp-content\/uploads\/2021\/02\/a-dor-1.png\" class=\"attachment-large size-large wp-image-1643\" alt=\"\" \/>\t\t\t\t\t\t\t\t\t\t\t\t\t<\/div>\n\t\t\t\t<\/div>\n\t\t\t\t\t<\/div>\n\t\t<\/div>\n\t\t\t\t<div class=\"elementor-column elementor-col-50 elementor-top-column elementor-element elementor-element-1515bf32\" data-id=\"1515bf32\" data-element_type=\"column\">\n\t\t\t<div class=\"elementor-widget-wrap elementor-element-populated\">\n\t\t\t\t\t\t<div class=\"elementor-element elementor-element-3b4bee70 elementor-widget elementor-widget-heading\" data-id=\"3b4bee70\" data-element_type=\"widget\" data-widget_type=\"heading.default\">\n\t\t\t\t<div class=\"elementor-widget-container\">\n\t\t\t<h2 class=\"elementor-heading-title elementor-size-default\">Medicina intervencionista da dor<\/h2>\t\t<\/div>\n\t\t\t\t<\/div>\n\t\t\t\t\t<\/div>\n\t\t<\/div>\n\t\t\t\t\t<\/div>\n\t\t<\/section>\n\t\t\t\t<section class=\"elementor-section elementor-top-section elementor-element elementor-element-7a1735ec elementor-section-boxed elementor-section-height-default elementor-section-height-default wpr-particle-no wpr-jarallax-no wpr-parallax-no wpr-sticky-section-no wpr-equal-height-no\" data-id=\"7a1735ec\" data-element_type=\"section\">\n\t\t\t\t\t\t\t<div class=\"elementor-background-overlay\"><\/div>\n\t\t\t\t\t\t\t<div class=\"elementor-container elementor-column-gap-default\">\n\t\t\t\t\t<div class=\"elementor-column elementor-col-100 elementor-top-column elementor-element elementor-element-7a8488cd\" data-id=\"7a8488cd\" data-element_type=\"column\">\n\t\t\t<div class=\"elementor-widget-wrap elementor-element-populated\">\n\t\t\t\t\t\t<div class=\"elementor-element elementor-element-2cbfd01d elementor-widget-divider--view-line elementor-widget elementor-widget-divider\" data-id=\"2cbfd01d\" data-element_type=\"widget\" data-widget_type=\"divider.default\">\n\t\t\t\t<div class=\"elementor-widget-container\">\n\t\t\t\t\t<div class=\"elementor-divider\">\n\t\t\t<span class=\"elementor-divider-separator\">\n\t\t\t\t\t\t<\/span>\n\t\t<\/div>\n\t\t\t\t<\/div>\n\t\t\t\t<\/div>\n\t\t\t\t<div class=\"elementor-element elementor-element-1613bec elementor-widget elementor-widget-text-editor\" data-id=\"1613bec\" data-element_type=\"widget\" data-widget_type=\"text-editor.default\">\n\t\t\t\t<div class=\"elementor-widget-container\">\n\t\t\t\t\t\t\t<p><strong>\u00c9 medicina intervencionista da dor \u00e9 uma \u201csubespecialidade\u201d extremamente conhecida, logo explico o motivo do termo estar entre aspas.<\/strong><\/p>\t\t\t\t\t\t<\/div>\n\t\t\t\t<\/div>\n\t\t\t\t<div class=\"elementor-element elementor-element-26c6d91 elementor-widget elementor-widget-text-editor\" data-id=\"26c6d91\" data-element_type=\"widget\" data-widget_type=\"text-editor.default\">\n\t\t\t\t<div class=\"elementor-widget-container\">\n\t\t\t\t\t\t\t<p><strong>A express\u00e3o de surpresa \u00e9 bastante comum quando eu explico que sou \u201cespecialista no tratamento de dores cr\u00f4nicas\u201d em jantares ou eventos sociais. Muitos dizem: \u201cNossa, n\u00e3o sabia que isso existia!\u201d. Pois bem, existe. Existe e de fato PRECISA existir j\u00e1 que praticamente uma em cada tr\u00eas pessoas sofrem com dores no mundo.<\/strong><\/p>\t\t\t\t\t\t<\/div>\n\t\t\t\t<\/div>\n\t\t\t\t<div class=\"elementor-element elementor-element-71648e1 elementor-widget elementor-widget-text-editor\" data-id=\"71648e1\" data-element_type=\"widget\" data-widget_type=\"text-editor.default\">\n\t\t\t\t<div class=\"elementor-widget-container\">\n\t\t\t\t\t\t\t<p>Bom, porque coloquei o termo entre aspas? Porque o tratamento da dor no Brasil n\u00e3o \u00e9 uma especialidade do ponto de vista regimental pela Associa\u00e7\u00e3o M\u00e9dica Brasileira. O tratamento da dor \u00e9 uma \u201c\u00c1rea de Atua\u00e7\u00e3o\u201d dentro da medicina. V\u00e1rios especialistas podem requerer esse t\u00edtulo de \u201cArea de Atua\u00e7\u00e3o em Dor\u201d como Anestesiologistas, Clinicos Gerais, Ortopedistas, Neurologistas, Neurocirurgi\u00f5es, Reumatologistas, entre outros. Para requerer o t\u00edtulo o m\u00e9dico precisa passar por treinamento adequado e ser submetido a uma prova aplicada pela Associa\u00e7\u00e3o M\u00e9dica Brasileira.<\/p><p>A medicina intervencionista da dor \u00e9 ainda algo mais espec\u00edfico. O objetivo da \u201cespecialidade&#8221; \u00e9 realizar diagn\u00f3sticos e tratamentos para pacientes que sofrem de dores cr\u00f4nicas. Atuamos, principalmente, em pacientes que n\u00e3o tiveram melhora com tratamentos menos invasivos como medicamentos e fisioterapia.<\/p><p>Vamos usar um paciente com h\u00e9rnia de disco como exemplo. O tratamento b\u00e1sico para esse tipo de paciente \u00e9 a fisioterapia e uso de alguns medicamentos analg\u00e9sicos. Quando isso n\u00e3o resolvia o problema o paciente era automaticamente encaminhado para a cirurgia. Hoje n\u00e3o \u00e9 mais assim, h\u00e1 in\u00fameros tratamentos menos invasivos do que a cirurgia. Por exemplo, podemos colocar uma agulha fininha ao redor do nervo comprimido pela h\u00e9rnia e injetar uma subst\u00e2ncia anest\u00e9sica e anti-inflamat\u00f3ria (a dor da h\u00e9rnia ocorre porque h\u00e1 uma compress\u00e3o do nervo que desce para a perna). Esse tipo de procedimento associado \u00e0 fisioterapia reduz a necessidade de cirurgias em 80%, segundo estudos cient\u00edficos. Outra op\u00e7\u00e3o seria retirar parte da h\u00e9rnia com uso de dispositivos espec\u00edficos, sem necessidade de cortes ,sem necessidade de interna\u00e7\u00e3o ou de anestesia geral.<\/p><p>Ent\u00e3o s\u00e3o os populares \u201cbloqueios\u201d? Bom, o termo bloqueio \u00e9 muito gen\u00e9rico, significa uma infiltra\u00e7\u00e3o em qualquer ponto do corpo. Os procedimentos da medicina intervencionista da dor s\u00e3o muito mais espec\u00edficos e devem, obrigatoriamente, ser realizados com um m\u00e9todo de imagem associado. Explico. Atualmente n\u00e3o se admite que uma infiltra\u00e7\u00e3o para h\u00e9rnia de disco seja feita sem que a agulha seja visualizada em tempo real com aux\u00edlio o de um aparelho de raio-x espec\u00edfico. Um infiltra\u00e7\u00e3o no ombro deve ser realizada com uso de ultrassom.<\/p><p>E existem outros in\u00fameros tratamentos para v\u00e1rios tipos de dores cr\u00f4nicas, para todos voc\u00ea encontrar\u00e1 uma explica\u00e7\u00e3o aqui. Caso n\u00e3o encontre, me escreva e eu terei prazer em tirar as suas d\u00favidas.<\/p>\t\t\t\t\t\t<\/div>\n\t\t\t\t<\/div>\n\t\t\t\t\t<\/div>\n\t\t<\/div>\n\t\t\t\t\t<\/div>\n\t\t<\/section>\n\t\t\t\t<\/div>\n\t\t","protected":false},"excerpt":{"rendered":"<p>Medicina intervencionista da dor \u00c9 medicina intervencionista da dor \u00e9 uma \u201csubespecialidade\u201d extremamente conhecida, logo explico o motivo do termo estar entre aspas. A express\u00e3o de surpresa \u00e9 bastante comum quando eu explico que sou \u201cespecialista no tratamento de dores cr\u00f4nicas\u201d em jantares ou eventos sociais. Muitos dizem: \u201cNossa, n\u00e3o sabia que isso existia!\u201d. Pois bem, existe. Existe e de fato PRECISA existir j\u00e1 que praticamente uma em cada tr\u00eas pessoas sofrem com dores no mundo. Bom, porque coloquei o termo entre aspas? Porque o tratamento da dor no Brasil n\u00e3o \u00e9 uma especialidade do ponto de vista regimental pela Associa\u00e7\u00e3o M\u00e9dica Brasileira. O tratamento da dor \u00e9 uma \u201c\u00c1rea de Atua\u00e7\u00e3o\u201d dentro da medicina. V\u00e1rios especialistas podem requerer esse t\u00edtulo de \u201cArea de Atua\u00e7\u00e3o em Dor\u201d como Anestesiologistas, Clinicos Gerais, Ortopedistas, Neurologistas, Neurocirurgi\u00f5es, Reumatologistas, entre outros. Para requerer o t\u00edtulo o m\u00e9dico precisa passar por treinamento adequado e ser submetido a uma prova aplicada pela Associa\u00e7\u00e3o M\u00e9dica Brasileira. A medicina intervencionista da dor \u00e9 ainda algo mais espec\u00edfico. O objetivo da \u201cespecialidade&#8221; \u00e9 realizar diagn\u00f3sticos e tratamentos para pacientes que sofrem de dores cr\u00f4nicas. Atuamos, principalmente, em pacientes que n\u00e3o tiveram melhora com tratamentos menos invasivos como medicamentos e fisioterapia. Vamos usar um paciente com h\u00e9rnia de disco como exemplo. O tratamento b\u00e1sico para esse tipo de paciente \u00e9 a fisioterapia e uso de alguns medicamentos analg\u00e9sicos. Quando isso n\u00e3o resolvia o problema o paciente era automaticamente encaminhado para a cirurgia. Hoje n\u00e3o \u00e9 mais assim, h\u00e1 in\u00fameros tratamentos menos invasivos do que a cirurgia. Por exemplo, podemos colocar uma agulha fininha ao redor do nervo comprimido pela h\u00e9rnia e injetar uma subst\u00e2ncia anest\u00e9sica e anti-inflamat\u00f3ria (a dor da h\u00e9rnia ocorre porque h\u00e1 uma compress\u00e3o do nervo que desce para a perna). Esse tipo de procedimento associado \u00e0 fisioterapia reduz a necessidade de cirurgias em 80%, segundo estudos cient\u00edficos. Outra op\u00e7\u00e3o seria retirar parte da h\u00e9rnia com uso de dispositivos espec\u00edficos, sem necessidade de cortes ,sem necessidade de interna\u00e7\u00e3o ou de anestesia geral. Ent\u00e3o s\u00e3o os populares \u201cbloqueios\u201d? Bom, o termo bloqueio \u00e9 muito gen\u00e9rico, significa uma infiltra\u00e7\u00e3o em qualquer ponto do corpo. Os procedimentos da medicina intervencionista da dor s\u00e3o muito mais espec\u00edficos e devem, obrigatoriamente, ser realizados com um m\u00e9todo de imagem associado. Explico. Atualmente n\u00e3o se admite que uma infiltra\u00e7\u00e3o para h\u00e9rnia de disco seja feita sem que a agulha seja visualizada em tempo real com aux\u00edlio o de um aparelho de raio-x espec\u00edfico. Um infiltra\u00e7\u00e3o no ombro deve ser realizada com uso de ultrassom. E existem outros in\u00fameros tratamentos para v\u00e1rios tipos de dores cr\u00f4nicas, para todos voc\u00ea encontrar\u00e1 uma explica\u00e7\u00e3o aqui. Caso n\u00e3o encontre, me escreva e eu terei prazer em tirar as suas d\u00favidas.<\/p>\n","protected":false},"author":1,"featured_media":0,"parent":0,"menu_order":0,"comment_status":"closed","ping_status":"closed","template":"elementor_header_footer","meta":{"_joinchat":[],"footnotes":""},"class_list":["post-1068","page","type-page","status-publish","hentry"],"_links":{"self":[{"href":"https:\/\/drandremansano.com.br\/index.php\/wp-json\/wp\/v2\/pages\/1068"}],"collection":[{"href":"https:\/\/drandremansano.com.br\/index.php\/wp-json\/wp\/v2\/pages"}],"about":[{"href":"https:\/\/drandremansano.com.br\/index.php\/wp-json\/wp\/v2\/types\/page"}],"author":[{"embeddable":true,"href":"https:\/\/drandremansano.com.br\/index.php\/wp-json\/wp\/v2\/users\/1"}],"replies":[{"embeddable":true,"href":"https:\/\/drandremansano.com.br\/index.php\/wp-json\/wp\/v2\/comments?post=1068"}],"version-history":[{"count":0,"href":"https:\/\/drandremansano.com.br\/index.php\/wp-json\/wp\/v2\/pages\/1068\/revisions"}],"wp:attachment":[{"href":"https:\/\/drandremansano.com.br\/index.php\/wp-json\/wp\/v2\/media?parent=1068"}],"curies":[{"name":"wp","href":"https:\/\/api.w.org\/{rel}","templated":true}]}}