{"id":1063,"date":"2021-01-18T14:11:28","date_gmt":"2021-01-18T14:11:28","guid":{"rendered":"https:\/\/novo2.drandremansano.com.br\/bloqueios-diagnosticos-copy\/"},"modified":"2021-01-18T14:11:28","modified_gmt":"2021-01-18T14:11:28","slug":"bomba-de-infusao-de-farmacos","status":"publish","type":"page","link":"https:\/\/drandremansano.com.br\/index.php\/bomba-de-infusao-de-farmacos\/","title":{"rendered":"Bomba de infus\u00e3o de f\u00e1rmacos"},"content":{"rendered":"\t\t<div data-elementor-type=\"wp-page\" data-elementor-id=\"1063\" class=\"elementor elementor-1063\">\n\t\t\t\t\t\t<section class=\"elementor-section elementor-top-section elementor-element elementor-element-55f208f2 elementor-section-boxed elementor-section-height-default elementor-section-height-default wpr-particle-no wpr-jarallax-no wpr-parallax-no wpr-sticky-section-no wpr-equal-height-no\" data-id=\"55f208f2\" data-element_type=\"section\" data-settings=\"{&quot;background_background&quot;:&quot;classic&quot;}\">\n\t\t\t\t\t\t<div class=\"elementor-container elementor-column-gap-default\">\n\t\t\t\t\t<div class=\"elementor-column elementor-col-50 elementor-top-column elementor-element elementor-element-473e89e9\" data-id=\"473e89e9\" data-element_type=\"column\">\n\t\t\t<div class=\"elementor-widget-wrap elementor-element-populated\">\n\t\t\t\t\t\t<div class=\"elementor-element elementor-element-2cdf88ed elementor-widget elementor-widget-image\" data-id=\"2cdf88ed\" data-element_type=\"widget\" data-widget_type=\"image.default\">\n\t\t\t\t<div class=\"elementor-widget-container\">\n\t\t\t\t\t\t\t\t\t\t\t\t\t<img decoding=\"async\" width=\"79\" height=\"82\" src=\"https:\/\/drandremansano.com.br\/wp-content\/uploads\/2021\/02\/a-dor-1.png\" class=\"attachment-large size-large wp-image-1643\" alt=\"\" \/>\t\t\t\t\t\t\t\t\t\t\t\t\t<\/div>\n\t\t\t\t<\/div>\n\t\t\t\t\t<\/div>\n\t\t<\/div>\n\t\t\t\t<div class=\"elementor-column elementor-col-50 elementor-top-column elementor-element elementor-element-1515bf32\" data-id=\"1515bf32\" data-element_type=\"column\">\n\t\t\t<div class=\"elementor-widget-wrap elementor-element-populated\">\n\t\t\t\t\t\t<div class=\"elementor-element elementor-element-3b4bee70 elementor-widget elementor-widget-heading\" data-id=\"3b4bee70\" data-element_type=\"widget\" data-widget_type=\"heading.default\">\n\t\t\t\t<div class=\"elementor-widget-container\">\n\t\t\t<h2 class=\"elementor-heading-title elementor-size-default\">Bomba de infus\u00e3o de f\u00e1rmacos<\/h2>\t\t<\/div>\n\t\t\t\t<\/div>\n\t\t\t\t\t<\/div>\n\t\t<\/div>\n\t\t\t\t\t<\/div>\n\t\t<\/section>\n\t\t\t\t<section class=\"elementor-section elementor-top-section elementor-element elementor-element-7a1735ec elementor-section-boxed elementor-section-height-default elementor-section-height-default wpr-particle-no wpr-jarallax-no wpr-parallax-no wpr-sticky-section-no wpr-equal-height-no\" data-id=\"7a1735ec\" data-element_type=\"section\">\n\t\t\t\t\t\t\t<div class=\"elementor-background-overlay\"><\/div>\n\t\t\t\t\t\t\t<div class=\"elementor-container elementor-column-gap-default\">\n\t\t\t\t\t<div class=\"elementor-column elementor-col-100 elementor-top-column elementor-element elementor-element-7a8488cd\" data-id=\"7a8488cd\" data-element_type=\"column\">\n\t\t\t<div class=\"elementor-widget-wrap elementor-element-populated\">\n\t\t\t\t\t\t<div class=\"elementor-element elementor-element-2cbfd01d elementor-widget-divider--view-line elementor-widget elementor-widget-divider\" data-id=\"2cbfd01d\" data-element_type=\"widget\" data-widget_type=\"divider.default\">\n\t\t\t\t<div class=\"elementor-widget-container\">\n\t\t\t\t\t<div class=\"elementor-divider\">\n\t\t\t<span class=\"elementor-divider-separator\">\n\t\t\t\t\t\t<\/span>\n\t\t<\/div>\n\t\t\t\t<\/div>\n\t\t\t\t<\/div>\n\t\t\t\t<div class=\"elementor-element elementor-element-26c6d91 elementor-widget elementor-widget-text-editor\" data-id=\"26c6d91\" data-element_type=\"widget\" data-widget_type=\"text-editor.default\">\n\t\t\t\t<div class=\"elementor-widget-container\">\n\t\t\t\t\t\t\t<p><b>Uma das t\u00e9cnicas mais modernas para o tratamento de dores cr\u00f4nicas \u00e9 a bomba de infus\u00e3o intratecal de f\u00e1rmacos. Essa t\u00e9cnica consiste da coloca\u00e7\u00e3o de um cateter que permanence no espa\u00e7o intratecal (espa\u00e7o onde \u00e9 realizada a raquianestesia) ligado \u00e0 um reservat\u00f3rio acoplado a um sistema computadorizado que fica implantado sob a pelo do paciente (como um marcapasso). Esse sistema infunde continuamente medicamentos para o controle da dor, sem a necessidade de controle pelo paciente.<\/b><\/p>\t\t\t\t\t\t<\/div>\n\t\t\t\t<\/div>\n\t\t\t\t<div class=\"elementor-element elementor-element-f841081 elementor-widget elementor-widget-heading\" data-id=\"f841081\" data-element_type=\"widget\" data-widget_type=\"heading.default\">\n\t\t\t\t<div class=\"elementor-widget-container\">\n\t\t\t<h2 class=\"elementor-heading-title elementor-size-default\">QUAIS S\u00c3O AS INDICA\u00c7\u00d5ES DO PROCEDIMENTO?<\/h2>\t\t<\/div>\n\t\t\t\t<\/div>\n\t\t\t\t<div class=\"elementor-element elementor-element-71648e1 elementor-widget elementor-widget-text-editor\" data-id=\"71648e1\" data-element_type=\"widget\" data-widget_type=\"text-editor.default\">\n\t\t\t\t<div class=\"elementor-widget-container\">\n\t\t\t\t\t\t\t<p><span style=\"font-weight: 400;\">As principais indica\u00e7\u00f5es da coloca\u00e7\u00e3o da bomba de infus\u00e3o de f\u00e1rmacos, s\u00e3o dores cr\u00f4nicas refrat\u00e1rias \u00e0 qualquer tratamento ou naqueles pacientes que n\u00e3o toleram os efeitos colaterais dos medicamentos utilizados por via oral. Os pacientes que mais utilizam o sistema s\u00e3o os que possuem dores oncol\u00f3gicas (relacionados ao c\u00e2ncer), mas outros pacientes especialmente selecionados tamb\u00e9m podem utilizar.<\/span><\/p>\t\t\t\t\t\t<\/div>\n\t\t\t\t<\/div>\n\t\t\t\t<div class=\"elementor-element elementor-element-4ded9fc elementor-widget elementor-widget-heading\" data-id=\"4ded9fc\" data-element_type=\"widget\" data-widget_type=\"heading.default\">\n\t\t\t\t<div class=\"elementor-widget-container\">\n\t\t\t<h2 class=\"elementor-heading-title elementor-size-default\">COMO \u00c9 FEITO O PROCEDIMENTO?\n<\/h2>\t\t<\/div>\n\t\t\t\t<\/div>\n\t\t\t\t<div class=\"elementor-element elementor-element-50a4054 elementor-widget elementor-widget-text-editor\" data-id=\"50a4054\" data-element_type=\"widget\" data-widget_type=\"text-editor.default\">\n\t\t\t\t<div class=\"elementor-widget-container\">\n\t\t\t\t\t\t\t<p><span style=\"font-weight: 400;\">O procedimento \u00e9 realizado em centro cir\u00fargico com aux\u00edlio do intensificador de imagens (esp\u00e9cie de raio-X cont\u00ednuo). O cateter \u00e9 colocado atrav\u00e9s de uma agulha e o reservat\u00f3rio \u00e9 alocado com um pequeno corte. O procedimento \u00e9 feito usualmente sob seda\u00e7\u00e3o e anestesia local e o paciente tem alta no mesmo dia ou no dia seguinte.<\/span><\/p>\t\t\t\t\t\t<\/div>\n\t\t\t\t<\/div>\n\t\t\t\t\t<\/div>\n\t\t<\/div>\n\t\t\t\t\t<\/div>\n\t\t<\/section>\n\t\t\t\t<\/div>\n\t\t","protected":false},"excerpt":{"rendered":"<p>Bomba de infus\u00e3o de f\u00e1rmacos Uma das t\u00e9cnicas mais modernas para o tratamento de dores cr\u00f4nicas \u00e9 a bomba de infus\u00e3o intratecal de f\u00e1rmacos. Essa t\u00e9cnica consiste da coloca\u00e7\u00e3o de um cateter que permanence no espa\u00e7o intratecal (espa\u00e7o onde \u00e9 realizada a raquianestesia) ligado \u00e0 um reservat\u00f3rio acoplado a um sistema computadorizado que fica implantado sob a pelo do paciente (como um marcapasso). Esse sistema infunde continuamente medicamentos para o controle da dor, sem a necessidade de controle pelo paciente. QUAIS S\u00c3O AS INDICA\u00c7\u00d5ES DO PROCEDIMENTO? As principais indica\u00e7\u00f5es da coloca\u00e7\u00e3o da bomba de infus\u00e3o de f\u00e1rmacos, s\u00e3o dores cr\u00f4nicas refrat\u00e1rias \u00e0 qualquer tratamento ou naqueles pacientes que n\u00e3o toleram os efeitos colaterais dos medicamentos utilizados por via oral. Os pacientes que mais utilizam o sistema s\u00e3o os que possuem dores oncol\u00f3gicas (relacionados ao c\u00e2ncer), mas outros pacientes especialmente selecionados tamb\u00e9m podem utilizar. COMO \u00c9 FEITO O PROCEDIMENTO? O procedimento \u00e9 realizado em centro cir\u00fargico com aux\u00edlio do intensificador de imagens (esp\u00e9cie de raio-X cont\u00ednuo). O cateter \u00e9 colocado atrav\u00e9s de uma agulha e o reservat\u00f3rio \u00e9 alocado com um pequeno corte. O procedimento \u00e9 feito usualmente sob seda\u00e7\u00e3o e anestesia local e o paciente tem alta no mesmo dia ou no dia seguinte.<\/p>\n","protected":false},"author":1,"featured_media":0,"parent":0,"menu_order":0,"comment_status":"closed","ping_status":"closed","template":"elementor_header_footer","meta":{"_joinchat":[],"footnotes":""},"class_list":["post-1063","page","type-page","status-publish","hentry"],"_links":{"self":[{"href":"https:\/\/drandremansano.com.br\/index.php\/wp-json\/wp\/v2\/pages\/1063"}],"collection":[{"href":"https:\/\/drandremansano.com.br\/index.php\/wp-json\/wp\/v2\/pages"}],"about":[{"href":"https:\/\/drandremansano.com.br\/index.php\/wp-json\/wp\/v2\/types\/page"}],"author":[{"embeddable":true,"href":"https:\/\/drandremansano.com.br\/index.php\/wp-json\/wp\/v2\/users\/1"}],"replies":[{"embeddable":true,"href":"https:\/\/drandremansano.com.br\/index.php\/wp-json\/wp\/v2\/comments?post=1063"}],"version-history":[{"count":0,"href":"https:\/\/drandremansano.com.br\/index.php\/wp-json\/wp\/v2\/pages\/1063\/revisions"}],"wp:attachment":[{"href":"https:\/\/drandremansano.com.br\/index.php\/wp-json\/wp\/v2\/media?parent=1063"}],"curies":[{"name":"wp","href":"https:\/\/api.w.org\/{rel}","templated":true}]}}