{"id":1008,"date":"2021-01-18T13:44:16","date_gmt":"2021-01-18T13:44:16","guid":{"rendered":"https:\/\/novo2.drandremansano.com.br\/a-dor-copy\/"},"modified":"2021-01-18T13:44:16","modified_gmt":"2021-01-18T13:44:16","slug":"bloqueios-diagnosticos","status":"publish","type":"page","link":"https:\/\/drandremansano.com.br\/index.php\/bloqueios-diagnosticos\/","title":{"rendered":"Bloqueios diagn\u00f3sticos"},"content":{"rendered":"\t\t<div data-elementor-type=\"wp-page\" data-elementor-id=\"1008\" class=\"elementor elementor-1008\">\n\t\t\t\t\t\t<section class=\"elementor-section elementor-top-section elementor-element elementor-element-55f208f2 elementor-section-boxed elementor-section-height-default elementor-section-height-default wpr-particle-no wpr-jarallax-no wpr-parallax-no wpr-sticky-section-no wpr-column-slider-no wpr-equal-height-no\" data-id=\"55f208f2\" data-element_type=\"section\" data-settings=\"{&quot;background_background&quot;:&quot;classic&quot;}\">\n\t\t\t\t\t\t<div class=\"elementor-container elementor-column-gap-default\">\n\t\t\t\t\t<div class=\"elementor-column elementor-col-50 elementor-top-column elementor-element elementor-element-473e89e9\" data-id=\"473e89e9\" data-element_type=\"column\">\n\t\t\t<div class=\"elementor-widget-wrap elementor-element-populated\">\n\t\t\t\t\t\t<div class=\"elementor-element elementor-element-2cdf88ed elementor-widget elementor-widget-image\" data-id=\"2cdf88ed\" data-element_type=\"widget\" data-widget_type=\"image.default\">\n\t\t\t\t<div class=\"elementor-widget-container\">\n\t\t\t\t\t\t\t\t\t\t\t\t\t<img decoding=\"async\" width=\"79\" height=\"82\" src=\"https:\/\/drandremansano.com.br\/wp-content\/uploads\/2021\/02\/a-dor-1.png\" class=\"attachment-large size-large wp-image-1643\" alt=\"\" \/>\t\t\t\t\t\t\t\t\t\t\t\t\t<\/div>\n\t\t\t\t<\/div>\n\t\t\t\t\t<\/div>\n\t\t<\/div>\n\t\t\t\t<div class=\"elementor-column elementor-col-50 elementor-top-column elementor-element elementor-element-1515bf32\" data-id=\"1515bf32\" data-element_type=\"column\">\n\t\t\t<div class=\"elementor-widget-wrap elementor-element-populated\">\n\t\t\t\t\t\t<div class=\"elementor-element elementor-element-3b4bee70 elementor-widget elementor-widget-heading\" data-id=\"3b4bee70\" data-element_type=\"widget\" data-widget_type=\"heading.default\">\n\t\t\t\t<div class=\"elementor-widget-container\">\n\t\t\t<h2 class=\"elementor-heading-title elementor-size-default\">bloqueios diagn\u00f3sticos<\/h2>\t\t<\/div>\n\t\t\t\t<\/div>\n\t\t\t\t\t<\/div>\n\t\t<\/div>\n\t\t\t\t\t<\/div>\n\t\t<\/section>\n\t\t\t\t<section class=\"elementor-section elementor-top-section elementor-element elementor-element-7a1735ec elementor-section-boxed elementor-section-height-default elementor-section-height-default wpr-particle-no wpr-jarallax-no wpr-parallax-no wpr-sticky-section-no wpr-column-slider-no wpr-equal-height-no\" data-id=\"7a1735ec\" data-element_type=\"section\">\n\t\t\t\t\t\t\t<div class=\"elementor-background-overlay\"><\/div>\n\t\t\t\t\t\t\t<div class=\"elementor-container elementor-column-gap-default\">\n\t\t\t\t\t<div class=\"elementor-column elementor-col-100 elementor-top-column elementor-element elementor-element-7a8488cd\" data-id=\"7a8488cd\" data-element_type=\"column\">\n\t\t\t<div class=\"elementor-widget-wrap elementor-element-populated\">\n\t\t\t\t\t\t<div class=\"elementor-element elementor-element-2cbfd01d elementor-widget-divider--view-line elementor-widget elementor-widget-divider\" data-id=\"2cbfd01d\" data-element_type=\"widget\" data-widget_type=\"divider.default\">\n\t\t\t\t<div class=\"elementor-widget-container\">\n\t\t\t\t\t<div class=\"elementor-divider\">\n\t\t\t<span class=\"elementor-divider-separator\">\n\t\t\t\t\t\t<\/span>\n\t\t<\/div>\n\t\t\t\t<\/div>\n\t\t\t\t<\/div>\n\t\t\t\t<div class=\"elementor-element elementor-element-62b4c02 elementor-widget elementor-widget-heading\" data-id=\"62b4c02\" data-element_type=\"widget\" data-widget_type=\"heading.default\">\n\t\t\t\t<div class=\"elementor-widget-container\">\n\t\t\t<h2 class=\"elementor-heading-title elementor-size-default\">A IMPORT\u00c2NCIA DOS BLOQUEIOS DIAGN\u00d3STICOS\n<\/h2>\t\t<\/div>\n\t\t\t\t<\/div>\n\t\t\t\t<div class=\"elementor-element elementor-element-26c6d91 elementor-widget elementor-widget-text-editor\" data-id=\"26c6d91\" data-element_type=\"widget\" data-widget_type=\"text-editor.default\">\n\t\t\t\t<div class=\"elementor-widget-container\">\n\t\t\t\t\t\t\t<p>Os \u201cbloqueios diagn\u00f3sticos\u201d t\u00eam sido cada vez mais empregados na medicina intervencionista da dor, aumentando significativamente a precis\u00e3o em descobrir a real fonte de dor do paciente.<\/p>\t\t\t\t\t\t<\/div>\n\t\t\t\t<\/div>\n\t\t\t\t<div class=\"elementor-element elementor-element-f841081 elementor-widget elementor-widget-heading\" data-id=\"f841081\" data-element_type=\"widget\" data-widget_type=\"heading.default\">\n\t\t\t\t<div class=\"elementor-widget-container\">\n\t\t\t<h2 class=\"elementor-heading-title elementor-size-default\">QUAIS S\u00c3O AS INDICA\u00c7\u00d5ES DO PROCEDIMENTO?\n<\/h2>\t\t<\/div>\n\t\t\t\t<\/div>\n\t\t\t\t<div class=\"elementor-element elementor-element-71648e1 elementor-widget elementor-widget-text-editor\" data-id=\"71648e1\" data-element_type=\"widget\" data-widget_type=\"text-editor.default\">\n\t\t\t\t<div class=\"elementor-widget-container\">\n\t\t\t\t\t\t\t<p><span style=\"font-weight: 400;\">O bloqueio diagn\u00f3stico consiste na inje\u00e7\u00e3o de pequenas quantidades de anest\u00e9sicos nas estruturas que o m\u00e9dico suspeita ser causa de dor. Caso o paciente apresente melhora ap\u00f3s a infiltra\u00e7\u00e3o, podemos ter certeza de que a dor realmente era originada daquela estrutura. <\/span><\/p>\t\t\t\t\t\t<\/div>\n\t\t\t\t<\/div>\n\t\t\t\t<div class=\"elementor-element elementor-element-4ded9fc elementor-widget elementor-widget-heading\" data-id=\"4ded9fc\" data-element_type=\"widget\" data-widget_type=\"heading.default\">\n\t\t\t\t<div class=\"elementor-widget-container\">\n\t\t\t<h2 class=\"elementor-heading-title elementor-size-default\">COMO S\u00c3O FEITOS OS  \u201cBLOQUEIOS DIAGN\u00d3STICOS\u201d?<\/h2>\t\t<\/div>\n\t\t\t\t<\/div>\n\t\t\t\t<div class=\"elementor-element elementor-element-50a4054 elementor-widget elementor-widget-text-editor\" data-id=\"50a4054\" data-element_type=\"widget\" data-widget_type=\"text-editor.default\">\n\t\t\t\t<div class=\"elementor-widget-container\">\n\t\t\t\t\t\t\t<p><span style=\"font-weight: 400;\">Os bloqueios diagn\u00f3sticos devem SEMPRE ser realizados guiados por algum m\u00e9todo de imagem, para que possamos ter certeza que a infiltra\u00e7\u00e3o seja realizada no local certo. Os principais m\u00e9todos de imagem utilizados atualmente s\u00e3o a fluoroscopia (raio-x cont\u00ednuo) e a ultrassonografia.<\/span><\/p>\t\t\t\t\t\t<\/div>\n\t\t\t\t<\/div>\n\t\t\t\t<div class=\"elementor-element elementor-element-e0f876f elementor-widget elementor-widget-heading\" data-id=\"e0f876f\" data-element_type=\"widget\" data-widget_type=\"heading.default\">\n\t\t\t\t<div class=\"elementor-widget-container\">\n\t\t\t<h2 class=\"elementor-heading-title elementor-size-default\">QUAL A IMPORT\u00c2NCIA DOS BLOQUEIOS DIAGN\u00d3STICOS?<\/h2>\t\t<\/div>\n\t\t\t\t<\/div>\n\t\t\t\t<div class=\"elementor-element elementor-element-a03a65d elementor-widget elementor-widget-text-editor\" data-id=\"a03a65d\" data-element_type=\"widget\" data-widget_type=\"text-editor.default\">\n\t\t\t\t<div class=\"elementor-widget-container\">\n\t\t\t\t\t\t\t<p><span style=\"font-weight: 400;\">Os bloqueios diagn\u00f3sticos s\u00e3o parte fundamental do tratamento intervencionistas da dor. As estruturas que podem causar dor s\u00e3o in\u00fameras e, muitas vezes, o exame cl\u00ednico e os exames de imagem falham em determinar a real origem da dor. \u00c9 a\u00ed que entra o bloqueio diagn\u00f3stico, aumentando a precis\u00e3o em estabelecer a real causa da dor.<\/span><\/p>\t\t\t\t\t\t<\/div>\n\t\t\t\t<\/div>\n\t\t\t\t\t<\/div>\n\t\t<\/div>\n\t\t\t\t\t<\/div>\n\t\t<\/section>\n\t\t\t\t<\/div>\n\t\t","protected":false},"excerpt":{"rendered":"<p>bloqueios diagn\u00f3sticos A IMPORT\u00c2NCIA DOS BLOQUEIOS DIAGN\u00d3STICOS Os \u201cbloqueios diagn\u00f3sticos\u201d t\u00eam sido cada vez mais empregados na medicina intervencionista da dor, aumentando significativamente a precis\u00e3o em descobrir a real fonte de dor do paciente. QUAIS S\u00c3O AS INDICA\u00c7\u00d5ES DO PROCEDIMENTO? O bloqueio diagn\u00f3stico consiste na inje\u00e7\u00e3o de pequenas quantidades de anest\u00e9sicos nas estruturas que o m\u00e9dico suspeita ser causa de dor. Caso o paciente apresente melhora ap\u00f3s a infiltra\u00e7\u00e3o, podemos ter certeza de que a dor realmente era originada daquela estrutura. COMO S\u00c3O FEITOS OS \u201cBLOQUEIOS DIAGN\u00d3STICOS\u201d? Os bloqueios diagn\u00f3sticos devem SEMPRE ser realizados guiados por algum m\u00e9todo de imagem, para que possamos ter certeza que a infiltra\u00e7\u00e3o seja realizada no local certo. Os principais m\u00e9todos de imagem utilizados atualmente s\u00e3o a fluoroscopia (raio-x cont\u00ednuo) e a ultrassonografia. QUAL A IMPORT\u00c2NCIA DOS BLOQUEIOS DIAGN\u00d3STICOS? Os bloqueios diagn\u00f3sticos s\u00e3o parte fundamental do tratamento intervencionistas da dor. As estruturas que podem causar dor s\u00e3o in\u00fameras e, muitas vezes, o exame cl\u00ednico e os exames de imagem falham em determinar a real origem da dor. \u00c9 a\u00ed que entra o bloqueio diagn\u00f3stico, aumentando a precis\u00e3o em estabelecer a real causa da dor.<\/p>\n","protected":false},"author":1,"featured_media":0,"parent":0,"menu_order":0,"comment_status":"closed","ping_status":"closed","template":"elementor_header_footer","meta":{"_joinchat":[],"footnotes":""},"class_list":["post-1008","page","type-page","status-publish","hentry"],"_links":{"self":[{"href":"https:\/\/drandremansano.com.br\/index.php\/wp-json\/wp\/v2\/pages\/1008"}],"collection":[{"href":"https:\/\/drandremansano.com.br\/index.php\/wp-json\/wp\/v2\/pages"}],"about":[{"href":"https:\/\/drandremansano.com.br\/index.php\/wp-json\/wp\/v2\/types\/page"}],"author":[{"embeddable":true,"href":"https:\/\/drandremansano.com.br\/index.php\/wp-json\/wp\/v2\/users\/1"}],"replies":[{"embeddable":true,"href":"https:\/\/drandremansano.com.br\/index.php\/wp-json\/wp\/v2\/comments?post=1008"}],"version-history":[{"count":0,"href":"https:\/\/drandremansano.com.br\/index.php\/wp-json\/wp\/v2\/pages\/1008\/revisions"}],"wp:attachment":[{"href":"https:\/\/drandremansano.com.br\/index.php\/wp-json\/wp\/v2\/media?parent=1008"}],"curies":[{"name":"wp","href":"https:\/\/api.w.org\/{rel}","templated":true}]}}